{"id":73509,"date":"2026-01-04T18:21:28","date_gmt":"2026-01-04T18:21:28","guid":{"rendered":"https:\/\/mitjavilaslowshop.com\/producte\/arros-integral-eco\/"},"modified":"2026-04-05T02:00:06","modified_gmt":"2026-04-05T02:00:06","slug":"arros-integral-eco","status":"publish","type":"product","link":"https:\/\/mitjavilaslowshop.com\/es\/producte\/arros-integral-eco\/","title":{"rendered":"ARROS INTEGRAL ECO"},"content":{"rendered":"<p>El nostre arr\u00f2s integral ecol\u00f2gic \u00e9s una font excel\u00b7lent de fibra, minerals i energia saludable. Cultivat de manera sostenible i sense additius, \u00e9s ideal per a plats equilibrats i receptes mediterr\u00e0nies. Gaudeix d\u2019un producte vers\u00e0til, perfecte per amanides, guisats o com a base per plats vegetarians.<br \/>\nTemps de cocci\u00f3: 45min<br \/>\nOrigen: Delta de l&#8217;Ebre<\/p>\n","protected":false},"excerpt":{"rendered":"<p>El nostre arr\u00f2s integral ecol\u00f2gic \u00e9s una font excel\u00b7lent de fibra, minerals i energia saludable. Cultivat de manera sostenible i sense additius, \u00e9s ideal per a plats equilibrats i receptes mediterr\u00e0nies. Gaudeix d\u2019un producte vers\u00e0til, perfecte per amanides, guisats o com a base per plats vegetarians.<br \/>\nTemps de cocci\u00f3: 45min<br \/>\nOrigen: Delta de l&#8217;Ebre<\/p>\n","protected":false},"featured_media":73510,"comment_status":"open","ping_status":"closed","template":"","meta":{"_acf_changed":false,"_joinchat":[]},"product_brand":[440,572,573],"product_cat":[357],"product_tag":[],"class_list":{"0":"post-73509","1":"product","2":"type-product","3":"status-publish","4":"has-post-thumbnail","6":"product_brand-ecologic","7":"product_brand-gourmet","8":"product_brand-vega","9":"product_cat-arroz-y-cereales","10":"categoria-per-dieta-ecologic","11":"categoria-per-dieta-gourmet","12":"categoria-per-dieta-vega","14":"first","15":"instock","16":"taxable","17":"shipping-taxable","18":"purchasable","19":"product-type-variable"},"acf":[],"_links":{"self":[{"href":"https:\/\/mitjavilaslowshop.com\/es\/wp-json\/wp\/v2\/product\/73509","targetHints":{"allow":["GET"]}}],"collection":[{"href":"https:\/\/mitjavilaslowshop.com\/es\/wp-json\/wp\/v2\/product"}],"about":[{"href":"https:\/\/mitjavilaslowshop.com\/es\/wp-json\/wp\/v2\/types\/product"}],"replies":[{"embeddable":true,"href":"https:\/\/mitjavilaslowshop.com\/es\/wp-json\/wp\/v2\/comments?post=73509"}],"version-history":[{"count":8,"href":"https:\/\/mitjavilaslowshop.com\/es\/wp-json\/wp\/v2\/product\/73509\/revisions"}],"predecessor-version":[{"id":89692,"href":"https:\/\/mitjavilaslowshop.com\/es\/wp-json\/wp\/v2\/product\/73509\/revisions\/89692"}],"wp:featuredmedia":[{"embeddable":true,"href":"https:\/\/mitjavilaslowshop.com\/es\/wp-json\/wp\/v2\/media\/73510"}],"wp:attachment":[{"href":"https:\/\/mitjavilaslowshop.com\/es\/wp-json\/wp\/v2\/media?parent=73509"}],"wp:term":[{"taxonomy":"product_brand","embeddable":true,"href":"https:\/\/mitjavilaslowshop.com\/es\/wp-json\/wp\/v2\/product_brand?post=73509"},{"taxonomy":"product_cat","embeddable":true,"href":"https:\/\/mitjavilaslowshop.com\/es\/wp-json\/wp\/v2\/product_cat?post=73509"},{"taxonomy":"product_tag","embeddable":true,"href":"https:\/\/mitjavilaslowshop.com\/es\/wp-json\/wp\/v2\/product_tag?post=73509"}],"curies":[{"name":"wp","href":"https:\/\/api.w.org\/{rel}","templated":true}]}}