{"id":73493,"date":"2026-01-04T18:21:30","date_gmt":"2026-01-04T18:21:30","guid":{"rendered":"https:\/\/mitjavilaslowshop.com\/producte\/arros-basmati-blanc-eco\/"},"modified":"2026-03-17T13:51:44","modified_gmt":"2026-03-17T13:51:44","slug":"arroz-basmati-blanco-ecologico","status":"publish","type":"product","link":"https:\/\/mitjavilaslowshop.com\/es\/producte\/arroz-basmati-blanco-ecologico\/","title":{"rendered":"ARROZ BASMATI BLANCO ECOL\u00d3GICO"},"content":{"rendered":"<p>El arroz basmati blanco ecol\u00f3gico destaca por su grano largo, aroma suave y textura ligera. Cultivado de manera sostenible y sin aditivos, es perfecto para recetas asi\u00e1ticas, acompa\u00f1amientos saludables y platos mediterr\u00e1neos.<\/p>\n<p> Tiempo de cocci\u00f3n: 20 minutos<br \/> Origen: Italia<\/p>\n","protected":false},"excerpt":{"rendered":"<p>El arroz basmati blanco ecol\u00f3gico destaca por su grano largo, aroma suave y textura ligera. Cultivado de manera sostenible y sin aditivos, es perfecto para recetas asi\u00e1ticas, acompa\u00f1amientos saludables y platos mediterr\u00e1neos. Tiempo de cocci\u00f3n: 20 minutos Origen: Italia<\/p>\n","protected":false},"featured_media":73494,"comment_status":"open","ping_status":"closed","template":"","meta":{"_acf_changed":false,"_joinchat":[]},"product_brand":[440,572,573],"product_cat":[357],"product_tag":[],"class_list":{"0":"post-73493","1":"product","2":"type-product","3":"status-publish","4":"has-post-thumbnail","6":"product_brand-ecologic","7":"product_brand-gourmet","8":"product_brand-vega","9":"product_cat-arroz-y-cereales","10":"categoria-per-dieta-ecologic","11":"categoria-per-dieta-gourmet","12":"categoria-per-dieta-vega","14":"first","15":"instock","16":"taxable","17":"shipping-taxable","18":"purchasable","19":"product-type-variable","20":"has-default-attributes"},"acf":[],"_links":{"self":[{"href":"https:\/\/mitjavilaslowshop.com\/es\/wp-json\/wp\/v2\/product\/73493","targetHints":{"allow":["GET"]}}],"collection":[{"href":"https:\/\/mitjavilaslowshop.com\/es\/wp-json\/wp\/v2\/product"}],"about":[{"href":"https:\/\/mitjavilaslowshop.com\/es\/wp-json\/wp\/v2\/types\/product"}],"replies":[{"embeddable":true,"href":"https:\/\/mitjavilaslowshop.com\/es\/wp-json\/wp\/v2\/comments?post=73493"}],"version-history":[{"count":6,"href":"https:\/\/mitjavilaslowshop.com\/es\/wp-json\/wp\/v2\/product\/73493\/revisions"}],"predecessor-version":[{"id":81810,"href":"https:\/\/mitjavilaslowshop.com\/es\/wp-json\/wp\/v2\/product\/73493\/revisions\/81810"}],"wp:featuredmedia":[{"embeddable":true,"href":"https:\/\/mitjavilaslowshop.com\/es\/wp-json\/wp\/v2\/media\/73494"}],"wp:attachment":[{"href":"https:\/\/mitjavilaslowshop.com\/es\/wp-json\/wp\/v2\/media?parent=73493"}],"wp:term":[{"taxonomy":"product_brand","embeddable":true,"href":"https:\/\/mitjavilaslowshop.com\/es\/wp-json\/wp\/v2\/product_brand?post=73493"},{"taxonomy":"product_cat","embeddable":true,"href":"https:\/\/mitjavilaslowshop.com\/es\/wp-json\/wp\/v2\/product_cat?post=73493"},{"taxonomy":"product_tag","embeddable":true,"href":"https:\/\/mitjavilaslowshop.com\/es\/wp-json\/wp\/v2\/product_tag?post=73493"}],"curies":[{"name":"wp","href":"https:\/\/api.w.org\/{rel}","templated":true}]}}