{"id":73465,"date":"2026-01-04T18:21:34","date_gmt":"2026-01-04T18:21:34","guid":{"rendered":"https:\/\/mitjavilaslowshop.com\/producte\/arros-jazmin\/"},"modified":"2026-03-17T13:51:41","modified_gmt":"2026-03-17T13:51:41","slug":"arroz-jazmin","status":"publish","type":"product","link":"https:\/\/mitjavilaslowshop.com\/es\/producte\/arroz-jazmin\/","title":{"rendered":"ARROZ JAZM\u00cdN"},"content":{"rendered":"<p>El arroz jazm\u00edn es un grano largo y fragante, perfecto para platos asi\u00e1ticos, acompa\u00f1amientos ligeros y recetas saludables. Su textura suave y aroma floral lo convierten en un producto natural de primera calidad.<\/p>\n<p> M\u00e9todo de cocci\u00f3n: al vapor<\/p>\n<p> Procedencia: Tailandia<\/p>\n","protected":false},"excerpt":{"rendered":"<p>El arroz jazm\u00edn es un grano largo y fragante, perfecto para platos asi\u00e1ticos, acompa\u00f1amientos ligeros y recetas saludables. Su textura suave y aroma floral lo convierten en un producto natural de primera calidad. M\u00e9todo de cocci\u00f3n: al vapor Procedencia: Tailandia<\/p>\n","protected":false},"featured_media":73466,"comment_status":"open","ping_status":"closed","template":"","meta":{"_acf_changed":false,"_joinchat":[]},"product_brand":[440,572,573],"product_cat":[357],"product_tag":[],"class_list":{"0":"post-73465","1":"product","2":"type-product","3":"status-publish","4":"has-post-thumbnail","6":"product_brand-ecologic","7":"product_brand-gourmet","8":"product_brand-vega","9":"product_cat-arroz-y-cereales","10":"categoria-per-dieta-ecologic","11":"categoria-per-dieta-gourmet","12":"categoria-per-dieta-vega","14":"first","15":"instock","16":"taxable","17":"shipping-taxable","18":"purchasable","19":"product-type-variable","20":"has-default-attributes"},"acf":[],"_links":{"self":[{"href":"https:\/\/mitjavilaslowshop.com\/es\/wp-json\/wp\/v2\/product\/73465","targetHints":{"allow":["GET"]}}],"collection":[{"href":"https:\/\/mitjavilaslowshop.com\/es\/wp-json\/wp\/v2\/product"}],"about":[{"href":"https:\/\/mitjavilaslowshop.com\/es\/wp-json\/wp\/v2\/types\/product"}],"replies":[{"embeddable":true,"href":"https:\/\/mitjavilaslowshop.com\/es\/wp-json\/wp\/v2\/comments?post=73465"}],"version-history":[{"count":6,"href":"https:\/\/mitjavilaslowshop.com\/es\/wp-json\/wp\/v2\/product\/73465\/revisions"}],"predecessor-version":[{"id":81803,"href":"https:\/\/mitjavilaslowshop.com\/es\/wp-json\/wp\/v2\/product\/73465\/revisions\/81803"}],"wp:featuredmedia":[{"embeddable":true,"href":"https:\/\/mitjavilaslowshop.com\/es\/wp-json\/wp\/v2\/media\/73466"}],"wp:attachment":[{"href":"https:\/\/mitjavilaslowshop.com\/es\/wp-json\/wp\/v2\/media?parent=73465"}],"wp:term":[{"taxonomy":"product_brand","embeddable":true,"href":"https:\/\/mitjavilaslowshop.com\/es\/wp-json\/wp\/v2\/product_brand?post=73465"},{"taxonomy":"product_cat","embeddable":true,"href":"https:\/\/mitjavilaslowshop.com\/es\/wp-json\/wp\/v2\/product_cat?post=73465"},{"taxonomy":"product_tag","embeddable":true,"href":"https:\/\/mitjavilaslowshop.com\/es\/wp-json\/wp\/v2\/product_tag?post=73465"}],"curies":[{"name":"wp","href":"https:\/\/api.w.org\/{rel}","templated":true}]}}