{"id":73457,"date":"2026-01-04T18:21:35","date_gmt":"2026-01-04T18:21:35","guid":{"rendered":"https:\/\/mitjavilaslowshop.com\/producte\/arros-vaporitzat-llarg\/"},"modified":"2026-03-17T13:51:41","modified_gmt":"2026-03-17T13:51:41","slug":"arroz-largo-vaporizado","status":"publish","type":"product","link":"https:\/\/mitjavilaslowshop.com\/es\/producte\/arroz-largo-vaporizado\/","title":{"rendered":"ARROZ LARGO VAPORIZADO"},"content":{"rendered":"<p>El arroz vaporizado de grano largo es perfecto para preparar platos saludables y balanceados. Su proceso de vaporizaci\u00f3n permite conservar m\u00e1s nutrientes y obtener un grano suelto que no se pega. Ideal para ensaladas, acompa\u00f1amientos y recetas mediterr\u00e1neas.<\/p>\n<p> Tiempo de cocci\u00f3n: 12-18 minutos<br \/> Origen: Extremadura<\/p>\n","protected":false},"excerpt":{"rendered":"<p>El arroz vaporizado de grano largo es perfecto para preparar platos saludables y balanceados. Su proceso de vaporizaci\u00f3n permite conservar m\u00e1s nutrientes y obtener un grano suelto que no se pega. Ideal para ensaladas, acompa\u00f1amientos y recetas mediterr\u00e1neas. Tiempo de cocci\u00f3n: 12-18 minutos Origen: Extremadura<\/p>\n","protected":false},"featured_media":73458,"comment_status":"open","ping_status":"closed","template":"","meta":{"_acf_changed":false,"_joinchat":[]},"product_brand":[440,572,573],"product_cat":[357],"product_tag":[],"class_list":{"0":"post-73457","1":"product","2":"type-product","3":"status-publish","4":"has-post-thumbnail","6":"product_brand-ecologic","7":"product_brand-gourmet","8":"product_brand-vega","9":"product_cat-arroz-y-cereales","10":"categoria-per-dieta-ecologic","11":"categoria-per-dieta-gourmet","12":"categoria-per-dieta-vega","14":"first","15":"instock","16":"taxable","17":"shipping-taxable","18":"purchasable","19":"product-type-variable","20":"has-default-attributes"},"acf":[],"_links":{"self":[{"href":"https:\/\/mitjavilaslowshop.com\/es\/wp-json\/wp\/v2\/product\/73457","targetHints":{"allow":["GET"]}}],"collection":[{"href":"https:\/\/mitjavilaslowshop.com\/es\/wp-json\/wp\/v2\/product"}],"about":[{"href":"https:\/\/mitjavilaslowshop.com\/es\/wp-json\/wp\/v2\/types\/product"}],"replies":[{"embeddable":true,"href":"https:\/\/mitjavilaslowshop.com\/es\/wp-json\/wp\/v2\/comments?post=73457"}],"version-history":[{"count":6,"href":"https:\/\/mitjavilaslowshop.com\/es\/wp-json\/wp\/v2\/product\/73457\/revisions"}],"predecessor-version":[{"id":81801,"href":"https:\/\/mitjavilaslowshop.com\/es\/wp-json\/wp\/v2\/product\/73457\/revisions\/81801"}],"wp:featuredmedia":[{"embeddable":true,"href":"https:\/\/mitjavilaslowshop.com\/es\/wp-json\/wp\/v2\/media\/73458"}],"wp:attachment":[{"href":"https:\/\/mitjavilaslowshop.com\/es\/wp-json\/wp\/v2\/media?parent=73457"}],"wp:term":[{"taxonomy":"product_brand","embeddable":true,"href":"https:\/\/mitjavilaslowshop.com\/es\/wp-json\/wp\/v2\/product_brand?post=73457"},{"taxonomy":"product_cat","embeddable":true,"href":"https:\/\/mitjavilaslowshop.com\/es\/wp-json\/wp\/v2\/product_cat?post=73457"},{"taxonomy":"product_tag","embeddable":true,"href":"https:\/\/mitjavilaslowshop.com\/es\/wp-json\/wp\/v2\/product_tag?post=73457"}],"curies":[{"name":"wp","href":"https:\/\/api.w.org\/{rel}","templated":true}]}}