{"id":73437,"date":"2026-01-04T18:21:38","date_gmt":"2026-01-04T18:21:38","guid":{"rendered":"https:\/\/mitjavilaslowshop.com\/producte\/risotto-de-rossinyols-esparrecs-i-olives\/"},"modified":"2026-03-26T09:47:30","modified_gmt":"2026-03-26T09:47:30","slug":"risotto-de-rebozuelos-esparragos-y-aceitunas","status":"publish","type":"product","link":"https:\/\/mitjavilaslowshop.com\/es\/producte\/risotto-de-rebozuelos-esparragos-y-aceitunas\/","title":{"rendered":"RISOTTO DE REBOZUELOS, ESP\u00c1RRAGOS Y ACEITUNAS"},"content":{"rendered":"<p>El risotto de rebozuelos, esp\u00e1rragos y aceitunas es una combinaci\u00f3n exquisita de ingredientes naturales que aportan aroma, frescura e intensidad. Elaborado con arroz Carnaroli de alta calidad, es perfecto para una cocina saludable y sofisticada.<br \/>\nContiene: Arroz, rebozuelos, esp\u00e1rragos, ajo perejil, aceitunas negras<br \/>\nOrigen: Nacional<\/p>\n","protected":false},"excerpt":{"rendered":"<p>El risotto de rebozuelos, esp\u00e1rragos y aceitunas es una combinaci\u00f3n exquisita de ingredientes naturales que aportan aroma, frescura e intensidad. Elaborado con arroz Carnaroli de alta calidad, es perfecto para una cocina saludable y sofisticada.<br \/>\nContiene: Arroz, rebozuelos, esp\u00e1rragos, ajo perejil, aceitunas negras<br \/>\nOrigen: Nacional<\/p>\n","protected":false},"featured_media":73438,"comment_status":"open","ping_status":"closed","template":"","meta":{"_acf_changed":false,"_joinchat":[]},"product_brand":[440,572,573],"product_cat":[357],"product_tag":[],"class_list":{"0":"post-73437","1":"product","2":"type-product","3":"status-publish","4":"has-post-thumbnail","6":"product_brand-ecologic","7":"product_brand-gourmet","8":"product_brand-vega","9":"product_cat-arroz-y-cereales","10":"categoria-per-dieta-ecologic","11":"categoria-per-dieta-gourmet","12":"categoria-per-dieta-vega","14":"first","15":"instock","16":"taxable","17":"shipping-taxable","18":"purchasable","19":"product-type-variable","20":"has-default-attributes"},"acf":[],"_links":{"self":[{"href":"https:\/\/mitjavilaslowshop.com\/es\/wp-json\/wp\/v2\/product\/73437","targetHints":{"allow":["GET"]}}],"collection":[{"href":"https:\/\/mitjavilaslowshop.com\/es\/wp-json\/wp\/v2\/product"}],"about":[{"href":"https:\/\/mitjavilaslowshop.com\/es\/wp-json\/wp\/v2\/types\/product"}],"replies":[{"embeddable":true,"href":"https:\/\/mitjavilaslowshop.com\/es\/wp-json\/wp\/v2\/comments?post=73437"}],"version-history":[{"count":7,"href":"https:\/\/mitjavilaslowshop.com\/es\/wp-json\/wp\/v2\/product\/73437\/revisions"}],"predecessor-version":[{"id":84779,"href":"https:\/\/mitjavilaslowshop.com\/es\/wp-json\/wp\/v2\/product\/73437\/revisions\/84779"}],"wp:featuredmedia":[{"embeddable":true,"href":"https:\/\/mitjavilaslowshop.com\/es\/wp-json\/wp\/v2\/media\/73438"}],"wp:attachment":[{"href":"https:\/\/mitjavilaslowshop.com\/es\/wp-json\/wp\/v2\/media?parent=73437"}],"wp:term":[{"taxonomy":"product_brand","embeddable":true,"href":"https:\/\/mitjavilaslowshop.com\/es\/wp-json\/wp\/v2\/product_brand?post=73437"},{"taxonomy":"product_cat","embeddable":true,"href":"https:\/\/mitjavilaslowshop.com\/es\/wp-json\/wp\/v2\/product_cat?post=73437"},{"taxonomy":"product_tag","embeddable":true,"href":"https:\/\/mitjavilaslowshop.com\/es\/wp-json\/wp\/v2\/product_tag?post=73437"}],"curies":[{"name":"wp","href":"https:\/\/api.w.org\/{rel}","templated":true}]}}