{"id":73433,"date":"2026-01-04T18:21:39","date_gmt":"2026-01-04T18:21:39","guid":{"rendered":"https:\/\/mitjavilaslowshop.com\/producte\/cous-cous-eco\/"},"modified":"2026-03-26T09:56:40","modified_gmt":"2026-03-26T09:56:40","slug":"cous-cous-ecologico","status":"publish","type":"product","link":"https:\/\/mitjavilaslowshop.com\/es\/producte\/cous-cous-ecologico\/","title":{"rendered":"COUS COUS ECOL\u00d3GICO"},"content":{"rendered":"<p>Coloca aproximadamente 60 g de cusc\u00fas por porci\u00f3n en un recipiente. A\u00f1ade la misma cantidad de agua caliente o caldo vegetal, cubre y deja reposar entre 5 y 10 minutos. Incorpora un poco de aceite y mezcla, desgranando con un tenedor.<br \/>\nOrigen: Francia<br \/>\nProducto ecol\u00f3gico<\/p>\n","protected":false},"excerpt":{"rendered":"<p>Coloca aproximadamente 60 g de cusc\u00fas por porci\u00f3n en un recipiente. A\u00f1ade la misma cantidad de agua caliente o caldo vegetal, cubre y deja reposar entre 5 y 10 minutos. Incorpora un poco de aceite y mezcla, desgranando con un tenedor.<br \/>\nOrigen: Francia<br \/>\nProducto ecol\u00f3gico<\/p>\n","protected":false},"featured_media":73434,"comment_status":"open","ping_status":"closed","template":"","meta":{"_acf_changed":false,"_joinchat":[]},"product_brand":[440,572,573],"product_cat":[357],"product_tag":[],"class_list":{"0":"post-73433","1":"product","2":"type-product","3":"status-publish","4":"has-post-thumbnail","6":"product_brand-ecologic","7":"product_brand-gourmet","8":"product_brand-vega","9":"product_cat-arroz-y-cereales","10":"categoria-per-dieta-ecologic","11":"categoria-per-dieta-gourmet","12":"categoria-per-dieta-vega","14":"first","15":"instock","16":"taxable","17":"shipping-taxable","18":"purchasable","19":"product-type-variable","20":"has-default-attributes"},"acf":[],"_links":{"self":[{"href":"https:\/\/mitjavilaslowshop.com\/es\/wp-json\/wp\/v2\/product\/73433","targetHints":{"allow":["GET"]}}],"collection":[{"href":"https:\/\/mitjavilaslowshop.com\/es\/wp-json\/wp\/v2\/product"}],"about":[{"href":"https:\/\/mitjavilaslowshop.com\/es\/wp-json\/wp\/v2\/types\/product"}],"replies":[{"embeddable":true,"href":"https:\/\/mitjavilaslowshop.com\/es\/wp-json\/wp\/v2\/comments?post=73433"}],"version-history":[{"count":7,"href":"https:\/\/mitjavilaslowshop.com\/es\/wp-json\/wp\/v2\/product\/73433\/revisions"}],"predecessor-version":[{"id":84784,"href":"https:\/\/mitjavilaslowshop.com\/es\/wp-json\/wp\/v2\/product\/73433\/revisions\/84784"}],"wp:featuredmedia":[{"embeddable":true,"href":"https:\/\/mitjavilaslowshop.com\/es\/wp-json\/wp\/v2\/media\/73434"}],"wp:attachment":[{"href":"https:\/\/mitjavilaslowshop.com\/es\/wp-json\/wp\/v2\/media?parent=73433"}],"wp:term":[{"taxonomy":"product_brand","embeddable":true,"href":"https:\/\/mitjavilaslowshop.com\/es\/wp-json\/wp\/v2\/product_brand?post=73433"},{"taxonomy":"product_cat","embeddable":true,"href":"https:\/\/mitjavilaslowshop.com\/es\/wp-json\/wp\/v2\/product_cat?post=73433"},{"taxonomy":"product_tag","embeddable":true,"href":"https:\/\/mitjavilaslowshop.com\/es\/wp-json\/wp\/v2\/product_tag?post=73433"}],"curies":[{"name":"wp","href":"https:\/\/api.w.org\/{rel}","templated":true}]}}