{"id":73421,"date":"2026-01-04T18:21:40","date_gmt":"2026-01-04T18:21:40","guid":{"rendered":"https:\/\/mitjavilaslowshop.com\/producte\/cous-cous-integral-eco\/"},"modified":"2026-03-26T10:04:42","modified_gmt":"2026-03-26T10:04:42","slug":"cous-cous-integral-ecologico","status":"publish","type":"product","link":"https:\/\/mitjavilaslowshop.com\/es\/producte\/cous-cous-integral-ecologico\/","title":{"rendered":"COUS COUS INTEGRAL ECOL\u00d3GICO"},"content":{"rendered":"<p>Coloca aproximadamente 60 g de cusc\u00fas por porci\u00f3n en un recipiente. A\u00f1ade la misma cantidad de agua caliente o caldo vegetal, cubre y deja reposar entre 5 y 10 minutos. Incorpora un poco de aceite y mezcla, desgranando con un tenedor.<br \/>\nOrigen: Francia<br \/>\nProducto ecol\u00f3gico<\/p>\n","protected":false},"excerpt":{"rendered":"<p>Coloca aproximadamente 60 g de cusc\u00fas por porci\u00f3n en un recipiente. A\u00f1ade la misma cantidad de agua caliente o caldo vegetal, cubre y deja reposar entre 5 y 10 minutos. Incorpora un poco de aceite y mezcla, desgranando con un tenedor.<br \/>\nOrigen: Francia<br \/>\nProducto ecol\u00f3gico<\/p>\n","protected":false},"featured_media":73422,"comment_status":"open","ping_status":"closed","template":"","meta":{"_acf_changed":false,"_joinchat":[]},"product_brand":[440,573],"product_cat":[357],"product_tag":[],"class_list":{"0":"post-73421","1":"product","2":"type-product","3":"status-publish","4":"has-post-thumbnail","6":"product_brand-ecologic","7":"product_brand-vega","8":"product_cat-arroz-y-cereales","9":"categoria-per-dieta-ecologic","10":"categoria-per-dieta-vega","12":"first","13":"instock","14":"taxable","15":"shipping-taxable","16":"purchasable","17":"product-type-variable","18":"has-default-attributes"},"acf":[],"_links":{"self":[{"href":"https:\/\/mitjavilaslowshop.com\/es\/wp-json\/wp\/v2\/product\/73421","targetHints":{"allow":["GET"]}}],"collection":[{"href":"https:\/\/mitjavilaslowshop.com\/es\/wp-json\/wp\/v2\/product"}],"about":[{"href":"https:\/\/mitjavilaslowshop.com\/es\/wp-json\/wp\/v2\/types\/product"}],"replies":[{"embeddable":true,"href":"https:\/\/mitjavilaslowshop.com\/es\/wp-json\/wp\/v2\/comments?post=73421"}],"version-history":[{"count":7,"href":"https:\/\/mitjavilaslowshop.com\/es\/wp-json\/wp\/v2\/product\/73421\/revisions"}],"predecessor-version":[{"id":84791,"href":"https:\/\/mitjavilaslowshop.com\/es\/wp-json\/wp\/v2\/product\/73421\/revisions\/84791"}],"wp:featuredmedia":[{"embeddable":true,"href":"https:\/\/mitjavilaslowshop.com\/es\/wp-json\/wp\/v2\/media\/73422"}],"wp:attachment":[{"href":"https:\/\/mitjavilaslowshop.com\/es\/wp-json\/wp\/v2\/media?parent=73421"}],"wp:term":[{"taxonomy":"product_brand","embeddable":true,"href":"https:\/\/mitjavilaslowshop.com\/es\/wp-json\/wp\/v2\/product_brand?post=73421"},{"taxonomy":"product_cat","embeddable":true,"href":"https:\/\/mitjavilaslowshop.com\/es\/wp-json\/wp\/v2\/product_cat?post=73421"},{"taxonomy":"product_tag","embeddable":true,"href":"https:\/\/mitjavilaslowshop.com\/es\/wp-json\/wp\/v2\/product_tag?post=73421"}],"curies":[{"name":"wp","href":"https:\/\/api.w.org\/{rel}","templated":true}]}}