{"id":73413,"date":"2026-01-04T18:21:42","date_gmt":"2026-01-04T18:21:42","guid":{"rendered":"https:\/\/mitjavilaslowshop.com\/producte\/quinoa-negra-eco\/"},"modified":"2026-03-17T13:51:36","modified_gmt":"2026-03-17T13:51:36","slug":"quinoa-negra-ecologica","status":"publish","type":"product","link":"https:\/\/mitjavilaslowshop.com\/es\/producte\/quinoa-negra-ecologica\/","title":{"rendered":"QUINOA NEGRA ECOL\u00d3GICA"},"content":{"rendered":"<p>Preparaci\u00f3n: enjuague la quinoa con agua fr\u00eda. Use una proporci\u00f3n de 2 partes de agua por 1 de quinoa. Cocine a fuego medio con la olla tapada durante 15-20 minutos. Luego, deje reposar 10 minutos con el fuego apagado.<br \/> Producto ecol\u00f3gico<br \/> Origen: Sudam\u00e9rica<\/p>\n","protected":false},"excerpt":{"rendered":"<p>Preparaci\u00f3n: enjuague la quinoa con agua fr\u00eda. Use una proporci\u00f3n de 2 partes de agua por 1 de quinoa. Cocine a fuego medio con la olla tapada durante 15-20 minutos. Luego, deje reposar 10 minutos con el fuego apagado. Producto ecol\u00f3gico Origen: Sudam\u00e9rica<\/p>\n","protected":false},"featured_media":73414,"comment_status":"open","ping_status":"closed","template":"","meta":{"_acf_changed":false,"_joinchat":[]},"product_brand":[440],"product_cat":[357],"product_tag":[],"class_list":{"0":"post-73413","1":"product","2":"type-product","3":"status-publish","4":"has-post-thumbnail","6":"product_brand-ecologic","7":"product_cat-arroz-y-cereales","8":"categoria-per-dieta-ecologic","10":"first","11":"instock","12":"featured","13":"taxable","14":"shipping-taxable","15":"purchasable","16":"product-type-variable","17":"has-default-attributes"},"acf":[],"_links":{"self":[{"href":"https:\/\/mitjavilaslowshop.com\/es\/wp-json\/wp\/v2\/product\/73413","targetHints":{"allow":["GET"]}}],"collection":[{"href":"https:\/\/mitjavilaslowshop.com\/es\/wp-json\/wp\/v2\/product"}],"about":[{"href":"https:\/\/mitjavilaslowshop.com\/es\/wp-json\/wp\/v2\/types\/product"}],"replies":[{"embeddable":true,"href":"https:\/\/mitjavilaslowshop.com\/es\/wp-json\/wp\/v2\/comments?post=73413"}],"version-history":[{"count":6,"href":"https:\/\/mitjavilaslowshop.com\/es\/wp-json\/wp\/v2\/product\/73413\/revisions"}],"predecessor-version":[{"id":81790,"href":"https:\/\/mitjavilaslowshop.com\/es\/wp-json\/wp\/v2\/product\/73413\/revisions\/81790"}],"wp:featuredmedia":[{"embeddable":true,"href":"https:\/\/mitjavilaslowshop.com\/es\/wp-json\/wp\/v2\/media\/73414"}],"wp:attachment":[{"href":"https:\/\/mitjavilaslowshop.com\/es\/wp-json\/wp\/v2\/media?parent=73413"}],"wp:term":[{"taxonomy":"product_brand","embeddable":true,"href":"https:\/\/mitjavilaslowshop.com\/es\/wp-json\/wp\/v2\/product_brand?post=73413"},{"taxonomy":"product_cat","embeddable":true,"href":"https:\/\/mitjavilaslowshop.com\/es\/wp-json\/wp\/v2\/product_cat?post=73413"},{"taxonomy":"product_tag","embeddable":true,"href":"https:\/\/mitjavilaslowshop.com\/es\/wp-json\/wp\/v2\/product_tag?post=73413"}],"curies":[{"name":"wp","href":"https:\/\/api.w.org\/{rel}","templated":true}]}}