{"id":73409,"date":"2026-01-04T18:21:42","date_gmt":"2026-01-04T18:21:42","guid":{"rendered":"https:\/\/mitjavilaslowshop.com\/producte\/blat-de-moro-crispetes\/"},"modified":"2026-03-17T13:51:36","modified_gmt":"2026-03-17T13:51:36","slug":"maiz-para-palomitas","status":"publish","type":"product","link":"https:\/\/mitjavilaslowshop.com\/es\/producte\/maiz-para-palomitas\/","title":{"rendered":"MA\u00cdZ PARA PALOMITAS"},"content":{"rendered":"<p>Para preparar palomitas de ma\u00edz, a\u00f1ade unas gotas de aceite vegetal en el recipiente y agrega los granos de ma\u00edz. El aceite ayuda a suavizar la c\u00e1scara y facilita la liberaci\u00f3n del almid\u00f3n, permitiendo que los granos se abran al evaporarse la humedad interna.<br \/>Origen: Nacional<\/p>\n","protected":false},"excerpt":{"rendered":"<p>Para preparar palomitas de ma\u00edz, a\u00f1ade unas gotas de aceite vegetal en el recipiente y agrega los granos de ma\u00edz. El aceite ayuda a suavizar la c\u00e1scara y facilita la liberaci\u00f3n del almid\u00f3n, permitiendo que los granos se abran al evaporarse la humedad interna.Origen: Nacional<\/p>\n","protected":false},"featured_media":73410,"comment_status":"open","ping_status":"closed","template":"","meta":{"_acf_changed":false,"_joinchat":[]},"product_brand":[440,572],"product_cat":[357],"product_tag":[],"class_list":{"0":"post-73409","1":"product","2":"type-product","3":"status-publish","4":"has-post-thumbnail","6":"product_brand-ecologic","7":"product_brand-gourmet","8":"product_cat-arroz-y-cereales","9":"categoria-per-dieta-ecologic","10":"categoria-per-dieta-gourmet","12":"first","13":"instock","14":"taxable","15":"shipping-taxable","16":"purchasable","17":"product-type-variable"},"acf":[],"_links":{"self":[{"href":"https:\/\/mitjavilaslowshop.com\/es\/wp-json\/wp\/v2\/product\/73409","targetHints":{"allow":["GET"]}}],"collection":[{"href":"https:\/\/mitjavilaslowshop.com\/es\/wp-json\/wp\/v2\/product"}],"about":[{"href":"https:\/\/mitjavilaslowshop.com\/es\/wp-json\/wp\/v2\/types\/product"}],"replies":[{"embeddable":true,"href":"https:\/\/mitjavilaslowshop.com\/es\/wp-json\/wp\/v2\/comments?post=73409"}],"version-history":[{"count":6,"href":"https:\/\/mitjavilaslowshop.com\/es\/wp-json\/wp\/v2\/product\/73409\/revisions"}],"predecessor-version":[{"id":81789,"href":"https:\/\/mitjavilaslowshop.com\/es\/wp-json\/wp\/v2\/product\/73409\/revisions\/81789"}],"wp:featuredmedia":[{"embeddable":true,"href":"https:\/\/mitjavilaslowshop.com\/es\/wp-json\/wp\/v2\/media\/73410"}],"wp:attachment":[{"href":"https:\/\/mitjavilaslowshop.com\/es\/wp-json\/wp\/v2\/media?parent=73409"}],"wp:term":[{"taxonomy":"product_brand","embeddable":true,"href":"https:\/\/mitjavilaslowshop.com\/es\/wp-json\/wp\/v2\/product_brand?post=73409"},{"taxonomy":"product_cat","embeddable":true,"href":"https:\/\/mitjavilaslowshop.com\/es\/wp-json\/wp\/v2\/product_cat?post=73409"},{"taxonomy":"product_tag","embeddable":true,"href":"https:\/\/mitjavilaslowshop.com\/es\/wp-json\/wp\/v2\/product_tag?post=73409"}],"curies":[{"name":"wp","href":"https:\/\/api.w.org\/{rel}","templated":true}]}}