{"id":73405,"date":"2026-01-04T18:21:43","date_gmt":"2026-01-04T18:21:43","guid":{"rendered":"https:\/\/mitjavilaslowshop.com\/producte\/quinoa-vermella-eco\/"},"modified":"2026-03-17T13:51:35","modified_gmt":"2026-03-17T13:51:35","slug":"quinoa-roja-ecologica","status":"publish","type":"product","link":"https:\/\/mitjavilaslowshop.com\/es\/producte\/quinoa-roja-ecologica\/","title":{"rendered":"QUINOA ROJA ECOL\u00d3GICA"},"content":{"rendered":"<p>Preparaci\u00f3n: enjuague la quinoa con agua fr\u00eda. Use una proporci\u00f3n de 2 partes de agua por 1 de quinoa. Cocine a fuego medio con la olla tapada durante 15-20 minutos. Luego, deje reposar tapado durante 10 minutos con el fuego apagado.<\/p>\n<p> Producto ecol\u00f3gico<\/p>\n<p> Origen: Sudam\u00e9rica<\/p>\n","protected":false},"excerpt":{"rendered":"<p>Preparaci\u00f3n: enjuague la quinoa con agua fr\u00eda. Use una proporci\u00f3n de 2 partes de agua por 1 de quinoa. Cocine a fuego medio con la olla tapada durante 15-20 minutos. Luego, deje reposar tapado durante 10 minutos con el fuego apagado. Producto ecol\u00f3gico Origen: Sudam\u00e9rica<\/p>\n","protected":false},"featured_media":73406,"comment_status":"open","ping_status":"closed","template":"","meta":{"_acf_changed":false,"_joinchat":[]},"product_brand":[],"product_cat":[357],"product_tag":[],"class_list":{"0":"post-73405","1":"product","2":"type-product","3":"status-publish","4":"has-post-thumbnail","6":"product_cat-arroz-y-cereales","8":"first","9":"instock","10":"taxable","11":"shipping-taxable","12":"purchasable","13":"product-type-variable","14":"has-default-attributes"},"acf":[],"_links":{"self":[{"href":"https:\/\/mitjavilaslowshop.com\/es\/wp-json\/wp\/v2\/product\/73405","targetHints":{"allow":["GET"]}}],"collection":[{"href":"https:\/\/mitjavilaslowshop.com\/es\/wp-json\/wp\/v2\/product"}],"about":[{"href":"https:\/\/mitjavilaslowshop.com\/es\/wp-json\/wp\/v2\/types\/product"}],"replies":[{"embeddable":true,"href":"https:\/\/mitjavilaslowshop.com\/es\/wp-json\/wp\/v2\/comments?post=73405"}],"version-history":[{"count":4,"href":"https:\/\/mitjavilaslowshop.com\/es\/wp-json\/wp\/v2\/product\/73405\/revisions"}],"predecessor-version":[{"id":79439,"href":"https:\/\/mitjavilaslowshop.com\/es\/wp-json\/wp\/v2\/product\/73405\/revisions\/79439"}],"wp:featuredmedia":[{"embeddable":true,"href":"https:\/\/mitjavilaslowshop.com\/es\/wp-json\/wp\/v2\/media\/73406"}],"wp:attachment":[{"href":"https:\/\/mitjavilaslowshop.com\/es\/wp-json\/wp\/v2\/media?parent=73405"}],"wp:term":[{"taxonomy":"product_brand","embeddable":true,"href":"https:\/\/mitjavilaslowshop.com\/es\/wp-json\/wp\/v2\/product_brand?post=73405"},{"taxonomy":"product_cat","embeddable":true,"href":"https:\/\/mitjavilaslowshop.com\/es\/wp-json\/wp\/v2\/product_cat?post=73405"},{"taxonomy":"product_tag","embeddable":true,"href":"https:\/\/mitjavilaslowshop.com\/es\/wp-json\/wp\/v2\/product_tag?post=73405"}],"curies":[{"name":"wp","href":"https:\/\/api.w.org\/{rel}","templated":true}]}}