{"id":73397,"date":"2026-01-04T18:21:44","date_gmt":"2026-01-04T18:21:44","guid":{"rendered":"https:\/\/mitjavilaslowshop.com\/producte\/paccheri-arros-integral-i-curcuma-eco\/"},"modified":"2026-03-17T13:51:35","modified_gmt":"2026-03-17T13:51:35","slug":"paccheri-de-arroz-integral-y-curcuma-ecologicos","status":"publish","type":"product","link":"https:\/\/mitjavilaslowshop.com\/es\/producte\/paccheri-de-arroz-integral-y-curcuma-ecologicos\/","title":{"rendered":"PACCHERI DE ARROZ INTEGRAL Y C\u00daRCUMA ECOL\u00d3GICOS"},"content":{"rendered":"<p>El paccheri de arroz integral con c\u00farcuma ecol\u00f3gica es una pasta nutritiva e innovadora que une el sabor delicado del arroz con los beneficios antioxidantes de la c\u00farcuma. Perfecta para preparar recetas saludables y creativas, siguiendo los principios de la dieta mediterr\u00e1nea.<br \/>Origen: Italia<\/p>\n","protected":false},"excerpt":{"rendered":"<p>El paccheri de arroz integral con c\u00farcuma ecol\u00f3gica es una pasta nutritiva e innovadora que une el sabor delicado del arroz con los beneficios antioxidantes de la c\u00farcuma. Perfecta para preparar recetas saludables y creativas, siguiendo los principios de la dieta mediterr\u00e1nea.Origen: Italia<\/p>\n","protected":false},"featured_media":73398,"comment_status":"open","ping_status":"closed","template":"","meta":{"_acf_changed":false,"_joinchat":[]},"product_brand":[572],"product_cat":[355],"product_tag":[],"class_list":{"0":"post-73397","1":"product","2":"type-product","3":"status-publish","4":"has-post-thumbnail","6":"product_brand-gourmet","7":"product_cat-pasta","8":"categoria-per-dieta-gourmet","10":"first","11":"instock","12":"taxable","13":"shipping-taxable","14":"purchasable","15":"product-type-variable"},"acf":[],"_links":{"self":[{"href":"https:\/\/mitjavilaslowshop.com\/es\/wp-json\/wp\/v2\/product\/73397","targetHints":{"allow":["GET"]}}],"collection":[{"href":"https:\/\/mitjavilaslowshop.com\/es\/wp-json\/wp\/v2\/product"}],"about":[{"href":"https:\/\/mitjavilaslowshop.com\/es\/wp-json\/wp\/v2\/types\/product"}],"replies":[{"embeddable":true,"href":"https:\/\/mitjavilaslowshop.com\/es\/wp-json\/wp\/v2\/comments?post=73397"}],"version-history":[{"count":6,"href":"https:\/\/mitjavilaslowshop.com\/es\/wp-json\/wp\/v2\/product\/73397\/revisions"}],"predecessor-version":[{"id":81787,"href":"https:\/\/mitjavilaslowshop.com\/es\/wp-json\/wp\/v2\/product\/73397\/revisions\/81787"}],"wp:featuredmedia":[{"embeddable":true,"href":"https:\/\/mitjavilaslowshop.com\/es\/wp-json\/wp\/v2\/media\/73398"}],"wp:attachment":[{"href":"https:\/\/mitjavilaslowshop.com\/es\/wp-json\/wp\/v2\/media?parent=73397"}],"wp:term":[{"taxonomy":"product_brand","embeddable":true,"href":"https:\/\/mitjavilaslowshop.com\/es\/wp-json\/wp\/v2\/product_brand?post=73397"},{"taxonomy":"product_cat","embeddable":true,"href":"https:\/\/mitjavilaslowshop.com\/es\/wp-json\/wp\/v2\/product_cat?post=73397"},{"taxonomy":"product_tag","embeddable":true,"href":"https:\/\/mitjavilaslowshop.com\/es\/wp-json\/wp\/v2\/product_tag?post=73397"}],"curies":[{"name":"wp","href":"https:\/\/api.w.org\/{rel}","templated":true}]}}