{"id":73365,"date":"2026-01-04T18:21:48","date_gmt":"2026-01-04T18:21:48","guid":{"rendered":"https:\/\/mitjavilaslowshop.com\/producte\/fideua-de-muntanya\/"},"modified":"2026-03-26T17:51:09","modified_gmt":"2026-03-26T17:51:09","slug":"fideua-de-montaa","status":"publish","type":"product","link":"https:\/\/mitjavilaslowshop.com\/es\/producte\/fideua-de-montaa\/","title":{"rendered":"FIDEU\u00c1 DE MONTA\u00d1A"},"content":{"rendered":"<p>La fideu\u00e1 de monta\u00f1a, una receta inspirada en la cocina mediterr\u00e1nea que combina fideos con ingredientes seleccionados de proximidad como setas, pimiento verde, pimiento rojo, caldo de pescado, ajo y perejil. Un plato completo, sabroso e ideal para los amantes de la gastronom\u00eda aut\u00e9ntica.<br \/>\nOrigen: Nacional<\/p>\n","protected":false},"excerpt":{"rendered":"<p>La fideu\u00e1 de monta\u00f1a, una receta inspirada en la cocina mediterr\u00e1nea que combina fideos con ingredientes seleccionados de proximidad como setas, pimiento verde, pimiento rojo, caldo de pescado, ajo y perejil. Un plato completo, sabroso e ideal para los amantes de la gastronom\u00eda aut\u00e9ntica.<br \/>\nOrigen: Nacional<\/p>\n","protected":false},"featured_media":73366,"comment_status":"open","ping_status":"closed","template":"","meta":{"_acf_changed":false,"_joinchat":[]},"product_brand":[440],"product_cat":[355],"product_tag":[],"class_list":{"0":"post-73365","1":"product","2":"type-product","3":"status-publish","4":"has-post-thumbnail","6":"product_brand-ecologic","7":"product_cat-pasta","8":"categoria-per-dieta-ecologic","10":"first","11":"instock","12":"taxable","13":"shipping-taxable","14":"purchasable","15":"product-type-variable"},"acf":[],"_links":{"self":[{"href":"https:\/\/mitjavilaslowshop.com\/es\/wp-json\/wp\/v2\/product\/73365","targetHints":{"allow":["GET"]}}],"collection":[{"href":"https:\/\/mitjavilaslowshop.com\/es\/wp-json\/wp\/v2\/product"}],"about":[{"href":"https:\/\/mitjavilaslowshop.com\/es\/wp-json\/wp\/v2\/types\/product"}],"replies":[{"embeddable":true,"href":"https:\/\/mitjavilaslowshop.com\/es\/wp-json\/wp\/v2\/comments?post=73365"}],"version-history":[{"count":7,"href":"https:\/\/mitjavilaslowshop.com\/es\/wp-json\/wp\/v2\/product\/73365\/revisions"}],"predecessor-version":[{"id":86019,"href":"https:\/\/mitjavilaslowshop.com\/es\/wp-json\/wp\/v2\/product\/73365\/revisions\/86019"}],"wp:featuredmedia":[{"embeddable":true,"href":"https:\/\/mitjavilaslowshop.com\/es\/wp-json\/wp\/v2\/media\/73366"}],"wp:attachment":[{"href":"https:\/\/mitjavilaslowshop.com\/es\/wp-json\/wp\/v2\/media?parent=73365"}],"wp:term":[{"taxonomy":"product_brand","embeddable":true,"href":"https:\/\/mitjavilaslowshop.com\/es\/wp-json\/wp\/v2\/product_brand?post=73365"},{"taxonomy":"product_cat","embeddable":true,"href":"https:\/\/mitjavilaslowshop.com\/es\/wp-json\/wp\/v2\/product_cat?post=73365"},{"taxonomy":"product_tag","embeddable":true,"href":"https:\/\/mitjavilaslowshop.com\/es\/wp-json\/wp\/v2\/product_tag?post=73365"}],"curies":[{"name":"wp","href":"https:\/\/api.w.org\/{rel}","templated":true}]}}