{"id":73337,"date":"2026-01-04T18:21:53","date_gmt":"2026-01-04T18:21:53","guid":{"rendered":"https:\/\/mitjavilaslowshop.com\/producte\/espirals-tres-colors-eco\/"},"modified":"2026-03-26T16:22:06","modified_gmt":"2026-03-26T16:22:06","slug":"espirales-tres-colores-eco","status":"publish","type":"product","link":"https:\/\/mitjavilaslowshop.com\/es\/producte\/espirales-tres-colores-eco\/","title":{"rendered":"ESPIRALES TRES COLORES ECO"},"content":{"rendered":"<p>Las espirales tres colores ecol\u00f3gicas est\u00e1n elaboradas con ingredientes naturales y certificados. Una combinaci\u00f3n de pasta cl\u00e1sica con un toque de verduras que aporta color, sabor y nutrientes. Perfecta para platos creativos, ensaladas frescas o recetas mediterr\u00e1neas.<br \/>\nTiempo de cocci\u00f3n: 8min<br \/>\nOrigen: delta del Ebro<\/p>\n","protected":false},"excerpt":{"rendered":"<p>Las espirales tres colores ecol\u00f3gicas est\u00e1n elaboradas con ingredientes naturales y certificados. Una combinaci\u00f3n de pasta cl\u00e1sica con un toque de verduras que aporta color, sabor y nutrientes. Perfecta para platos creativos, ensaladas frescas o recetas mediterr\u00e1neas.<br \/>\nTiempo de cocci\u00f3n: 8min<br \/>\nOrigen: delta del Ebro<\/p>\n","protected":false},"featured_media":73338,"comment_status":"open","ping_status":"closed","template":"","meta":{"_acf_changed":false,"_joinchat":[]},"product_brand":[440],"product_cat":[355],"product_tag":[],"class_list":{"0":"post-73337","1":"product","2":"type-product","3":"status-publish","4":"has-post-thumbnail","6":"product_brand-ecologic","7":"product_cat-pasta","8":"categoria-per-dieta-ecologic","10":"first","11":"instock","12":"taxable","13":"shipping-taxable","14":"purchasable","15":"product-type-variable"},"acf":[],"_links":{"self":[{"href":"https:\/\/mitjavilaslowshop.com\/es\/wp-json\/wp\/v2\/product\/73337","targetHints":{"allow":["GET"]}}],"collection":[{"href":"https:\/\/mitjavilaslowshop.com\/es\/wp-json\/wp\/v2\/product"}],"about":[{"href":"https:\/\/mitjavilaslowshop.com\/es\/wp-json\/wp\/v2\/types\/product"}],"replies":[{"embeddable":true,"href":"https:\/\/mitjavilaslowshop.com\/es\/wp-json\/wp\/v2\/comments?post=73337"}],"version-history":[{"count":8,"href":"https:\/\/mitjavilaslowshop.com\/es\/wp-json\/wp\/v2\/product\/73337\/revisions"}],"predecessor-version":[{"id":85807,"href":"https:\/\/mitjavilaslowshop.com\/es\/wp-json\/wp\/v2\/product\/73337\/revisions\/85807"}],"wp:featuredmedia":[{"embeddable":true,"href":"https:\/\/mitjavilaslowshop.com\/es\/wp-json\/wp\/v2\/media\/73338"}],"wp:attachment":[{"href":"https:\/\/mitjavilaslowshop.com\/es\/wp-json\/wp\/v2\/media?parent=73337"}],"wp:term":[{"taxonomy":"product_brand","embeddable":true,"href":"https:\/\/mitjavilaslowshop.com\/es\/wp-json\/wp\/v2\/product_brand?post=73337"},{"taxonomy":"product_cat","embeddable":true,"href":"https:\/\/mitjavilaslowshop.com\/es\/wp-json\/wp\/v2\/product_cat?post=73337"},{"taxonomy":"product_tag","embeddable":true,"href":"https:\/\/mitjavilaslowshop.com\/es\/wp-json\/wp\/v2\/product_tag?post=73337"}],"curies":[{"name":"wp","href":"https:\/\/api.w.org\/{rel}","templated":true}]}}