{"id":73333,"date":"2026-01-04T18:21:53","date_gmt":"2026-01-04T18:21:53","guid":{"rendered":"https:\/\/mitjavilaslowshop.com\/producte\/brou-de-verdures\/"},"modified":"2026-03-26T16:16:28","modified_gmt":"2026-03-26T16:16:28","slug":"caldo-de-verduras","status":"publish","type":"product","link":"https:\/\/mitjavilaslowshop.com\/es\/producte\/caldo-de-verduras\/","title":{"rendered":"CALDO DE VERDURAS"},"content":{"rendered":"<p>El caldo de verduras deshidratado est\u00e1 hecho con ingredientes naturales, proporcionando un sabor casero aut\u00e9ntico en un formato pr\u00e1ctico y r\u00e1pido. Perfecto para sopas, arroces, guisos y recetas saludables con un toque mediterr\u00e1neo.<br \/>\n17 g por litro de agua<br \/>\nOrigen: La Rioja<\/p>\n","protected":false},"excerpt":{"rendered":"<p>El caldo de verduras deshidratado est\u00e1 elaborado con ingredientes naturales para ofrecerte todo el sabor casero en formato c\u00f3modo y r\u00e1pido. Ideal para preparar sopas, arroces, guisos y platos saludables con un toque mediterr\u00e1neo.<br \/>\n17 gr. por litro de agua<br \/>\nOrigen: La Rioja<\/p>\n","protected":false},"featured_media":73334,"comment_status":"open","ping_status":"closed","template":"","meta":{"_acf_changed":false,"_joinchat":[]},"product_brand":[440],"product_cat":[355],"product_tag":[],"class_list":{"0":"post-73333","1":"product","2":"type-product","3":"status-publish","4":"has-post-thumbnail","6":"product_brand-ecologic","7":"product_cat-pasta","8":"categoria-per-dieta-ecologic","10":"first","11":"instock","12":"taxable","13":"shipping-taxable","14":"purchasable","15":"product-type-variable"},"acf":[],"_links":{"self":[{"href":"https:\/\/mitjavilaslowshop.com\/es\/wp-json\/wp\/v2\/product\/73333","targetHints":{"allow":["GET"]}}],"collection":[{"href":"https:\/\/mitjavilaslowshop.com\/es\/wp-json\/wp\/v2\/product"}],"about":[{"href":"https:\/\/mitjavilaslowshop.com\/es\/wp-json\/wp\/v2\/types\/product"}],"replies":[{"embeddable":true,"href":"https:\/\/mitjavilaslowshop.com\/es\/wp-json\/wp\/v2\/comments?post=73333"}],"version-history":[{"count":7,"href":"https:\/\/mitjavilaslowshop.com\/es\/wp-json\/wp\/v2\/product\/73333\/revisions"}],"predecessor-version":[{"id":85776,"href":"https:\/\/mitjavilaslowshop.com\/es\/wp-json\/wp\/v2\/product\/73333\/revisions\/85776"}],"wp:featuredmedia":[{"embeddable":true,"href":"https:\/\/mitjavilaslowshop.com\/es\/wp-json\/wp\/v2\/media\/73334"}],"wp:attachment":[{"href":"https:\/\/mitjavilaslowshop.com\/es\/wp-json\/wp\/v2\/media?parent=73333"}],"wp:term":[{"taxonomy":"product_brand","embeddable":true,"href":"https:\/\/mitjavilaslowshop.com\/es\/wp-json\/wp\/v2\/product_brand?post=73333"},{"taxonomy":"product_cat","embeddable":true,"href":"https:\/\/mitjavilaslowshop.com\/es\/wp-json\/wp\/v2\/product_cat?post=73333"},{"taxonomy":"product_tag","embeddable":true,"href":"https:\/\/mitjavilaslowshop.com\/es\/wp-json\/wp\/v2\/product_tag?post=73333"}],"curies":[{"name":"wp","href":"https:\/\/api.w.org\/{rel}","templated":true}]}}