{"id":73329,"date":"2026-01-04T18:21:54","date_gmt":"2026-01-04T18:21:54","guid":{"rendered":"https:\/\/mitjavilaslowshop.com\/producte\/macarrons-integrals-eco\/"},"modified":"2026-03-17T13:51:28","modified_gmt":"2026-03-17T13:51:28","slug":"macarrones-integrales-ecologicos","status":"publish","type":"product","link":"https:\/\/mitjavilaslowshop.com\/es\/producte\/macarrones-integrales-ecologicos\/","title":{"rendered":"MACARRONES INTEGRALES ECOL\u00d3GICOS"},"content":{"rendered":"<p>Ingrediente: S\u00e9mola integral de trigo duro<\/p>\n<p>Proceso de fabricaci\u00f3n: El trigo duro se muele hasta obtener s\u00e9mola, que luego se mezcla con agua y salvado antes de moldearse y secarse.<\/p>\n<p>Origen: Nacional<\/p>\n<p>Calidad de los ingredientes: Todos los componentes son 100% ecol\u00f3gicos<\/p>\n<p>Proporci\u00f3n de ingredientes: El trigo duro constituye el 100% de la mezcla, con un contenido de humedad del 12%<\/p>\n","protected":false},"excerpt":{"rendered":"<p>Ingrediente: S\u00e9mola integral de trigo duro Proceso de fabricaci\u00f3n: El trigo duro se muele hasta obtener s\u00e9mola, que luego se mezcla con agua y salvado antes de moldearse y secarse. Origen: Nacional Calidad de los ingredientes: Todos los componentes son 100% ecol\u00f3gicos Proporci\u00f3n de ingredientes: El trigo duro constituye el 100% de la mezcla, con un contenido de humedad del 12%<\/p>\n","protected":false},"featured_media":73330,"comment_status":"open","ping_status":"closed","template":"","meta":{"_acf_changed":false,"_joinchat":[]},"product_brand":[440],"product_cat":[355],"product_tag":[],"class_list":{"0":"post-73329","1":"product","2":"type-product","3":"status-publish","4":"has-post-thumbnail","6":"product_brand-ecologic","7":"product_cat-pasta","8":"categoria-per-dieta-ecologic","10":"first","11":"instock","12":"taxable","13":"shipping-taxable","14":"purchasable","15":"product-type-variable","16":"has-default-attributes"},"acf":[],"_links":{"self":[{"href":"https:\/\/mitjavilaslowshop.com\/es\/wp-json\/wp\/v2\/product\/73329","targetHints":{"allow":["GET"]}}],"collection":[{"href":"https:\/\/mitjavilaslowshop.com\/es\/wp-json\/wp\/v2\/product"}],"about":[{"href":"https:\/\/mitjavilaslowshop.com\/es\/wp-json\/wp\/v2\/types\/product"}],"replies":[{"embeddable":true,"href":"https:\/\/mitjavilaslowshop.com\/es\/wp-json\/wp\/v2\/comments?post=73329"}],"version-history":[{"count":6,"href":"https:\/\/mitjavilaslowshop.com\/es\/wp-json\/wp\/v2\/product\/73329\/revisions"}],"predecessor-version":[{"id":81774,"href":"https:\/\/mitjavilaslowshop.com\/es\/wp-json\/wp\/v2\/product\/73329\/revisions\/81774"}],"wp:featuredmedia":[{"embeddable":true,"href":"https:\/\/mitjavilaslowshop.com\/es\/wp-json\/wp\/v2\/media\/73330"}],"wp:attachment":[{"href":"https:\/\/mitjavilaslowshop.com\/es\/wp-json\/wp\/v2\/media?parent=73329"}],"wp:term":[{"taxonomy":"product_brand","embeddable":true,"href":"https:\/\/mitjavilaslowshop.com\/es\/wp-json\/wp\/v2\/product_brand?post=73329"},{"taxonomy":"product_cat","embeddable":true,"href":"https:\/\/mitjavilaslowshop.com\/es\/wp-json\/wp\/v2\/product_cat?post=73329"},{"taxonomy":"product_tag","embeddable":true,"href":"https:\/\/mitjavilaslowshop.com\/es\/wp-json\/wp\/v2\/product_tag?post=73329"}],"curies":[{"name":"wp","href":"https:\/\/api.w.org\/{rel}","templated":true}]}}