{"id":73325,"date":"2026-01-04T18:21:55","date_gmt":"2026-01-04T18:21:55","guid":{"rendered":"https:\/\/mitjavilaslowshop.com\/producte\/espaguetis-eco\/"},"modified":"2026-03-26T15:24:43","modified_gmt":"2026-03-26T15:24:43","slug":"espaguetis-ecologicos","status":"publish","type":"product","link":"https:\/\/mitjavilaslowshop.com\/es\/producte\/espaguetis-ecologicos\/","title":{"rendered":"ESPAGUETIS ECOL\u00d3GICOS"},"content":{"rendered":"<p>Los espaguetis ecol\u00f3gicos est\u00e1n elaborados con trigo duro de cultivo sostenible para ofrecerte una pasta de calidad, sabor aut\u00e9ntico y textura perfecta. Ideales para platos mediterr\u00e1neos, recetas tradicionales o cocina creativa.<br \/>\nTiempo de cocci\u00f3n: 6min<br \/>\nOrigen: Delta del Ebro<\/p>\n","protected":false},"excerpt":{"rendered":"<p>Los espaguetis ecol\u00f3gicos est\u00e1n elaborados con trigo duro de cultivo sostenible para ofrecerte una pasta de calidad, sabor aut\u00e9ntico y textura perfecta. Ideales para platos mediterr\u00e1neos, recetas tradicionales o cocina creativa.<br \/>\nTiempo de cocci\u00f3n: 6min<br \/>\nOrigen: Delta del Ebro<\/p>\n","protected":false},"featured_media":73326,"comment_status":"open","ping_status":"closed","template":"","meta":{"_acf_changed":false,"_joinchat":[]},"product_brand":[440],"product_cat":[355],"product_tag":[],"class_list":{"0":"post-73325","1":"product","2":"type-product","3":"status-publish","4":"has-post-thumbnail","6":"product_brand-ecologic","7":"product_cat-pasta","8":"categoria-per-dieta-ecologic","10":"first","11":"instock","12":"taxable","13":"shipping-taxable","14":"purchasable","15":"product-type-variable"},"acf":[],"_links":{"self":[{"href":"https:\/\/mitjavilaslowshop.com\/es\/wp-json\/wp\/v2\/product\/73325","targetHints":{"allow":["GET"]}}],"collection":[{"href":"https:\/\/mitjavilaslowshop.com\/es\/wp-json\/wp\/v2\/product"}],"about":[{"href":"https:\/\/mitjavilaslowshop.com\/es\/wp-json\/wp\/v2\/types\/product"}],"replies":[{"embeddable":true,"href":"https:\/\/mitjavilaslowshop.com\/es\/wp-json\/wp\/v2\/comments?post=73325"}],"version-history":[{"count":7,"href":"https:\/\/mitjavilaslowshop.com\/es\/wp-json\/wp\/v2\/product\/73325\/revisions"}],"predecessor-version":[{"id":85688,"href":"https:\/\/mitjavilaslowshop.com\/es\/wp-json\/wp\/v2\/product\/73325\/revisions\/85688"}],"wp:featuredmedia":[{"embeddable":true,"href":"https:\/\/mitjavilaslowshop.com\/es\/wp-json\/wp\/v2\/media\/73326"}],"wp:attachment":[{"href":"https:\/\/mitjavilaslowshop.com\/es\/wp-json\/wp\/v2\/media?parent=73325"}],"wp:term":[{"taxonomy":"product_brand","embeddable":true,"href":"https:\/\/mitjavilaslowshop.com\/es\/wp-json\/wp\/v2\/product_brand?post=73325"},{"taxonomy":"product_cat","embeddable":true,"href":"https:\/\/mitjavilaslowshop.com\/es\/wp-json\/wp\/v2\/product_cat?post=73325"},{"taxonomy":"product_tag","embeddable":true,"href":"https:\/\/mitjavilaslowshop.com\/es\/wp-json\/wp\/v2\/product_tag?post=73325"}],"curies":[{"name":"wp","href":"https:\/\/api.w.org\/{rel}","templated":true}]}}