{"id":73317,"date":"2026-01-04T18:21:56","date_gmt":"2026-01-04T18:21:56","guid":{"rendered":"https:\/\/mitjavilaslowshop.com\/producte\/espirals-eco\/"},"modified":"2026-03-26T15:14:17","modified_gmt":"2026-03-26T15:14:17","slug":"espirales-eco","status":"publish","type":"product","link":"https:\/\/mitjavilaslowshop.com\/es\/producte\/espirales-eco\/","title":{"rendered":"ESPIRALES ECO"},"content":{"rendered":"<p>Las espirales ecol\u00f3gicas est\u00e1n elaboradas con trigo duro de cultivo sostenible para ofrecerte una pasta de calidad, sabor aut\u00e9ntico y textura perfecta. Ideales para platos mediterr\u00e1neos, ensaladas frescas o recetas creativas.<br \/>\nTiempo de cocci\u00f3n: 9min<br \/>\nOrigen: Delta del Ebro<\/p>\n","protected":false},"excerpt":{"rendered":"<p>Las espirales ecol\u00f3gicas est\u00e1n elaboradas con trigo duro de cultivo sostenible para ofrecerte una pasta de calidad, sabor aut\u00e9ntico y textura perfecta. Ideales para platos mediterr\u00e1neos, ensaladas frescas o recetas creativas.<br \/>\nTiempo de cocci\u00f3n: 9min<br \/>\nOrigen: Delta del Ebro<\/p>\n","protected":false},"featured_media":73318,"comment_status":"open","ping_status":"closed","template":"","meta":{"_acf_changed":false,"_joinchat":[]},"product_brand":[440,572],"product_cat":[355],"product_tag":[],"class_list":{"0":"post-73317","1":"product","2":"type-product","3":"status-publish","4":"has-post-thumbnail","6":"product_brand-ecologic","7":"product_brand-gourmet","8":"product_cat-pasta","9":"categoria-per-dieta-ecologic","10":"categoria-per-dieta-gourmet","12":"first","13":"instock","14":"taxable","15":"shipping-taxable","16":"purchasable","17":"product-type-variable"},"acf":[],"_links":{"self":[{"href":"https:\/\/mitjavilaslowshop.com\/es\/wp-json\/wp\/v2\/product\/73317","targetHints":{"allow":["GET"]}}],"collection":[{"href":"https:\/\/mitjavilaslowshop.com\/es\/wp-json\/wp\/v2\/product"}],"about":[{"href":"https:\/\/mitjavilaslowshop.com\/es\/wp-json\/wp\/v2\/types\/product"}],"replies":[{"embeddable":true,"href":"https:\/\/mitjavilaslowshop.com\/es\/wp-json\/wp\/v2\/comments?post=73317"}],"version-history":[{"count":7,"href":"https:\/\/mitjavilaslowshop.com\/es\/wp-json\/wp\/v2\/product\/73317\/revisions"}],"predecessor-version":[{"id":85659,"href":"https:\/\/mitjavilaslowshop.com\/es\/wp-json\/wp\/v2\/product\/73317\/revisions\/85659"}],"wp:featuredmedia":[{"embeddable":true,"href":"https:\/\/mitjavilaslowshop.com\/es\/wp-json\/wp\/v2\/media\/73318"}],"wp:attachment":[{"href":"https:\/\/mitjavilaslowshop.com\/es\/wp-json\/wp\/v2\/media?parent=73317"}],"wp:term":[{"taxonomy":"product_brand","embeddable":true,"href":"https:\/\/mitjavilaslowshop.com\/es\/wp-json\/wp\/v2\/product_brand?post=73317"},{"taxonomy":"product_cat","embeddable":true,"href":"https:\/\/mitjavilaslowshop.com\/es\/wp-json\/wp\/v2\/product_cat?post=73317"},{"taxonomy":"product_tag","embeddable":true,"href":"https:\/\/mitjavilaslowshop.com\/es\/wp-json\/wp\/v2\/product_tag?post=73317"}],"curies":[{"name":"wp","href":"https:\/\/api.w.org\/{rel}","templated":true}]}}