{"id":73313,"date":"2026-01-04T18:21:57","date_gmt":"2026-01-04T18:21:57","guid":{"rendered":"https:\/\/mitjavilaslowshop.com\/producte\/fideua-eco\/"},"modified":"2026-03-26T15:09:43","modified_gmt":"2026-03-26T15:09:43","slug":"fideua-ecologica","status":"publish","type":"product","link":"https:\/\/mitjavilaslowshop.com\/es\/producte\/fideua-ecologica\/","title":{"rendered":"FIDEU\u00c1 ECOL\u00d3GICA"},"content":{"rendered":"<p>La fideu\u00e1 ecol\u00f3gica est\u00e1 elaborada con trigo duro de cultivo sostenible para ofrecerte una pasta de calidad, sabor aut\u00e9ntico y textura perfecta. Ideal para preparar la tradicional fideu\u00e1 mediterr\u00e1nea, platos gourmet o recetas creativas con ingredientes saludables.<br \/>\nOrigen: Delta del Ebro<\/p>\n","protected":false},"excerpt":{"rendered":"<p>La fideu\u00e1 ecol\u00f3gica est\u00e1 elaborada con trigo duro de cultivo sostenible para ofrecerte una pasta de calidad, sabor aut\u00e9ntico y textura perfecta. Ideal para preparar la tradicional fideu\u00e1 mediterr\u00e1nea, platos gourmet o recetas creativas con ingredientes saludables.<br \/>\nOrigen: Delta del Ebro<\/p>\n","protected":false},"featured_media":73314,"comment_status":"open","ping_status":"closed","template":"","meta":{"_acf_changed":false,"_joinchat":[]},"product_brand":[440,572],"product_cat":[355],"product_tag":[],"class_list":{"0":"post-73313","1":"product","2":"type-product","3":"status-publish","4":"has-post-thumbnail","6":"product_brand-ecologic","7":"product_brand-gourmet","8":"product_cat-pasta","9":"categoria-per-dieta-ecologic","10":"categoria-per-dieta-gourmet","12":"first","13":"instock","14":"taxable","15":"shipping-taxable","16":"purchasable","17":"product-type-variable"},"acf":[],"_links":{"self":[{"href":"https:\/\/mitjavilaslowshop.com\/es\/wp-json\/wp\/v2\/product\/73313","targetHints":{"allow":["GET"]}}],"collection":[{"href":"https:\/\/mitjavilaslowshop.com\/es\/wp-json\/wp\/v2\/product"}],"about":[{"href":"https:\/\/mitjavilaslowshop.com\/es\/wp-json\/wp\/v2\/types\/product"}],"replies":[{"embeddable":true,"href":"https:\/\/mitjavilaslowshop.com\/es\/wp-json\/wp\/v2\/comments?post=73313"}],"version-history":[{"count":7,"href":"https:\/\/mitjavilaslowshop.com\/es\/wp-json\/wp\/v2\/product\/73313\/revisions"}],"predecessor-version":[{"id":85627,"href":"https:\/\/mitjavilaslowshop.com\/es\/wp-json\/wp\/v2\/product\/73313\/revisions\/85627"}],"wp:featuredmedia":[{"embeddable":true,"href":"https:\/\/mitjavilaslowshop.com\/es\/wp-json\/wp\/v2\/media\/73314"}],"wp:attachment":[{"href":"https:\/\/mitjavilaslowshop.com\/es\/wp-json\/wp\/v2\/media?parent=73313"}],"wp:term":[{"taxonomy":"product_brand","embeddable":true,"href":"https:\/\/mitjavilaslowshop.com\/es\/wp-json\/wp\/v2\/product_brand?post=73313"},{"taxonomy":"product_cat","embeddable":true,"href":"https:\/\/mitjavilaslowshop.com\/es\/wp-json\/wp\/v2\/product_cat?post=73313"},{"taxonomy":"product_tag","embeddable":true,"href":"https:\/\/mitjavilaslowshop.com\/es\/wp-json\/wp\/v2\/product_tag?post=73313"}],"curies":[{"name":"wp","href":"https:\/\/api.w.org\/{rel}","templated":true}]}}