{"id":73309,"date":"2026-01-04T18:21:57","date_gmt":"2026-01-04T18:21:57","guid":{"rendered":"https:\/\/mitjavilaslowshop.com\/producte\/fideus-fins-eco\/"},"modified":"2026-03-26T13:49:50","modified_gmt":"2026-03-26T13:49:50","slug":"fideos-finos-ecologicos","status":"publish","type":"product","link":"https:\/\/mitjavilaslowshop.com\/es\/producte\/fideos-finos-ecologicos\/","title":{"rendered":"FIDEOS FINOS ECOL\u00d3GICOS"},"content":{"rendered":"<p>Los fideos finos ecol\u00f3gicos est\u00e1n elaborados con trigo duro de cultivo sostenible para ofrecerte una pasta de calidad, sabor aut\u00e9ntico y textura perfecta. Ideales para preparar sopas tradicionales, platos ligeros y recetas mediterr\u00e1neas.<br \/>\nTiempo de cocci\u00f3n: 6min<br \/>\nOrigen: Delta del Ebro<\/p>\n","protected":false},"excerpt":{"rendered":"<pre id=\"tw-target-text\" class=\"tw-data-text tw-text-large tw-ta\" dir=\"ltr\" tabindex=\"-1\" role=\"text\" data-placeholder=\"Traducci\u00f3n\" data-ved=\"2ahUKEwj3yLr8n72TAxXAAvsDHTeWBd0Q3ewLegQIEhAW\" aria-label=\"Texto traducido: Los fideos finos ecol\u00f3gicos est\u00e1n elaborados con trigo duro de cultivo sostenible para ofrecerte una pasta de calidad, sabor aut\u00e9ntico y textura perfecta. Ideales para preparar sopas tradicionales, platos ligeros y recetas mediterr\u00e1neas.\r\nTiempo de cocci\u00f3n: 6min\r\nOrigen: Delta del Ebro\">Los fideos finos ecol\u00f3gicos est\u00e1n elaborados con trigo duro de cultivo sostenible para ofrecerte una pasta de calidad, sabor aut\u00e9ntico y textura perfecta. Ideales para preparar sopas tradicionales, platos ligeros y recetas mediterr\u00e1neas.\r\nTiempo de cocci\u00f3n: 6min\r\nOrigen: Delta del Ebro<\/pre>\n","protected":false},"featured_media":73310,"comment_status":"open","ping_status":"closed","template":"","meta":{"_acf_changed":false,"_joinchat":[]},"product_brand":[440,572],"product_cat":[355],"product_tag":[],"class_list":{"0":"post-73309","1":"product","2":"type-product","3":"status-publish","4":"has-post-thumbnail","6":"product_brand-ecologic","7":"product_brand-gourmet","8":"product_cat-pasta","9":"categoria-per-dieta-ecologic","10":"categoria-per-dieta-gourmet","12":"first","13":"instock","14":"taxable","15":"shipping-taxable","16":"purchasable","17":"product-type-variable"},"acf":[],"_links":{"self":[{"href":"https:\/\/mitjavilaslowshop.com\/es\/wp-json\/wp\/v2\/product\/73309","targetHints":{"allow":["GET"]}}],"collection":[{"href":"https:\/\/mitjavilaslowshop.com\/es\/wp-json\/wp\/v2\/product"}],"about":[{"href":"https:\/\/mitjavilaslowshop.com\/es\/wp-json\/wp\/v2\/types\/product"}],"replies":[{"embeddable":true,"href":"https:\/\/mitjavilaslowshop.com\/es\/wp-json\/wp\/v2\/comments?post=73309"}],"version-history":[{"count":7,"href":"https:\/\/mitjavilaslowshop.com\/es\/wp-json\/wp\/v2\/product\/73309\/revisions"}],"predecessor-version":[{"id":85567,"href":"https:\/\/mitjavilaslowshop.com\/es\/wp-json\/wp\/v2\/product\/73309\/revisions\/85567"}],"wp:featuredmedia":[{"embeddable":true,"href":"https:\/\/mitjavilaslowshop.com\/es\/wp-json\/wp\/v2\/media\/73310"}],"wp:attachment":[{"href":"https:\/\/mitjavilaslowshop.com\/es\/wp-json\/wp\/v2\/media?parent=73309"}],"wp:term":[{"taxonomy":"product_brand","embeddable":true,"href":"https:\/\/mitjavilaslowshop.com\/es\/wp-json\/wp\/v2\/product_brand?post=73309"},{"taxonomy":"product_cat","embeddable":true,"href":"https:\/\/mitjavilaslowshop.com\/es\/wp-json\/wp\/v2\/product_cat?post=73309"},{"taxonomy":"product_tag","embeddable":true,"href":"https:\/\/mitjavilaslowshop.com\/es\/wp-json\/wp\/v2\/product_tag?post=73309"}],"curies":[{"name":"wp","href":"https:\/\/api.w.org\/{rel}","templated":true}]}}