{"id":73301,"date":"2026-01-04T18:21:58","date_gmt":"2026-01-04T18:21:58","guid":{"rendered":"https:\/\/mitjavilaslowshop.com\/producte\/galet-petit-eco\/"},"modified":"2026-03-26T13:33:13","modified_gmt":"2026-03-26T13:33:13","slug":"galletas-pequeas-ecologicas","status":"publish","type":"product","link":"https:\/\/mitjavilaslowshop.com\/es\/producte\/galletas-pequeas-ecologicas\/","title":{"rendered":"GALLETAS PEQUE\u00d1AS ECOL\u00d3GICAS"},"content":{"rendered":"<p>Los peque\u00f1os galets ecol\u00f3gicos son elaborados con trigo duro de cultivo sostenible para ofrecerte una pasta de calidad, sabor aut\u00e9ntico y textura perfecta. Ideales para preparar sopas tradicionales, escudillas o platos ligeros con un toque saludable.<\/p>\n<p>Origen: Delta del Ebro<\/p>\n","protected":false},"excerpt":{"rendered":"<p>Los peque\u00f1os galets ecol\u00f3gicos son elaborados con trigo duro de cultivo sostenible para ofrecerte una pasta de calidad, sabor aut\u00e9ntico y textura perfecta. Ideales para preparar sopas tradicionales, escudillas o platos ligeros con un toque saludable.<\/p>\n<p>Origen: Delta del Ebro<\/p>\n","protected":false},"featured_media":73302,"comment_status":"open","ping_status":"closed","template":"","meta":{"_acf_changed":false,"_joinchat":[]},"product_brand":[440,572],"product_cat":[355],"product_tag":[],"class_list":{"0":"post-73301","1":"product","2":"type-product","3":"status-publish","4":"has-post-thumbnail","6":"product_brand-ecologic","7":"product_brand-gourmet","8":"product_cat-pasta","9":"categoria-per-dieta-ecologic","10":"categoria-per-dieta-gourmet","12":"first","13":"instock","14":"taxable","15":"shipping-taxable","16":"purchasable","17":"product-type-variable","18":"has-default-attributes"},"acf":[],"_links":{"self":[{"href":"https:\/\/mitjavilaslowshop.com\/es\/wp-json\/wp\/v2\/product\/73301","targetHints":{"allow":["GET"]}}],"collection":[{"href":"https:\/\/mitjavilaslowshop.com\/es\/wp-json\/wp\/v2\/product"}],"about":[{"href":"https:\/\/mitjavilaslowshop.com\/es\/wp-json\/wp\/v2\/types\/product"}],"replies":[{"embeddable":true,"href":"https:\/\/mitjavilaslowshop.com\/es\/wp-json\/wp\/v2\/comments?post=73301"}],"version-history":[{"count":7,"href":"https:\/\/mitjavilaslowshop.com\/es\/wp-json\/wp\/v2\/product\/73301\/revisions"}],"predecessor-version":[{"id":85480,"href":"https:\/\/mitjavilaslowshop.com\/es\/wp-json\/wp\/v2\/product\/73301\/revisions\/85480"}],"wp:featuredmedia":[{"embeddable":true,"href":"https:\/\/mitjavilaslowshop.com\/es\/wp-json\/wp\/v2\/media\/73302"}],"wp:attachment":[{"href":"https:\/\/mitjavilaslowshop.com\/es\/wp-json\/wp\/v2\/media?parent=73301"}],"wp:term":[{"taxonomy":"product_brand","embeddable":true,"href":"https:\/\/mitjavilaslowshop.com\/es\/wp-json\/wp\/v2\/product_brand?post=73301"},{"taxonomy":"product_cat","embeddable":true,"href":"https:\/\/mitjavilaslowshop.com\/es\/wp-json\/wp\/v2\/product_cat?post=73301"},{"taxonomy":"product_tag","embeddable":true,"href":"https:\/\/mitjavilaslowshop.com\/es\/wp-json\/wp\/v2\/product_tag?post=73301"}],"curies":[{"name":"wp","href":"https:\/\/api.w.org\/{rel}","templated":true}]}}