{"id":73297,"date":"2026-01-04T18:21:59","date_gmt":"2026-01-04T18:21:59","guid":{"rendered":"https:\/\/mitjavilaslowshop.com\/producte\/espaguetis-integrals-eco\/"},"modified":"2026-03-26T12:52:38","modified_gmt":"2026-03-26T12:52:38","slug":"espaguetis-integrales-eco","status":"publish","type":"product","link":"https:\/\/mitjavilaslowshop.com\/es\/producte\/espaguetis-integrales-eco\/","title":{"rendered":"ESPAGUETIS INTEGRALES ECO"},"content":{"rendered":"<p>Los espaguetis integrales ecol\u00f3gicos est\u00e1n elaborados con trigo duro integral de cultivo sostenible para ofrecerte una pasta saludable, sabor aut\u00e9ntico y textura perfecta. Ideales para platos mediterr\u00e1neos, recetas tradicionales o cocina creativa con toque nutritivo.<\/p>\n<p>Tiempo de cocci\u00f3n: 9min<br \/>\nOrigen: Delta del Ebro<\/p>\n","protected":false},"excerpt":{"rendered":"<p>Los espaguetis integrales ecol\u00f3gicos est\u00e1n elaborados con trigo duro integral de cultivo sostenible para ofrecerte una pasta saludable, sabor aut\u00e9ntico y textura perfecta. Ideales para platos mediterr\u00e1neos, recetas tradicionales o cocina creativa con toque nutritivo.<\/p>\n<p>Tiempo de cocci\u00f3n: 9min<br \/>\nOrigen: Delta del Ebro<\/p>\n","protected":false},"featured_media":73298,"comment_status":"open","ping_status":"closed","template":"","meta":{"_acf_changed":false,"_joinchat":[]},"product_brand":[440,572],"product_cat":[355],"product_tag":[],"class_list":{"0":"post-73297","1":"product","2":"type-product","3":"status-publish","4":"has-post-thumbnail","6":"product_brand-ecologic","7":"product_brand-gourmet","8":"product_cat-pasta","9":"categoria-per-dieta-ecologic","10":"categoria-per-dieta-gourmet","12":"first","13":"instock","14":"taxable","15":"shipping-taxable","16":"purchasable","17":"product-type-variable","18":"has-default-attributes"},"acf":[],"_links":{"self":[{"href":"https:\/\/mitjavilaslowshop.com\/es\/wp-json\/wp\/v2\/product\/73297","targetHints":{"allow":["GET"]}}],"collection":[{"href":"https:\/\/mitjavilaslowshop.com\/es\/wp-json\/wp\/v2\/product"}],"about":[{"href":"https:\/\/mitjavilaslowshop.com\/es\/wp-json\/wp\/v2\/types\/product"}],"replies":[{"embeddable":true,"href":"https:\/\/mitjavilaslowshop.com\/es\/wp-json\/wp\/v2\/comments?post=73297"}],"version-history":[{"count":8,"href":"https:\/\/mitjavilaslowshop.com\/es\/wp-json\/wp\/v2\/product\/73297\/revisions"}],"predecessor-version":[{"id":85449,"href":"https:\/\/mitjavilaslowshop.com\/es\/wp-json\/wp\/v2\/product\/73297\/revisions\/85449"}],"wp:featuredmedia":[{"embeddable":true,"href":"https:\/\/mitjavilaslowshop.com\/es\/wp-json\/wp\/v2\/media\/73298"}],"wp:attachment":[{"href":"https:\/\/mitjavilaslowshop.com\/es\/wp-json\/wp\/v2\/media?parent=73297"}],"wp:term":[{"taxonomy":"product_brand","embeddable":true,"href":"https:\/\/mitjavilaslowshop.com\/es\/wp-json\/wp\/v2\/product_brand?post=73297"},{"taxonomy":"product_cat","embeddable":true,"href":"https:\/\/mitjavilaslowshop.com\/es\/wp-json\/wp\/v2\/product_cat?post=73297"},{"taxonomy":"product_tag","embeddable":true,"href":"https:\/\/mitjavilaslowshop.com\/es\/wp-json\/wp\/v2\/product_tag?post=73297"}],"curies":[{"name":"wp","href":"https:\/\/api.w.org\/{rel}","templated":true}]}}