{"id":73293,"date":"2026-01-04T18:22:00","date_gmt":"2026-01-04T18:22:00","guid":{"rendered":"https:\/\/mitjavilaslowshop.com\/producte\/orecchiette-de-curcuma-i-pebre\/"},"modified":"2026-03-17T13:51:25","modified_gmt":"2026-03-17T13:51:25","slug":"orecchiette-con-curcuma-y-pimienta","status":"publish","type":"product","link":"https:\/\/mitjavilaslowshop.com\/es\/producte\/orecchiette-con-curcuma-y-pimienta\/","title":{"rendered":"ORECCHIETTE CON C\u00daRCUMA Y PIMIENTA"},"content":{"rendered":"<p>Orecchiette con c\u00farcuma y pimienta: pasta ecol\u00f3gica con sabor aut\u00e9ntico y beneficios naturales<br \/>Tiempo de cocci\u00f3n: 6\/8 min<br \/>Origen: Italia<\/p>\n","protected":false},"excerpt":{"rendered":"<p>Orecchiette con c\u00farcuma y pimienta: pasta ecol\u00f3gica con sabor aut\u00e9ntico y beneficios naturalesTiempo de cocci\u00f3n: 6\/8 minOrigen: Italia<\/p>\n","protected":false},"featured_media":73294,"comment_status":"open","ping_status":"closed","template":"","meta":{"_acf_changed":false,"_joinchat":[]},"product_brand":[440,572],"product_cat":[355],"product_tag":[],"class_list":{"0":"post-73293","1":"product","2":"type-product","3":"status-publish","4":"has-post-thumbnail","6":"product_brand-ecologic","7":"product_brand-gourmet","8":"product_cat-pasta","9":"categoria-per-dieta-ecologic","10":"categoria-per-dieta-gourmet","12":"first","13":"instock","14":"taxable","15":"shipping-taxable","16":"purchasable","17":"product-type-variable"},"acf":[],"_links":{"self":[{"href":"https:\/\/mitjavilaslowshop.com\/es\/wp-json\/wp\/v2\/product\/73293","targetHints":{"allow":["GET"]}}],"collection":[{"href":"https:\/\/mitjavilaslowshop.com\/es\/wp-json\/wp\/v2\/product"}],"about":[{"href":"https:\/\/mitjavilaslowshop.com\/es\/wp-json\/wp\/v2\/types\/product"}],"replies":[{"embeddable":true,"href":"https:\/\/mitjavilaslowshop.com\/es\/wp-json\/wp\/v2\/comments?post=73293"}],"version-history":[{"count":6,"href":"https:\/\/mitjavilaslowshop.com\/es\/wp-json\/wp\/v2\/product\/73293\/revisions"}],"predecessor-version":[{"id":81765,"href":"https:\/\/mitjavilaslowshop.com\/es\/wp-json\/wp\/v2\/product\/73293\/revisions\/81765"}],"wp:featuredmedia":[{"embeddable":true,"href":"https:\/\/mitjavilaslowshop.com\/es\/wp-json\/wp\/v2\/media\/73294"}],"wp:attachment":[{"href":"https:\/\/mitjavilaslowshop.com\/es\/wp-json\/wp\/v2\/media?parent=73293"}],"wp:term":[{"taxonomy":"product_brand","embeddable":true,"href":"https:\/\/mitjavilaslowshop.com\/es\/wp-json\/wp\/v2\/product_brand?post=73293"},{"taxonomy":"product_cat","embeddable":true,"href":"https:\/\/mitjavilaslowshop.com\/es\/wp-json\/wp\/v2\/product_cat?post=73293"},{"taxonomy":"product_tag","embeddable":true,"href":"https:\/\/mitjavilaslowshop.com\/es\/wp-json\/wp\/v2\/product_tag?post=73293"}],"curies":[{"name":"wp","href":"https:\/\/api.w.org\/{rel}","templated":true}]}}