{"id":73285,"date":"2026-01-04T18:22:01","date_gmt":"2026-01-04T18:22:01","guid":{"rendered":"https:\/\/mitjavilaslowshop.com\/producte\/cigro-castellano\/"},"modified":"2026-03-27T17:36:17","modified_gmt":"2026-03-27T17:36:17","slug":"garbanzo-castellano","status":"publish","type":"product","link":"https:\/\/mitjavilaslowshop.com\/es\/producte\/garbanzo-castellano\/","title":{"rendered":"GARBANZO CASTELLANO"},"content":{"rendered":"<p>El garbanzo Castellano es una variedad tradicional con grano grande y textura cremosa, ideal para platos t\u00edpicos y recetas mediterr\u00e1neas. Alto en prote\u00ednas vegetales, fibra y minerales, aporta una opci\u00f3n nutritiva y equilibrada para tu dieta.<br \/> Remojar entre 12 y 24 horas. Tiempo de cocci\u00f3n: Olla convencional: 3 horas, Olla a presi\u00f3n: 1 hora.<br \/> Origen: Zamora<\/p>\n","protected":false},"excerpt":{"rendered":"<p>El garbanzo Castellano es una variedad tradicional con grano grande y textura cremosa, ideal para platos t\u00edpicos y recetas mediterr\u00e1neas. Alto en prote\u00ednas vegetales, fibra y minerales, aporta una opci\u00f3n nutritiva y equilibrada para tu dieta. Remojar entre 12 y 24 horas. Tiempo de cocci\u00f3n: Olla convencional: 3 horas, Olla a presi\u00f3n: 1 hora. Origen: Zamora<\/p>\n","protected":false},"featured_media":73286,"comment_status":"open","ping_status":"closed","template":"","meta":{"_acf_changed":false,"_joinchat":[]},"product_brand":[440],"product_cat":[353],"product_tag":[],"class_list":{"0":"post-73285","1":"product","2":"type-product","3":"status-publish","4":"has-post-thumbnail","6":"product_brand-ecologic","7":"product_cat-legumbres","8":"categoria-per-dieta-ecologic","10":"first","11":"instock","12":"taxable","13":"shipping-taxable","14":"purchasable","15":"product-type-variable"},"acf":[],"_links":{"self":[{"href":"https:\/\/mitjavilaslowshop.com\/es\/wp-json\/wp\/v2\/product\/73285","targetHints":{"allow":["GET"]}}],"collection":[{"href":"https:\/\/mitjavilaslowshop.com\/es\/wp-json\/wp\/v2\/product"}],"about":[{"href":"https:\/\/mitjavilaslowshop.com\/es\/wp-json\/wp\/v2\/types\/product"}],"replies":[{"embeddable":true,"href":"https:\/\/mitjavilaslowshop.com\/es\/wp-json\/wp\/v2\/comments?post=73285"}],"version-history":[{"count":7,"href":"https:\/\/mitjavilaslowshop.com\/es\/wp-json\/wp\/v2\/product\/73285\/revisions"}],"predecessor-version":[{"id":86563,"href":"https:\/\/mitjavilaslowshop.com\/es\/wp-json\/wp\/v2\/product\/73285\/revisions\/86563"}],"wp:featuredmedia":[{"embeddable":true,"href":"https:\/\/mitjavilaslowshop.com\/es\/wp-json\/wp\/v2\/media\/73286"}],"wp:attachment":[{"href":"https:\/\/mitjavilaslowshop.com\/es\/wp-json\/wp\/v2\/media?parent=73285"}],"wp:term":[{"taxonomy":"product_brand","embeddable":true,"href":"https:\/\/mitjavilaslowshop.com\/es\/wp-json\/wp\/v2\/product_brand?post=73285"},{"taxonomy":"product_cat","embeddable":true,"href":"https:\/\/mitjavilaslowshop.com\/es\/wp-json\/wp\/v2\/product_cat?post=73285"},{"taxonomy":"product_tag","embeddable":true,"href":"https:\/\/mitjavilaslowshop.com\/es\/wp-json\/wp\/v2\/product_tag?post=73285"}],"curies":[{"name":"wp","href":"https:\/\/api.w.org\/{rel}","templated":true}]}}