{"id":73277,"date":"2026-01-04T18:22:02","date_gmt":"2026-01-04T18:22:02","guid":{"rendered":"https:\/\/mitjavilaslowshop.com\/producte\/cigro-lletos\/"},"modified":"2026-03-27T17:39:51","modified_gmt":"2026-03-27T17:39:51","slug":"garbanzo-lletos","status":"publish","type":"product","link":"https:\/\/mitjavilaslowshop.com\/es\/producte\/garbanzo-lletos\/","title":{"rendered":"GARBANZO LLETOS"},"content":{"rendered":"<p>El garbanzo Llet\u00f3s es una variedad tradicional reconocida por su textura cremosa y sabor delicado. Perfecto para recetas mediterr\u00e1neas, cremas, guisos y ensaladas, es una excelente opci\u00f3n para una dieta saludable y equilibrada.<br \/> Remojar entre 12 y 24 horas. Tiempo de cocci\u00f3n: olla convencional 1 hora 30 minutos o olla a presi\u00f3n 30 minutos.<br \/> Origen: Andaluc\u00eda<\/p>\n","protected":false},"excerpt":{"rendered":"<p>El garbanzo Llet\u00f3s es una variedad tradicional reconocida por su textura cremosa y sabor delicado. Perfecto para recetas mediterr\u00e1neas, cremas, guisos y ensaladas, es una excelente opci\u00f3n para una dieta saludable y equilibrada. Remojar entre 12 y 24 horas. Tiempo de cocci\u00f3n: olla convencional 1 hora 30 minutos o olla a presi\u00f3n 30 minutos. Origen: Andaluc\u00eda<\/p>\n","protected":false},"featured_media":73278,"comment_status":"open","ping_status":"closed","template":"","meta":{"_acf_changed":false,"_joinchat":[]},"product_brand":[440],"product_cat":[353],"product_tag":[],"class_list":{"0":"post-73277","1":"product","2":"type-product","3":"status-publish","4":"has-post-thumbnail","6":"product_brand-ecologic","7":"product_cat-legumbres","8":"categoria-per-dieta-ecologic","10":"first","11":"instock","12":"taxable","13":"shipping-taxable","14":"purchasable","15":"product-type-variable","16":"has-default-attributes"},"acf":[],"_links":{"self":[{"href":"https:\/\/mitjavilaslowshop.com\/es\/wp-json\/wp\/v2\/product\/73277","targetHints":{"allow":["GET"]}}],"collection":[{"href":"https:\/\/mitjavilaslowshop.com\/es\/wp-json\/wp\/v2\/product"}],"about":[{"href":"https:\/\/mitjavilaslowshop.com\/es\/wp-json\/wp\/v2\/types\/product"}],"replies":[{"embeddable":true,"href":"https:\/\/mitjavilaslowshop.com\/es\/wp-json\/wp\/v2\/comments?post=73277"}],"version-history":[{"count":7,"href":"https:\/\/mitjavilaslowshop.com\/es\/wp-json\/wp\/v2\/product\/73277\/revisions"}],"predecessor-version":[{"id":86567,"href":"https:\/\/mitjavilaslowshop.com\/es\/wp-json\/wp\/v2\/product\/73277\/revisions\/86567"}],"wp:featuredmedia":[{"embeddable":true,"href":"https:\/\/mitjavilaslowshop.com\/es\/wp-json\/wp\/v2\/media\/73278"}],"wp:attachment":[{"href":"https:\/\/mitjavilaslowshop.com\/es\/wp-json\/wp\/v2\/media?parent=73277"}],"wp:term":[{"taxonomy":"product_brand","embeddable":true,"href":"https:\/\/mitjavilaslowshop.com\/es\/wp-json\/wp\/v2\/product_brand?post=73277"},{"taxonomy":"product_cat","embeddable":true,"href":"https:\/\/mitjavilaslowshop.com\/es\/wp-json\/wp\/v2\/product_cat?post=73277"},{"taxonomy":"product_tag","embeddable":true,"href":"https:\/\/mitjavilaslowshop.com\/es\/wp-json\/wp\/v2\/product_tag?post=73277"}],"curies":[{"name":"wp","href":"https:\/\/api.w.org\/{rel}","templated":true}]}}