{"id":73269,"date":"2026-01-04T18:22:03","date_gmt":"2026-01-04T18:22:03","guid":{"rendered":"https:\/\/mitjavilaslowshop.com\/producte\/mongeta-canyella-especial\/"},"modified":"2026-03-27T19:38:34","modified_gmt":"2026-03-27T19:38:34","slug":"alubia-canela-especial","status":"publish","type":"product","link":"https:\/\/mitjavilaslowshop.com\/es\/producte\/alubia-canela-especial\/","title":{"rendered":"ALUBIA CANELA ESPECIAL"},"content":{"rendered":"<p>La alubia Canyella Especial destaca por su piel fina, textura suave y sabor delicado. Ideal para recetas tradicionales, cremas, ensaladas y guisos, es una excelente opci\u00f3n para una dieta saludable y equilibrada.<br \/> Remojar durante 12-16 horas. Tiempo de cocci\u00f3n: en olla convencional 1-2 horas o en olla a presi\u00f3n 30-45 minutos.<br \/> Origen: Castilla y Le\u00f3n<\/p>\n","protected":false},"excerpt":{"rendered":"<p>La alubia Canyella Especial destaca por su piel fina, textura suave y sabor delicado. Ideal para recetas tradicionales, cremas, ensaladas y guisos, es una excelente opci\u00f3n para una dieta saludable y equilibrada. Remojar durante 12-16 horas. Tiempo de cocci\u00f3n: en olla convencional 1-2 horas o en olla a presi\u00f3n 30-45 minutos. Origen: Castilla y Le\u00f3n<\/p>\n","protected":false},"featured_media":73270,"comment_status":"open","ping_status":"closed","template":"","meta":{"_acf_changed":false,"_joinchat":[]},"product_brand":[440],"product_cat":[353],"product_tag":[],"class_list":{"0":"post-73269","1":"product","2":"type-product","3":"status-publish","4":"has-post-thumbnail","6":"product_brand-ecologic","7":"product_cat-legumbres","8":"categoria-per-dieta-ecologic","10":"first","11":"instock","12":"taxable","13":"shipping-taxable","14":"purchasable","15":"product-type-variable"},"acf":[],"_links":{"self":[{"href":"https:\/\/mitjavilaslowshop.com\/es\/wp-json\/wp\/v2\/product\/73269","targetHints":{"allow":["GET"]}}],"collection":[{"href":"https:\/\/mitjavilaslowshop.com\/es\/wp-json\/wp\/v2\/product"}],"about":[{"href":"https:\/\/mitjavilaslowshop.com\/es\/wp-json\/wp\/v2\/types\/product"}],"replies":[{"embeddable":true,"href":"https:\/\/mitjavilaslowshop.com\/es\/wp-json\/wp\/v2\/comments?post=73269"}],"version-history":[{"count":7,"href":"https:\/\/mitjavilaslowshop.com\/es\/wp-json\/wp\/v2\/product\/73269\/revisions"}],"predecessor-version":[{"id":86961,"href":"https:\/\/mitjavilaslowshop.com\/es\/wp-json\/wp\/v2\/product\/73269\/revisions\/86961"}],"wp:featuredmedia":[{"embeddable":true,"href":"https:\/\/mitjavilaslowshop.com\/es\/wp-json\/wp\/v2\/media\/73270"}],"wp:attachment":[{"href":"https:\/\/mitjavilaslowshop.com\/es\/wp-json\/wp\/v2\/media?parent=73269"}],"wp:term":[{"taxonomy":"product_brand","embeddable":true,"href":"https:\/\/mitjavilaslowshop.com\/es\/wp-json\/wp\/v2\/product_brand?post=73269"},{"taxonomy":"product_cat","embeddable":true,"href":"https:\/\/mitjavilaslowshop.com\/es\/wp-json\/wp\/v2\/product_cat?post=73269"},{"taxonomy":"product_tag","embeddable":true,"href":"https:\/\/mitjavilaslowshop.com\/es\/wp-json\/wp\/v2\/product_tag?post=73269"}],"curies":[{"name":"wp","href":"https:\/\/api.w.org\/{rel}","templated":true}]}}