{"id":73261,"date":"2026-01-04T18:22:04","date_gmt":"2026-01-04T18:22:04","guid":{"rendered":"https:\/\/mitjavilaslowshop.com\/producte\/mongeta-rinon-especial\/"},"modified":"2026-03-27T19:39:34","modified_gmt":"2026-03-27T19:39:34","slug":"alubia-roja-especial","status":"publish","type":"product","link":"https:\/\/mitjavilaslowshop.com\/es\/producte\/alubia-roja-especial\/","title":{"rendered":"ALUBIA ROJA ESPECIAL"},"content":{"rendered":"<p>La alubia Ri\u00f1\u00f3n Especial destaca por su forma redonda, textura suave y sabor delicado. Es ideal para preparar platos tradicionales, cremas, ensaladas y guisos, aportando una opci\u00f3n nutritiva y equilibrada para tu dieta.<br \/> Remojar entre 12 y 16 horas. Tiempo de cocci\u00f3n: en olla convencional 1-2 horas o en olla a presi\u00f3n 30-45 minutos.<br \/> Origen: Castilla y Le\u00f3n<\/p>\n","protected":false},"excerpt":{"rendered":"<p>La alubia Ri\u00f1\u00f3n Especial destaca por su forma redonda, textura suave y sabor delicado. Es ideal para preparar platos tradicionales, cremas, ensaladas y guisos, aportando una opci\u00f3n nutritiva y equilibrada para tu dieta. Remojar entre 12 y 16 horas. Tiempo de cocci\u00f3n: en olla convencional 1-2 horas o en olla a presi\u00f3n 30-45 minutos. Origen: Castilla y Le\u00f3n<\/p>\n","protected":false},"featured_media":73262,"comment_status":"open","ping_status":"closed","template":"","meta":{"_acf_changed":false,"_joinchat":[]},"product_brand":[440],"product_cat":[353],"product_tag":[],"class_list":{"0":"post-73261","1":"product","2":"type-product","3":"status-publish","4":"has-post-thumbnail","6":"product_brand-ecologic","7":"product_cat-legumbres","8":"categoria-per-dieta-ecologic","10":"first","11":"instock","12":"taxable","13":"shipping-taxable","14":"purchasable","15":"product-type-variable"},"acf":[],"_links":{"self":[{"href":"https:\/\/mitjavilaslowshop.com\/es\/wp-json\/wp\/v2\/product\/73261","targetHints":{"allow":["GET"]}}],"collection":[{"href":"https:\/\/mitjavilaslowshop.com\/es\/wp-json\/wp\/v2\/product"}],"about":[{"href":"https:\/\/mitjavilaslowshop.com\/es\/wp-json\/wp\/v2\/types\/product"}],"replies":[{"embeddable":true,"href":"https:\/\/mitjavilaslowshop.com\/es\/wp-json\/wp\/v2\/comments?post=73261"}],"version-history":[{"count":7,"href":"https:\/\/mitjavilaslowshop.com\/es\/wp-json\/wp\/v2\/product\/73261\/revisions"}],"predecessor-version":[{"id":86962,"href":"https:\/\/mitjavilaslowshop.com\/es\/wp-json\/wp\/v2\/product\/73261\/revisions\/86962"}],"wp:featuredmedia":[{"embeddable":true,"href":"https:\/\/mitjavilaslowshop.com\/es\/wp-json\/wp\/v2\/media\/73262"}],"wp:attachment":[{"href":"https:\/\/mitjavilaslowshop.com\/es\/wp-json\/wp\/v2\/media?parent=73261"}],"wp:term":[{"taxonomy":"product_brand","embeddable":true,"href":"https:\/\/mitjavilaslowshop.com\/es\/wp-json\/wp\/v2\/product_brand?post=73261"},{"taxonomy":"product_cat","embeddable":true,"href":"https:\/\/mitjavilaslowshop.com\/es\/wp-json\/wp\/v2\/product_cat?post=73261"},{"taxonomy":"product_tag","embeddable":true,"href":"https:\/\/mitjavilaslowshop.com\/es\/wp-json\/wp\/v2\/product_tag?post=73261"}],"curies":[{"name":"wp","href":"https:\/\/api.w.org\/{rel}","templated":true}]}}