{"id":73245,"date":"2026-01-04T18:22:06","date_gmt":"2026-01-04T18:22:06","guid":{"rendered":"https:\/\/mitjavilaslowshop.com\/producte\/mongeta-arrocina\/"},"modified":"2026-03-27T19:49:02","modified_gmt":"2026-03-27T19:49:02","slug":"alubia-arrocina","status":"publish","type":"product","link":"https:\/\/mitjavilaslowshop.com\/es\/producte\/alubia-arrocina\/","title":{"rendered":"ALUBIA ARROCINA"},"content":{"rendered":"<p>La alubia Arrocina es una variedad de grano peque\u00f1o con una textura delicada y un sabor suave, ideal para preparar platos ligeros, cremas, ensaladas y guisos tradicionales. Destaca por su capacidad para absorber sabores y mantener una textura cremosa tras la cocci\u00f3n. Rica en prote\u00ednas vegetales, fibra y minerales, es perfecta para una dieta saludable y equilibrada.<br \/> Se recomienda remojar entre 8 y 16 horas. Tiempo de cocci\u00f3n: en olla convencional de 30 a 60 minutos o en olla a presi\u00f3n de 30 a 45 minutos.<br \/> Origen: Castilla y Le\u00f3n.<\/p>\n","protected":false},"excerpt":{"rendered":"<p>La alubia Arrocina es una variedad de grano peque\u00f1o con una textura delicada y un sabor suave, ideal para preparar platos ligeros, cremas, ensaladas y guisos tradicionales. Destaca por su capacidad para absorber sabores y mantener una textura cremosa tras la cocci\u00f3n. Rica en prote\u00ednas vegetales, fibra y minerales, es perfecta para una dieta saludable y equilibrada. Se recomienda remojar entre 8 y 16 horas. Tiempo de cocci\u00f3n: en olla convencional de 30 a 60 minutos o en olla a presi\u00f3n de 30 a 45 minutos. Origen: Castilla y Le\u00f3n.<\/p>\n","protected":false},"featured_media":73246,"comment_status":"open","ping_status":"closed","template":"","meta":{"_acf_changed":false,"_joinchat":[]},"product_brand":[440],"product_cat":[353],"product_tag":[],"class_list":{"0":"post-73245","1":"product","2":"type-product","3":"status-publish","4":"has-post-thumbnail","6":"product_brand-ecologic","7":"product_cat-legumbres","8":"categoria-per-dieta-ecologic","10":"first","11":"instock","12":"taxable","13":"shipping-taxable","14":"purchasable","15":"product-type-simple"},"acf":[],"_links":{"self":[{"href":"https:\/\/mitjavilaslowshop.com\/es\/wp-json\/wp\/v2\/product\/73245","targetHints":{"allow":["GET"]}}],"collection":[{"href":"https:\/\/mitjavilaslowshop.com\/es\/wp-json\/wp\/v2\/product"}],"about":[{"href":"https:\/\/mitjavilaslowshop.com\/es\/wp-json\/wp\/v2\/types\/product"}],"replies":[{"embeddable":true,"href":"https:\/\/mitjavilaslowshop.com\/es\/wp-json\/wp\/v2\/comments?post=73245"}],"version-history":[{"count":7,"href":"https:\/\/mitjavilaslowshop.com\/es\/wp-json\/wp\/v2\/product\/73245\/revisions"}],"predecessor-version":[{"id":86968,"href":"https:\/\/mitjavilaslowshop.com\/es\/wp-json\/wp\/v2\/product\/73245\/revisions\/86968"}],"wp:featuredmedia":[{"embeddable":true,"href":"https:\/\/mitjavilaslowshop.com\/es\/wp-json\/wp\/v2\/media\/73246"}],"wp:attachment":[{"href":"https:\/\/mitjavilaslowshop.com\/es\/wp-json\/wp\/v2\/media?parent=73245"}],"wp:term":[{"taxonomy":"product_brand","embeddable":true,"href":"https:\/\/mitjavilaslowshop.com\/es\/wp-json\/wp\/v2\/product_brand?post=73245"},{"taxonomy":"product_cat","embeddable":true,"href":"https:\/\/mitjavilaslowshop.com\/es\/wp-json\/wp\/v2\/product_cat?post=73245"},{"taxonomy":"product_tag","embeddable":true,"href":"https:\/\/mitjavilaslowshop.com\/es\/wp-json\/wp\/v2\/product_tag?post=73245"}],"curies":[{"name":"wp","href":"https:\/\/api.w.org\/{rel}","templated":true}]}}