{"id":73237,"date":"2026-01-04T18:22:07","date_gmt":"2026-01-04T18:22:07","guid":{"rendered":"https:\/\/mitjavilaslowshop.com\/producte\/mongeta-carilla-especial\/"},"modified":"2026-03-27T19:50:57","modified_gmt":"2026-03-27T19:50:57","slug":"alubia-carilla-especial","status":"publish","type":"product","link":"https:\/\/mitjavilaslowshop.com\/es\/producte\/alubia-carilla-especial\/","title":{"rendered":"ALUBIA CARILLA ESPECIAL"},"content":{"rendered":"<p>La alubia Carilla Especial se distingue por su grano blanco con una peque\u00f1a mancha negra. Esta variedad ofrece una textura suave y un sabor delicado, perfecta para preparar platos tradicionales, ensaladas, cremas y guisos. Rica en prote\u00ednas vegetales, fibra y minerales, es ideal para una dieta saludable y equilibrada.<br \/> Remojo: 12-16 horas. Tiempo de cocci\u00f3n: olla convencional: 1-2 horas; olla a presi\u00f3n: 30-45 minutos.<br \/> Origen: Extremadura<\/p>\n","protected":false},"excerpt":{"rendered":"<p>La alubia Carilla Especial se distingue por su grano blanco con una peque\u00f1a mancha negra. Esta variedad ofrece una textura suave y un sabor delicado, perfecta para preparar platos tradicionales, ensaladas, cremas y guisos. Rica en prote\u00ednas vegetales, fibra y minerales, es ideal para una dieta saludable y equilibrada. Remojo: 12-16 horas. Tiempo de cocci\u00f3n: olla convencional: 1-2 horas; olla a presi\u00f3n: 30-45 minutos. Origen: Extremadura<\/p>\n","protected":false},"featured_media":73238,"comment_status":"open","ping_status":"closed","template":"","meta":{"_acf_changed":false,"_joinchat":[]},"product_brand":[440],"product_cat":[353],"product_tag":[],"class_list":{"0":"post-73237","1":"product","2":"type-product","3":"status-publish","4":"has-post-thumbnail","6":"product_brand-ecologic","7":"product_cat-legumbres","8":"categoria-per-dieta-ecologic","10":"first","11":"instock","12":"taxable","13":"shipping-taxable","14":"purchasable","15":"product-type-variable","16":"has-default-attributes"},"acf":[],"_links":{"self":[{"href":"https:\/\/mitjavilaslowshop.com\/es\/wp-json\/wp\/v2\/product\/73237","targetHints":{"allow":["GET"]}}],"collection":[{"href":"https:\/\/mitjavilaslowshop.com\/es\/wp-json\/wp\/v2\/product"}],"about":[{"href":"https:\/\/mitjavilaslowshop.com\/es\/wp-json\/wp\/v2\/types\/product"}],"replies":[{"embeddable":true,"href":"https:\/\/mitjavilaslowshop.com\/es\/wp-json\/wp\/v2\/comments?post=73237"}],"version-history":[{"count":7,"href":"https:\/\/mitjavilaslowshop.com\/es\/wp-json\/wp\/v2\/product\/73237\/revisions"}],"predecessor-version":[{"id":86969,"href":"https:\/\/mitjavilaslowshop.com\/es\/wp-json\/wp\/v2\/product\/73237\/revisions\/86969"}],"wp:featuredmedia":[{"embeddable":true,"href":"https:\/\/mitjavilaslowshop.com\/es\/wp-json\/wp\/v2\/media\/73238"}],"wp:attachment":[{"href":"https:\/\/mitjavilaslowshop.com\/es\/wp-json\/wp\/v2\/media?parent=73237"}],"wp:term":[{"taxonomy":"product_brand","embeddable":true,"href":"https:\/\/mitjavilaslowshop.com\/es\/wp-json\/wp\/v2\/product_brand?post=73237"},{"taxonomy":"product_cat","embeddable":true,"href":"https:\/\/mitjavilaslowshop.com\/es\/wp-json\/wp\/v2\/product_cat?post=73237"},{"taxonomy":"product_tag","embeddable":true,"href":"https:\/\/mitjavilaslowshop.com\/es\/wp-json\/wp\/v2\/product_tag?post=73237"}],"curies":[{"name":"wp","href":"https:\/\/api.w.org\/{rel}","templated":true}]}}