{"id":73229,"date":"2026-01-04T18:22:08","date_gmt":"2026-01-04T18:22:08","guid":{"rendered":"https:\/\/mitjavilaslowshop.com\/producte\/mongeta-caparron\/"},"modified":"2026-03-17T13:51:19","modified_gmt":"2026-03-17T13:51:19","slug":"judia-caparron","status":"publish","type":"product","link":"https:\/\/mitjavilaslowshop.com\/es\/producte\/judia-caparron\/","title":{"rendered":"JUD\u00cdA CAPARR\u00d3N"},"content":{"rendered":"<p>La alubia Caparr\u00f3n es una variedad tradicional del norte de Espa\u00f1a, reconocida por su color rojo intenso, textura cremosa y sabor pronunciado. Perfecta para preparar guisos, cremas y estofados t\u00edpicos, aporta un valor nutritivo ideal para una dieta saludable y equilibrada.<br \/> Remojo: 12-16 horas. Tiempo de cocci\u00f3n: en olla convencional 1-2 horas o en olla a presi\u00f3n 30-45 minutos.<br \/> Origen: Castilla y Le\u00f3n<\/p>\n","protected":false},"excerpt":{"rendered":"<p>La alubia Caparr\u00f3n es una variedad tradicional del norte de Espa\u00f1a, reconocida por su color rojo intenso, textura cremosa y sabor pronunciado. Perfecta para preparar guisos, cremas y estofados t\u00edpicos, aporta un valor nutritivo ideal para una dieta saludable y equilibrada. Remojo: 12-16 horas. Tiempo de cocci\u00f3n: en olla convencional 1-2 horas o en olla a presi\u00f3n 30-45 minutos. Origen: Castilla y Le\u00f3n<\/p>\n","protected":false},"featured_media":73230,"comment_status":"open","ping_status":"closed","template":"","meta":{"_acf_changed":false,"_joinchat":[]},"product_brand":[440],"product_cat":[353],"product_tag":[],"class_list":{"0":"post-73229","1":"product","2":"type-product","3":"status-publish","4":"has-post-thumbnail","6":"product_brand-ecologic","7":"product_cat-legumbres","8":"categoria-per-dieta-ecologic","10":"first","11":"instock","12":"taxable","13":"shipping-taxable","14":"purchasable","15":"product-type-variable","16":"has-default-attributes"},"acf":[],"_links":{"self":[{"href":"https:\/\/mitjavilaslowshop.com\/es\/wp-json\/wp\/v2\/product\/73229","targetHints":{"allow":["GET"]}}],"collection":[{"href":"https:\/\/mitjavilaslowshop.com\/es\/wp-json\/wp\/v2\/product"}],"about":[{"href":"https:\/\/mitjavilaslowshop.com\/es\/wp-json\/wp\/v2\/types\/product"}],"replies":[{"embeddable":true,"href":"https:\/\/mitjavilaslowshop.com\/es\/wp-json\/wp\/v2\/comments?post=73229"}],"version-history":[{"count":6,"href":"https:\/\/mitjavilaslowshop.com\/es\/wp-json\/wp\/v2\/product\/73229\/revisions"}],"predecessor-version":[{"id":81749,"href":"https:\/\/mitjavilaslowshop.com\/es\/wp-json\/wp\/v2\/product\/73229\/revisions\/81749"}],"wp:featuredmedia":[{"embeddable":true,"href":"https:\/\/mitjavilaslowshop.com\/es\/wp-json\/wp\/v2\/media\/73230"}],"wp:attachment":[{"href":"https:\/\/mitjavilaslowshop.com\/es\/wp-json\/wp\/v2\/media?parent=73229"}],"wp:term":[{"taxonomy":"product_brand","embeddable":true,"href":"https:\/\/mitjavilaslowshop.com\/es\/wp-json\/wp\/v2\/product_brand?post=73229"},{"taxonomy":"product_cat","embeddable":true,"href":"https:\/\/mitjavilaslowshop.com\/es\/wp-json\/wp\/v2\/product_cat?post=73229"},{"taxonomy":"product_tag","embeddable":true,"href":"https:\/\/mitjavilaslowshop.com\/es\/wp-json\/wp\/v2\/product_tag?post=73229"}],"curies":[{"name":"wp","href":"https:\/\/api.w.org\/{rel}","templated":true}]}}