{"id":73225,"date":"2026-01-04T18:22:09","date_gmt":"2026-01-04T18:22:09","guid":{"rendered":"https:\/\/mitjavilaslowshop.com\/producte\/llentia-pardina-especial\/"},"modified":"2026-04-07T11:25:49","modified_gmt":"2026-04-07T11:25:49","slug":"lenteja-pardina-especial","status":"publish","type":"product","link":"https:\/\/mitjavilaslowshop.com\/es\/producte\/lenteja-pardina-especial\/","title":{"rendered":"LENTEJA PARDINA ESPECIAL"},"content":{"rendered":"<p>La lenteja pardina especial es una variedad apreciada por su tama\u00f1o peque\u00f1o, color marr\u00f3n y textura suave. Su cocci\u00f3n r\u00e1pida y sabor delicado la hacen ideal para platos tradicionales, cremas, ensaladas y guisos. Rica en prote\u00ednas vegetales, fibra y minerales, es perfecta para una alimentaci\u00f3n equilibrada y saludable.<br \/> Remojo: 2-8 horas. Tiempo de cocci\u00f3n: olla convencional 60-90 minutos o olla a presi\u00f3n 30 minutos.<br \/> Origen: Castilla y Le\u00f3n<\/p>\n","protected":false},"excerpt":{"rendered":"<p>La lenteja pardina especial es una variedad apreciada por su tama\u00f1o peque\u00f1o, color marr\u00f3n y textura suave. Su cocci\u00f3n r\u00e1pida y sabor delicado la hacen ideal para platos tradicionales, cremas, ensaladas y guisos. Rica en prote\u00ednas vegetales, fibra y minerales, es perfecta para una alimentaci\u00f3n equilibrada y saludable. Remojo: 2-8 horas. Tiempo de cocci\u00f3n: olla convencional 60-90 minutos o olla a presi\u00f3n 30 minutos. Origen: Castilla y Le\u00f3n<\/p>\n","protected":false},"featured_media":73226,"comment_status":"open","ping_status":"closed","template":"","meta":{"_acf_changed":false,"_joinchat":[]},"product_brand":[440,572],"product_cat":[353],"product_tag":[],"class_list":{"0":"post-73225","1":"product","2":"type-product","3":"status-publish","4":"has-post-thumbnail","6":"product_brand-ecologic","7":"product_brand-gourmet","8":"product_cat-legumbres","9":"categoria-per-dieta-ecologic","10":"categoria-per-dieta-gourmet","12":"first","13":"instock","14":"taxable","15":"shipping-taxable","16":"purchasable","17":"product-type-variable","18":"has-default-attributes"},"acf":[],"_links":{"self":[{"href":"https:\/\/mitjavilaslowshop.com\/es\/wp-json\/wp\/v2\/product\/73225","targetHints":{"allow":["GET"]}}],"collection":[{"href":"https:\/\/mitjavilaslowshop.com\/es\/wp-json\/wp\/v2\/product"}],"about":[{"href":"https:\/\/mitjavilaslowshop.com\/es\/wp-json\/wp\/v2\/types\/product"}],"replies":[{"embeddable":true,"href":"https:\/\/mitjavilaslowshop.com\/es\/wp-json\/wp\/v2\/comments?post=73225"}],"version-history":[{"count":7,"href":"https:\/\/mitjavilaslowshop.com\/es\/wp-json\/wp\/v2\/product\/73225\/revisions"}],"predecessor-version":[{"id":90477,"href":"https:\/\/mitjavilaslowshop.com\/es\/wp-json\/wp\/v2\/product\/73225\/revisions\/90477"}],"wp:featuredmedia":[{"embeddable":true,"href":"https:\/\/mitjavilaslowshop.com\/es\/wp-json\/wp\/v2\/media\/73226"}],"wp:attachment":[{"href":"https:\/\/mitjavilaslowshop.com\/es\/wp-json\/wp\/v2\/media?parent=73225"}],"wp:term":[{"taxonomy":"product_brand","embeddable":true,"href":"https:\/\/mitjavilaslowshop.com\/es\/wp-json\/wp\/v2\/product_brand?post=73225"},{"taxonomy":"product_cat","embeddable":true,"href":"https:\/\/mitjavilaslowshop.com\/es\/wp-json\/wp\/v2\/product_cat?post=73225"},{"taxonomy":"product_tag","embeddable":true,"href":"https:\/\/mitjavilaslowshop.com\/es\/wp-json\/wp\/v2\/product_tag?post=73225"}],"curies":[{"name":"wp","href":"https:\/\/api.w.org\/{rel}","templated":true}]}}