{"id":73221,"date":"2026-01-04T18:22:10","date_gmt":"2026-01-04T18:22:10","guid":{"rendered":"https:\/\/mitjavilaslowshop.com\/producte\/llentia-castellana\/"},"modified":"2026-04-07T11:31:53","modified_gmt":"2026-04-07T11:31:53","slug":"lenteja-castellana","status":"publish","type":"product","link":"https:\/\/mitjavilaslowshop.com\/es\/producte\/lenteja-castellana\/","title":{"rendered":"LENTEJA CASTELLANA"},"content":{"rendered":"<p>La lenteja castellana es una variedad tradicional de grano grande y textura suave, perfecta para recetas cl\u00e1sicas como guisos de lentejas, cremas y ensaladas. Se caracteriza por su sabor intenso y alto valor nutricional, siendo una excelente fuente de prote\u00ednas vegetales, fibra y minerales esenciales, ideal para una alimentaci\u00f3n saludable y equilibrada.<br \/> Remojo: 2-8 horas. Tiempo de cocci\u00f3n: en olla convencional 1-2 horas o en olla a presi\u00f3n 45 minutos.<br \/> Origen: Castilla-La Mancha<\/p>\n","protected":false},"excerpt":{"rendered":"<p>La lenteja castellana es una variedad tradicional de grano grande y textura suave, perfecta para recetas cl\u00e1sicas como guisos de lentejas, cremas y ensaladas. Se caracteriza por su sabor intenso y alto valor nutricional, siendo una excelente fuente de prote\u00ednas vegetales, fibra y minerales esenciales, ideal para una alimentaci\u00f3n saludable y equilibrada. Remojo: 2-8 horas. Tiempo de cocci\u00f3n: en olla convencional 1-2 horas o en olla a presi\u00f3n 45 minutos. Origen: Castilla-La Mancha<\/p>\n","protected":false},"featured_media":73222,"comment_status":"open","ping_status":"closed","template":"","meta":{"_acf_changed":false,"_joinchat":[]},"product_brand":[440,572],"product_cat":[353],"product_tag":[],"class_list":{"0":"post-73221","1":"product","2":"type-product","3":"status-publish","4":"has-post-thumbnail","6":"product_brand-ecologic","7":"product_brand-gourmet","8":"product_cat-legumbres","9":"categoria-per-dieta-ecologic","10":"categoria-per-dieta-gourmet","12":"first","13":"instock","14":"taxable","15":"shipping-taxable","16":"purchasable","17":"product-type-variable","18":"has-default-attributes"},"acf":[],"_links":{"self":[{"href":"https:\/\/mitjavilaslowshop.com\/es\/wp-json\/wp\/v2\/product\/73221","targetHints":{"allow":["GET"]}}],"collection":[{"href":"https:\/\/mitjavilaslowshop.com\/es\/wp-json\/wp\/v2\/product"}],"about":[{"href":"https:\/\/mitjavilaslowshop.com\/es\/wp-json\/wp\/v2\/types\/product"}],"replies":[{"embeddable":true,"href":"https:\/\/mitjavilaslowshop.com\/es\/wp-json\/wp\/v2\/comments?post=73221"}],"version-history":[{"count":7,"href":"https:\/\/mitjavilaslowshop.com\/es\/wp-json\/wp\/v2\/product\/73221\/revisions"}],"predecessor-version":[{"id":90505,"href":"https:\/\/mitjavilaslowshop.com\/es\/wp-json\/wp\/v2\/product\/73221\/revisions\/90505"}],"wp:featuredmedia":[{"embeddable":true,"href":"https:\/\/mitjavilaslowshop.com\/es\/wp-json\/wp\/v2\/media\/73222"}],"wp:attachment":[{"href":"https:\/\/mitjavilaslowshop.com\/es\/wp-json\/wp\/v2\/media?parent=73221"}],"wp:term":[{"taxonomy":"product_brand","embeddable":true,"href":"https:\/\/mitjavilaslowshop.com\/es\/wp-json\/wp\/v2\/product_brand?post=73221"},{"taxonomy":"product_cat","embeddable":true,"href":"https:\/\/mitjavilaslowshop.com\/es\/wp-json\/wp\/v2\/product_cat?post=73221"},{"taxonomy":"product_tag","embeddable":true,"href":"https:\/\/mitjavilaslowshop.com\/es\/wp-json\/wp\/v2\/product_tag?post=73221"}],"curies":[{"name":"wp","href":"https:\/\/api.w.org\/{rel}","templated":true}]}}