{"id":73213,"date":"2026-01-04T18:22:11","date_gmt":"2026-01-04T18:22:11","guid":{"rendered":"https:\/\/mitjavilaslowshop.com\/producte\/llentia-vermella-pelada\/"},"modified":"2026-03-17T13:51:16","modified_gmt":"2026-03-17T13:51:16","slug":"lenteja-roja-pelada","status":"publish","type":"product","link":"https:\/\/mitjavilaslowshop.com\/es\/producte\/lenteja-roja-pelada\/","title":{"rendered":"LENTEJA ROJA PELADA"},"content":{"rendered":"<p>La lenteja roja pelada es una variedad apreciada por su textura suave, sabor delicado y r\u00e1pida cocci\u00f3n. Perfecta para preparar cremas, pur\u00e9s, sopas y recetas veganas, contribuye a una dieta saludable y equilibrada. A diferencia de otras lentejas, no necesita remojo y se deshace f\u00e1cilmente, proporcionando una textura cremosa a tus platos.<br \/> Sin necesidad de remojo. Tiempo de cocci\u00f3n: olla convencional 15-20 minutos o olla a presi\u00f3n 5-10 minutos.<br \/> Origen: Norteam\u00e9rica<\/p>\n","protected":false},"excerpt":{"rendered":"<p>La lenteja roja pelada es una variedad apreciada por su textura suave, sabor delicado y r\u00e1pida cocci\u00f3n. Perfecta para preparar cremas, pur\u00e9s, sopas y recetas veganas, contribuye a una dieta saludable y equilibrada. A diferencia de otras lentejas, no necesita remojo y se deshace f\u00e1cilmente, proporcionando una textura cremosa a tus platos. Sin necesidad de remojo. Tiempo de cocci\u00f3n: olla convencional 15-20 minutos o olla a presi\u00f3n 5-10 minutos. Origen: Norteam\u00e9rica<\/p>\n","protected":false},"featured_media":73214,"comment_status":"open","ping_status":"closed","template":"","meta":{"_acf_changed":false,"_joinchat":[]},"product_brand":[440,572],"product_cat":[353],"product_tag":[],"class_list":{"0":"post-73213","1":"product","2":"type-product","3":"status-publish","4":"has-post-thumbnail","6":"product_brand-ecologic","7":"product_brand-gourmet","8":"product_cat-legumbres","9":"categoria-per-dieta-ecologic","10":"categoria-per-dieta-gourmet","12":"first","13":"instock","14":"taxable","15":"shipping-taxable","16":"purchasable","17":"product-type-variable","18":"has-default-attributes"},"acf":[],"_links":{"self":[{"href":"https:\/\/mitjavilaslowshop.com\/es\/wp-json\/wp\/v2\/product\/73213","targetHints":{"allow":["GET"]}}],"collection":[{"href":"https:\/\/mitjavilaslowshop.com\/es\/wp-json\/wp\/v2\/product"}],"about":[{"href":"https:\/\/mitjavilaslowshop.com\/es\/wp-json\/wp\/v2\/types\/product"}],"replies":[{"embeddable":true,"href":"https:\/\/mitjavilaslowshop.com\/es\/wp-json\/wp\/v2\/comments?post=73213"}],"version-history":[{"count":6,"href":"https:\/\/mitjavilaslowshop.com\/es\/wp-json\/wp\/v2\/product\/73213\/revisions"}],"predecessor-version":[{"id":81745,"href":"https:\/\/mitjavilaslowshop.com\/es\/wp-json\/wp\/v2\/product\/73213\/revisions\/81745"}],"wp:featuredmedia":[{"embeddable":true,"href":"https:\/\/mitjavilaslowshop.com\/es\/wp-json\/wp\/v2\/media\/73214"}],"wp:attachment":[{"href":"https:\/\/mitjavilaslowshop.com\/es\/wp-json\/wp\/v2\/media?parent=73213"}],"wp:term":[{"taxonomy":"product_brand","embeddable":true,"href":"https:\/\/mitjavilaslowshop.com\/es\/wp-json\/wp\/v2\/product_brand?post=73213"},{"taxonomy":"product_cat","embeddable":true,"href":"https:\/\/mitjavilaslowshop.com\/es\/wp-json\/wp\/v2\/product_cat?post=73213"},{"taxonomy":"product_tag","embeddable":true,"href":"https:\/\/mitjavilaslowshop.com\/es\/wp-json\/wp\/v2\/product_tag?post=73213"}],"curies":[{"name":"wp","href":"https:\/\/api.w.org\/{rel}","templated":true}]}}