{"id":73209,"date":"2026-01-04T18:22:11","date_gmt":"2026-01-04T18:22:11","guid":{"rendered":"https:\/\/mitjavilaslowshop.com\/producte\/llentia-especial\/"},"modified":"2026-04-07T13:26:26","modified_gmt":"2026-04-07T13:26:26","slug":"lenteja-especial","status":"publish","type":"product","link":"https:\/\/mitjavilaslowshop.com\/es\/producte\/lenteja-especial\/","title":{"rendered":"LENTEJA ESPECIAL"},"content":{"rendered":"<p>La lenteja especial es una variedad vers\u00e1til, valorada por su textura suave y sabor delicado. Perfecta para preparar platos tradicionales, cremas, ensaladas y guisos, contribuye a una dieta equilibrada y saludable. Rica en prote\u00ednas vegetales, fibra y minerales, es un ingrediente esencial en la cocina mediterr\u00e1nea.<br \/> Remojar de 2 a 12 horas. Tiempo de cocci\u00f3n: en olla convencional 1-2 horas o en olla a presi\u00f3n 45 minutos.<br \/> Origen: Salamanca<\/p>\n","protected":false},"excerpt":{"rendered":"<p>La lenteja especial es una variedad vers\u00e1til, valorada por su textura suave y sabor delicado. Perfecta para preparar platos tradicionales, cremas, ensaladas y guisos, contribuye a una dieta equilibrada y saludable. Rica en prote\u00ednas vegetales, fibra y minerales, es un ingrediente esencial en la cocina mediterr\u00e1nea. Remojar de 2 a 12 horas. Tiempo de cocci\u00f3n: en olla convencional 1-2 horas o en olla a presi\u00f3n 45 minutos. Origen: Salamanca<\/p>\n","protected":false},"featured_media":73210,"comment_status":"open","ping_status":"closed","template":"","meta":{"_acf_changed":false,"_joinchat":[]},"product_brand":[440,572],"product_cat":[353],"product_tag":[],"class_list":{"0":"post-73209","1":"product","2":"type-product","3":"status-publish","4":"has-post-thumbnail","6":"product_brand-ecologic","7":"product_brand-gourmet","8":"product_cat-legumbres","9":"categoria-per-dieta-ecologic","10":"categoria-per-dieta-gourmet","12":"first","13":"instock","14":"taxable","15":"shipping-taxable","16":"purchasable","17":"product-type-variable","18":"has-default-attributes"},"acf":[],"_links":{"self":[{"href":"https:\/\/mitjavilaslowshop.com\/es\/wp-json\/wp\/v2\/product\/73209","targetHints":{"allow":["GET"]}}],"collection":[{"href":"https:\/\/mitjavilaslowshop.com\/es\/wp-json\/wp\/v2\/product"}],"about":[{"href":"https:\/\/mitjavilaslowshop.com\/es\/wp-json\/wp\/v2\/types\/product"}],"replies":[{"embeddable":true,"href":"https:\/\/mitjavilaslowshop.com\/es\/wp-json\/wp\/v2\/comments?post=73209"}],"version-history":[{"count":7,"href":"https:\/\/mitjavilaslowshop.com\/es\/wp-json\/wp\/v2\/product\/73209\/revisions"}],"predecessor-version":[{"id":90562,"href":"https:\/\/mitjavilaslowshop.com\/es\/wp-json\/wp\/v2\/product\/73209\/revisions\/90562"}],"wp:featuredmedia":[{"embeddable":true,"href":"https:\/\/mitjavilaslowshop.com\/es\/wp-json\/wp\/v2\/media\/73210"}],"wp:attachment":[{"href":"https:\/\/mitjavilaslowshop.com\/es\/wp-json\/wp\/v2\/media?parent=73209"}],"wp:term":[{"taxonomy":"product_brand","embeddable":true,"href":"https:\/\/mitjavilaslowshop.com\/es\/wp-json\/wp\/v2\/product_brand?post=73209"},{"taxonomy":"product_cat","embeddable":true,"href":"https:\/\/mitjavilaslowshop.com\/es\/wp-json\/wp\/v2\/product_cat?post=73209"},{"taxonomy":"product_tag","embeddable":true,"href":"https:\/\/mitjavilaslowshop.com\/es\/wp-json\/wp\/v2\/product_tag?post=73209"}],"curies":[{"name":"wp","href":"https:\/\/api.w.org\/{rel}","templated":true}]}}