{"id":73205,"date":"2026-01-04T18:22:12","date_gmt":"2026-01-04T18:22:12","guid":{"rendered":"https:\/\/mitjavilaslowshop.com\/producte\/llentia-caviar-beluga\/"},"modified":"2026-04-07T13:50:30","modified_gmt":"2026-04-07T13:50:30","slug":"lenteja-caviar-beluga","status":"publish","type":"product","link":"https:\/\/mitjavilaslowshop.com\/es\/producte\/lenteja-caviar-beluga\/","title":{"rendered":"LENTEJA CAVIAR BELUGA"},"content":{"rendered":"<p>La lenteja Caviar Beluga es una variedad premium, caracterizada por su grano peque\u00f1o, redondo y negro brillante, similar al caviar. Su textura suave y sabor delicado la hacen ideal para platos sofisticados, ensaladas, cremas y guisos ligeros. Rica en prote\u00ednas vegetales, fibra y minerales, es perfecta para una dieta saludable y equilibrada.<br \/> Remojo: 2-8 horas. Tiempo de cocci\u00f3n: olla convencional 60-90 minutos o olla a presi\u00f3n 30 minutos.<br \/> Origen: Norteam\u00e9rica<\/p>\n","protected":false},"excerpt":{"rendered":"<p>La lenteja Caviar Beluga es una variedad premium, caracterizada por su grano peque\u00f1o, redondo y negro brillante, similar al caviar. Su textura suave y sabor delicado la hacen ideal para platos sofisticados, ensaladas, cremas y guisos ligeros. Rica en prote\u00ednas vegetales, fibra y minerales, es perfecta para una dieta saludable y equilibrada. Remojo: 2-8 horas. Tiempo de cocci\u00f3n: olla convencional 60-90 minutos o olla a presi\u00f3n 30 minutos. Origen: Norteam\u00e9rica<\/p>\n","protected":false},"featured_media":73206,"comment_status":"open","ping_status":"closed","template":"","meta":{"_acf_changed":false,"_joinchat":[]},"product_brand":[440,572],"product_cat":[353],"product_tag":[],"class_list":{"0":"post-73205","1":"product","2":"type-product","3":"status-publish","4":"has-post-thumbnail","6":"product_brand-ecologic","7":"product_brand-gourmet","8":"product_cat-legumbres","9":"categoria-per-dieta-ecologic","10":"categoria-per-dieta-gourmet","12":"first","13":"instock","14":"taxable","15":"shipping-taxable","16":"purchasable","17":"product-type-variable","18":"has-default-attributes"},"acf":[],"_links":{"self":[{"href":"https:\/\/mitjavilaslowshop.com\/es\/wp-json\/wp\/v2\/product\/73205","targetHints":{"allow":["GET"]}}],"collection":[{"href":"https:\/\/mitjavilaslowshop.com\/es\/wp-json\/wp\/v2\/product"}],"about":[{"href":"https:\/\/mitjavilaslowshop.com\/es\/wp-json\/wp\/v2\/types\/product"}],"replies":[{"embeddable":true,"href":"https:\/\/mitjavilaslowshop.com\/es\/wp-json\/wp\/v2\/comments?post=73205"}],"version-history":[{"count":7,"href":"https:\/\/mitjavilaslowshop.com\/es\/wp-json\/wp\/v2\/product\/73205\/revisions"}],"predecessor-version":[{"id":90618,"href":"https:\/\/mitjavilaslowshop.com\/es\/wp-json\/wp\/v2\/product\/73205\/revisions\/90618"}],"wp:featuredmedia":[{"embeddable":true,"href":"https:\/\/mitjavilaslowshop.com\/es\/wp-json\/wp\/v2\/media\/73206"}],"wp:attachment":[{"href":"https:\/\/mitjavilaslowshop.com\/es\/wp-json\/wp\/v2\/media?parent=73205"}],"wp:term":[{"taxonomy":"product_brand","embeddable":true,"href":"https:\/\/mitjavilaslowshop.com\/es\/wp-json\/wp\/v2\/product_brand?post=73205"},{"taxonomy":"product_cat","embeddable":true,"href":"https:\/\/mitjavilaslowshop.com\/es\/wp-json\/wp\/v2\/product_cat?post=73205"},{"taxonomy":"product_tag","embeddable":true,"href":"https:\/\/mitjavilaslowshop.com\/es\/wp-json\/wp\/v2\/product_tag?post=73205"}],"curies":[{"name":"wp","href":"https:\/\/api.w.org\/{rel}","templated":true}]}}