{"id":73197,"date":"2026-01-04T18:22:13","date_gmt":"2026-01-04T18:22:13","guid":{"rendered":"https:\/\/mitjavilaslowshop.com\/producte\/soja-vermella-azuki\/"},"modified":"2026-03-17T13:51:14","modified_gmt":"2026-03-17T13:51:14","slug":"soja-roja-azuki","status":"publish","type":"product","link":"https:\/\/mitjavilaslowshop.com\/es\/producte\/soja-roja-azuki\/","title":{"rendered":"SOJA ROJA AZUKI"},"content":{"rendered":"<p>La soja roja Azuki es una legumbre apreciada en la gastronom\u00eda asi\u00e1tica y macrobi\u00f3tica por su color rojo vibrante, textura delicada y sabor suave con un toque dulce. Perfecta para preparar platos saludables como cremas, pur\u00e9s, guisos, postres y recetas veganas, aporta prote\u00ednas vegetales, fibra y minerales esenciales.<br \/>Origen: Argentina<\/p>\n","protected":false},"excerpt":{"rendered":"<p>La soja roja Azuki es una legumbre apreciada en la gastronom\u00eda asi\u00e1tica y macrobi\u00f3tica por su color rojo vibrante, textura delicada y sabor suave con un toque dulce. Perfecta para preparar platos saludables como cremas, pur\u00e9s, guisos, postres y recetas veganas, aporta prote\u00ednas vegetales, fibra y minerales esenciales.Origen: Argentina<\/p>\n","protected":false},"featured_media":73198,"comment_status":"open","ping_status":"closed","template":"","meta":{"_acf_changed":false,"_joinchat":[]},"product_brand":[440,572],"product_cat":[353],"product_tag":[],"class_list":{"0":"post-73197","1":"product","2":"type-product","3":"status-publish","4":"has-post-thumbnail","6":"product_brand-ecologic","7":"product_brand-gourmet","8":"product_cat-legumbres","9":"categoria-per-dieta-ecologic","10":"categoria-per-dieta-gourmet","12":"first","13":"instock","14":"taxable","15":"shipping-taxable","16":"purchasable","17":"product-type-variable","18":"has-default-attributes"},"acf":[],"_links":{"self":[{"href":"https:\/\/mitjavilaslowshop.com\/es\/wp-json\/wp\/v2\/product\/73197","targetHints":{"allow":["GET"]}}],"collection":[{"href":"https:\/\/mitjavilaslowshop.com\/es\/wp-json\/wp\/v2\/product"}],"about":[{"href":"https:\/\/mitjavilaslowshop.com\/es\/wp-json\/wp\/v2\/types\/product"}],"replies":[{"embeddable":true,"href":"https:\/\/mitjavilaslowshop.com\/es\/wp-json\/wp\/v2\/comments?post=73197"}],"version-history":[{"count":6,"href":"https:\/\/mitjavilaslowshop.com\/es\/wp-json\/wp\/v2\/product\/73197\/revisions"}],"predecessor-version":[{"id":81741,"href":"https:\/\/mitjavilaslowshop.com\/es\/wp-json\/wp\/v2\/product\/73197\/revisions\/81741"}],"wp:featuredmedia":[{"embeddable":true,"href":"https:\/\/mitjavilaslowshop.com\/es\/wp-json\/wp\/v2\/media\/73198"}],"wp:attachment":[{"href":"https:\/\/mitjavilaslowshop.com\/es\/wp-json\/wp\/v2\/media?parent=73197"}],"wp:term":[{"taxonomy":"product_brand","embeddable":true,"href":"https:\/\/mitjavilaslowshop.com\/es\/wp-json\/wp\/v2\/product_brand?post=73197"},{"taxonomy":"product_cat","embeddable":true,"href":"https:\/\/mitjavilaslowshop.com\/es\/wp-json\/wp\/v2\/product_cat?post=73197"},{"taxonomy":"product_tag","embeddable":true,"href":"https:\/\/mitjavilaslowshop.com\/es\/wp-json\/wp\/v2\/product_tag?post=73197"}],"curies":[{"name":"wp","href":"https:\/\/api.w.org\/{rel}","templated":true}]}}