{"id":73185,"date":"2026-01-04T18:22:15","date_gmt":"2026-01-04T18:22:15","guid":{"rendered":"https:\/\/mitjavilaslowshop.com\/producte\/pesol-verd-pelat-partit\/"},"modified":"2026-04-10T13:52:26","modified_gmt":"2026-04-10T13:52:26","slug":"guisante-verde-pelado-partido","status":"publish","type":"product","link":"https:\/\/mitjavilaslowshop.com\/es\/producte\/guisante-verde-pelado-partido\/","title":{"rendered":"GUISANTE VERDE PELADO PARTIDO"},"content":{"rendered":"<p>El guisante verde partido y pelado es perfecto para recetas saludables y ligeras. Al estar sin piel y dividido, se cocina r\u00e1pidamente, ideal para cremas, pur\u00e9s, sopas y platos veganos. Ofrece una textura suave y cremosa, adem\u00e1s de ser una excelente fuente natural de prote\u00ednas vegetales, fibra y minerales esenciales.<\/p>\n<p> Origen: Am\u00e9rica<\/p>\n","protected":false},"excerpt":{"rendered":"<p>El guisante verde partido y pelado es perfecto para recetas saludables y ligeras. Al estar sin piel y dividido, se cocina r\u00e1pidamente, ideal para cremas, pur\u00e9s, sopas y platos veganos. Ofrece una textura suave y cremosa, adem\u00e1s de ser una excelente fuente natural de prote\u00ednas vegetales, fibra y minerales esenciales.<\/p>\n<p> Origen: Am\u00e9rica<\/p>\n","protected":false},"featured_media":73186,"comment_status":"open","ping_status":"closed","template":"","meta":{"_acf_changed":false,"_joinchat":[]},"product_brand":[440,572],"product_cat":[353],"product_tag":[],"class_list":{"0":"post-73185","1":"product","2":"type-product","3":"status-publish","4":"has-post-thumbnail","6":"product_brand-ecologic","7":"product_brand-gourmet","8":"product_cat-legumbres","9":"categoria-per-dieta-ecologic","10":"categoria-per-dieta-gourmet","12":"first","13":"instock","14":"taxable","15":"shipping-taxable","16":"purchasable","17":"product-type-variable","18":"has-default-attributes"},"acf":[],"_links":{"self":[{"href":"https:\/\/mitjavilaslowshop.com\/es\/wp-json\/wp\/v2\/product\/73185","targetHints":{"allow":["GET"]}}],"collection":[{"href":"https:\/\/mitjavilaslowshop.com\/es\/wp-json\/wp\/v2\/product"}],"about":[{"href":"https:\/\/mitjavilaslowshop.com\/es\/wp-json\/wp\/v2\/types\/product"}],"replies":[{"embeddable":true,"href":"https:\/\/mitjavilaslowshop.com\/es\/wp-json\/wp\/v2\/comments?post=73185"}],"version-history":[{"count":7,"href":"https:\/\/mitjavilaslowshop.com\/es\/wp-json\/wp\/v2\/product\/73185\/revisions"}],"predecessor-version":[{"id":91558,"href":"https:\/\/mitjavilaslowshop.com\/es\/wp-json\/wp\/v2\/product\/73185\/revisions\/91558"}],"wp:featuredmedia":[{"embeddable":true,"href":"https:\/\/mitjavilaslowshop.com\/es\/wp-json\/wp\/v2\/media\/73186"}],"wp:attachment":[{"href":"https:\/\/mitjavilaslowshop.com\/es\/wp-json\/wp\/v2\/media?parent=73185"}],"wp:term":[{"taxonomy":"product_brand","embeddable":true,"href":"https:\/\/mitjavilaslowshop.com\/es\/wp-json\/wp\/v2\/product_brand?post=73185"},{"taxonomy":"product_cat","embeddable":true,"href":"https:\/\/mitjavilaslowshop.com\/es\/wp-json\/wp\/v2\/product_cat?post=73185"},{"taxonomy":"product_tag","embeddable":true,"href":"https:\/\/mitjavilaslowshop.com\/es\/wp-json\/wp\/v2\/product_tag?post=73185"}],"curies":[{"name":"wp","href":"https:\/\/api.w.org\/{rel}","templated":true}]}}