{"id":73177,"date":"2026-01-04T18:22:16","date_gmt":"2026-01-04T18:22:16","guid":{"rendered":"https:\/\/mitjavilaslowshop.com\/producte\/granola-original-eco\/"},"modified":"2026-04-10T12:16:06","modified_gmt":"2026-04-10T12:16:06","slug":"granola-original-ecologica","status":"publish","type":"product","link":"https:\/\/mitjavilaslowshop.com\/es\/producte\/granola-original-ecologica\/","title":{"rendered":"GRANOLA ORIGINAL ECOL\u00d3GICA"},"content":{"rendered":"<p>Nuestra granola Original es una fuente natural de prote\u00ednas, fibra y grasas saludables, ideal para mantener tu energ\u00eda durante el d\u00eda. Con antioxidantes que fortalecen tu sistema inmunol\u00f3gico y apoyan la digesti\u00f3n. Una opci\u00f3n deliciosa y equilibrada ideal tanto para platos dulces como salados.<br \/>\nTrigo sarraceno* (44%), almendra (13%), avellana (9%), coco, pipa de calabaza, semilla de girasol, jarabe de agave, baya de goji deshidratada, aceite de coco.<br \/>\nOrigen: Barcelona<\/p>\n","protected":false},"excerpt":{"rendered":"<p>Nuestra granola Original es una fuente natural de prote\u00ednas, fibra y grasas saludables, ideal para mantener tu energ\u00eda durante el d\u00eda. Con antioxidantes que fortalecen tu sistema inmunol\u00f3gico y apoyan la digesti\u00f3n. Una opci\u00f3n deliciosa y equilibrada ideal tanto para platos dulces como salados.<br \/>\nTrigo sarraceno* (44%), almendra (13%), avellana (9%), coco, pipa de calabaza, semilla de girasol, jarabe de agave, baya de goji deshidratada, aceite de coco.<br \/>\nOrigen: Barcelona<\/p>\n","protected":false},"featured_media":73178,"comment_status":"open","ping_status":"closed","template":"","meta":{"_acf_changed":false,"_joinchat":[]},"product_brand":[440,572],"product_cat":[347],"product_tag":[],"class_list":{"0":"post-73177","1":"product","2":"type-product","3":"status-publish","4":"has-post-thumbnail","6":"product_brand-ecologic","7":"product_brand-gourmet","8":"product_cat-cereales-de-desayuno","9":"categoria-per-dieta-ecologic","10":"categoria-per-dieta-gourmet","12":"first","13":"instock","14":"taxable","15":"shipping-taxable","16":"purchasable","17":"product-type-variable"},"acf":[],"_links":{"self":[{"href":"https:\/\/mitjavilaslowshop.com\/es\/wp-json\/wp\/v2\/product\/73177","targetHints":{"allow":["GET"]}}],"collection":[{"href":"https:\/\/mitjavilaslowshop.com\/es\/wp-json\/wp\/v2\/product"}],"about":[{"href":"https:\/\/mitjavilaslowshop.com\/es\/wp-json\/wp\/v2\/types\/product"}],"replies":[{"embeddable":true,"href":"https:\/\/mitjavilaslowshop.com\/es\/wp-json\/wp\/v2\/comments?post=73177"}],"version-history":[{"count":7,"href":"https:\/\/mitjavilaslowshop.com\/es\/wp-json\/wp\/v2\/product\/73177\/revisions"}],"predecessor-version":[{"id":91527,"href":"https:\/\/mitjavilaslowshop.com\/es\/wp-json\/wp\/v2\/product\/73177\/revisions\/91527"}],"wp:featuredmedia":[{"embeddable":true,"href":"https:\/\/mitjavilaslowshop.com\/es\/wp-json\/wp\/v2\/media\/73178"}],"wp:attachment":[{"href":"https:\/\/mitjavilaslowshop.com\/es\/wp-json\/wp\/v2\/media?parent=73177"}],"wp:term":[{"taxonomy":"product_brand","embeddable":true,"href":"https:\/\/mitjavilaslowshop.com\/es\/wp-json\/wp\/v2\/product_brand?post=73177"},{"taxonomy":"product_cat","embeddable":true,"href":"https:\/\/mitjavilaslowshop.com\/es\/wp-json\/wp\/v2\/product_cat?post=73177"},{"taxonomy":"product_tag","embeddable":true,"href":"https:\/\/mitjavilaslowshop.com\/es\/wp-json\/wp\/v2\/product_tag?post=73177"}],"curies":[{"name":"wp","href":"https:\/\/api.w.org\/{rel}","templated":true}]}}