{"id":73161,"date":"2026-01-04T18:22:18","date_gmt":"2026-01-04T18:22:18","guid":{"rendered":"https:\/\/mitjavilaslowshop.com\/producte\/granola-mediterrania-eco\/"},"modified":"2026-04-10T11:54:40","modified_gmt":"2026-04-10T11:54:40","slug":"granola-mediterranea-ecologica","status":"publish","type":"product","link":"https:\/\/mitjavilaslowshop.com\/es\/producte\/granola-mediterranea-ecologica\/","title":{"rendered":"GRANOLA MEDITERR\u00c1NEA ECOL\u00d3GICA"},"content":{"rendered":"<p>Descubre la suavidad de nuestra avena con canela Ceil\u00e1n, almendras, semillas de calabaza, ch\u00eda, semillas de girasol, coco laminado, un toque de sal, aceite de coco y jarabe de agave.<br \/>\nEsta mezcla ofrece una deliciosa y nutritiva experiencia, perfecta para elevar tus desayunos o como topping irresistible para cremas y postres.<br \/>\nCopos de avena, aceite de coco, jarabe de agave, almendra, pipa de girasol, pipa de calabaza, semillas de ch\u00eda, canela Ceylan, coco laminado deshidratado, sal del Himalaya.<\/p>\n<p>Origen: Barcelona<\/p>\n","protected":false},"excerpt":{"rendered":"<p>Descubre la suavidad de nuestra avena con canela Ceil\u00e1n, almendras, semillas de calabaza, ch\u00eda, semillas de girasol, coco laminado, un toque de sal, aceite de coco y jarabe de agave.<br \/>\nEsta mezcla ofrece una deliciosa y nutritiva experiencia, perfecta para elevar tus desayunos o como topping irresistible para cremas y postres.<br \/>\nCopos de avena, aceite de coco, jarabe de agave, almendra, pipa de girasol, pipa de calabaza, semillas de ch\u00eda, canela Ceylan, coco laminado deshidratado, sal del Himalaya.<\/p>\n<p>Origen: Barcelona<\/p>\n","protected":false},"featured_media":73162,"comment_status":"open","ping_status":"closed","template":"","meta":{"_acf_changed":false,"_joinchat":[]},"product_brand":[440,572],"product_cat":[347],"product_tag":[],"class_list":{"0":"post-73161","1":"product","2":"type-product","3":"status-publish","4":"has-post-thumbnail","6":"product_brand-ecologic","7":"product_brand-gourmet","8":"product_cat-cereales-de-desayuno","9":"categoria-per-dieta-ecologic","10":"categoria-per-dieta-gourmet","12":"first","13":"instock","14":"taxable","15":"shipping-taxable","16":"purchasable","17":"product-type-variable","18":"has-default-attributes"},"acf":[],"_links":{"self":[{"href":"https:\/\/mitjavilaslowshop.com\/es\/wp-json\/wp\/v2\/product\/73161","targetHints":{"allow":["GET"]}}],"collection":[{"href":"https:\/\/mitjavilaslowshop.com\/es\/wp-json\/wp\/v2\/product"}],"about":[{"href":"https:\/\/mitjavilaslowshop.com\/es\/wp-json\/wp\/v2\/types\/product"}],"replies":[{"embeddable":true,"href":"https:\/\/mitjavilaslowshop.com\/es\/wp-json\/wp\/v2\/comments?post=73161"}],"version-history":[{"count":7,"href":"https:\/\/mitjavilaslowshop.com\/es\/wp-json\/wp\/v2\/product\/73161\/revisions"}],"predecessor-version":[{"id":91462,"href":"https:\/\/mitjavilaslowshop.com\/es\/wp-json\/wp\/v2\/product\/73161\/revisions\/91462"}],"wp:featuredmedia":[{"embeddable":true,"href":"https:\/\/mitjavilaslowshop.com\/es\/wp-json\/wp\/v2\/media\/73162"}],"wp:attachment":[{"href":"https:\/\/mitjavilaslowshop.com\/es\/wp-json\/wp\/v2\/media?parent=73161"}],"wp:term":[{"taxonomy":"product_brand","embeddable":true,"href":"https:\/\/mitjavilaslowshop.com\/es\/wp-json\/wp\/v2\/product_brand?post=73161"},{"taxonomy":"product_cat","embeddable":true,"href":"https:\/\/mitjavilaslowshop.com\/es\/wp-json\/wp\/v2\/product_cat?post=73161"},{"taxonomy":"product_tag","embeddable":true,"href":"https:\/\/mitjavilaslowshop.com\/es\/wp-json\/wp\/v2\/product_tag?post=73161"}],"curies":[{"name":"wp","href":"https:\/\/api.w.org\/{rel}","templated":true}]}}