{"id":73157,"date":"2026-01-04T18:22:18","date_gmt":"2026-01-04T18:22:18","guid":{"rendered":"https:\/\/mitjavilaslowshop.com\/producte\/granola-cacau-eco\/"},"modified":"2026-04-10T11:43:27","modified_gmt":"2026-04-10T11:43:27","slug":"granola-de-cacao-ecologica","status":"publish","type":"product","link":"https:\/\/mitjavilaslowshop.com\/es\/producte\/granola-de-cacao-ecologica\/","title":{"rendered":"GRANOLA DE CACAO ECOL\u00d3GICA"},"content":{"rendered":"<p>Esta mezcla es la versi\u00f3n saludable de los cereales de tu infancia, hecha con avena de calidad, cacao puro sin az\u00facar, arroz hinchado, avellanas, semillas de girasol, aceite de coco, jarabe de agave y un toque de sal.<br \/>\nCopos de avena, jarabe de agave, aceite de coco, avellana, pipa de girasol, arroz hinchado, coco, cacao, sal del Himalaya.<\/p>\n<p>Origen: Barcelona<\/p>\n","protected":false},"excerpt":{"rendered":"<p>Esta mezcla es la versi\u00f3n saludable de los cereales de tu infancia, hecha con avena de calidad, cacao puro sin az\u00facar, arroz hinchado, avellanas, semillas de girasol, aceite de coco, jarabe de agave y un toque de sal.<br \/>\nCopos de avena, jarabe de agave, aceite de coco, avellana, pipa de girasol, arroz hinchado, coco, cacao, sal del Himalaya.<\/p>\n<p>Origen: Barcelona<\/p>\n","protected":false},"featured_media":73158,"comment_status":"open","ping_status":"closed","template":"","meta":{"_acf_changed":false,"_joinchat":[]},"product_brand":[440,572],"product_cat":[347],"product_tag":[],"class_list":{"0":"post-73157","1":"product","2":"type-product","3":"status-publish","4":"has-post-thumbnail","6":"product_brand-ecologic","7":"product_brand-gourmet","8":"product_cat-cereales-de-desayuno","9":"categoria-per-dieta-ecologic","10":"categoria-per-dieta-gourmet","12":"first","13":"instock","14":"taxable","15":"shipping-taxable","16":"purchasable","17":"product-type-variable","18":"has-default-attributes"},"acf":[],"_links":{"self":[{"href":"https:\/\/mitjavilaslowshop.com\/es\/wp-json\/wp\/v2\/product\/73157","targetHints":{"allow":["GET"]}}],"collection":[{"href":"https:\/\/mitjavilaslowshop.com\/es\/wp-json\/wp\/v2\/product"}],"about":[{"href":"https:\/\/mitjavilaslowshop.com\/es\/wp-json\/wp\/v2\/types\/product"}],"replies":[{"embeddable":true,"href":"https:\/\/mitjavilaslowshop.com\/es\/wp-json\/wp\/v2\/comments?post=73157"}],"version-history":[{"count":7,"href":"https:\/\/mitjavilaslowshop.com\/es\/wp-json\/wp\/v2\/product\/73157\/revisions"}],"predecessor-version":[{"id":91396,"href":"https:\/\/mitjavilaslowshop.com\/es\/wp-json\/wp\/v2\/product\/73157\/revisions\/91396"}],"wp:featuredmedia":[{"embeddable":true,"href":"https:\/\/mitjavilaslowshop.com\/es\/wp-json\/wp\/v2\/media\/73158"}],"wp:attachment":[{"href":"https:\/\/mitjavilaslowshop.com\/es\/wp-json\/wp\/v2\/media?parent=73157"}],"wp:term":[{"taxonomy":"product_brand","embeddable":true,"href":"https:\/\/mitjavilaslowshop.com\/es\/wp-json\/wp\/v2\/product_brand?post=73157"},{"taxonomy":"product_cat","embeddable":true,"href":"https:\/\/mitjavilaslowshop.com\/es\/wp-json\/wp\/v2\/product_cat?post=73157"},{"taxonomy":"product_tag","embeddable":true,"href":"https:\/\/mitjavilaslowshop.com\/es\/wp-json\/wp\/v2\/product_tag?post=73157"}],"curies":[{"name":"wp","href":"https:\/\/api.w.org\/{rel}","templated":true}]}}