{"id":73153,"date":"2026-01-04T18:22:19","date_gmt":"2026-01-04T18:22:19","guid":{"rendered":"https:\/\/mitjavilaslowshop.com\/producte\/flocs-blat-de-moro-xoco\/"},"modified":"2026-04-10T15:49:34","modified_gmt":"2026-04-10T15:49:34","slug":"flocos-de-maiz-chocolateados","status":"publish","type":"product","link":"https:\/\/mitjavilaslowshop.com\/es\/producte\/flocos-de-maiz-chocolateados\/","title":{"rendered":"COPOS DE MA\u00cdZ CHOCOLATEADOS"},"content":{"rendered":"<p>Los copos de ma\u00edz con chocolate ofrecen una mezcla ideal de sabor y energ\u00eda para comenzar el d\u00eda. Hechos con ma\u00edz 100% natural y recubiertos con chocolate de alta calidad, son perfectos para desayunos, meriendas y postres.<\/p>\n<p> Origen: nacional<\/p>\n","protected":false},"excerpt":{"rendered":"<p>Los copos de ma\u00edz con chocolate ofrecen una mezcla ideal de sabor y energ\u00eda para comenzar el d\u00eda. Hechos con ma\u00edz 100% natural y recubiertos con chocolate de alta calidad, son perfectos para desayunos, meriendas y postres. Origen: nacional<\/p>\n","protected":false},"featured_media":73154,"comment_status":"open","ping_status":"closed","template":"","meta":{"_acf_changed":false,"_joinchat":[]},"product_brand":[440,572],"product_cat":[347],"product_tag":[],"class_list":{"0":"post-73153","1":"product","2":"type-product","3":"status-publish","4":"has-post-thumbnail","6":"product_brand-ecologic","7":"product_brand-gourmet","8":"product_cat-cereales-de-desayuno","9":"categoria-per-dieta-ecologic","10":"categoria-per-dieta-gourmet","12":"first","13":"instock","14":"taxable","15":"shipping-taxable","16":"purchasable","17":"product-type-variable","18":"has-default-attributes"},"acf":[],"_links":{"self":[{"href":"https:\/\/mitjavilaslowshop.com\/es\/wp-json\/wp\/v2\/product\/73153","targetHints":{"allow":["GET"]}}],"collection":[{"href":"https:\/\/mitjavilaslowshop.com\/es\/wp-json\/wp\/v2\/product"}],"about":[{"href":"https:\/\/mitjavilaslowshop.com\/es\/wp-json\/wp\/v2\/types\/product"}],"replies":[{"embeddable":true,"href":"https:\/\/mitjavilaslowshop.com\/es\/wp-json\/wp\/v2\/comments?post=73153"}],"version-history":[{"count":7,"href":"https:\/\/mitjavilaslowshop.com\/es\/wp-json\/wp\/v2\/product\/73153\/revisions"}],"predecessor-version":[{"id":91751,"href":"https:\/\/mitjavilaslowshop.com\/es\/wp-json\/wp\/v2\/product\/73153\/revisions\/91751"}],"wp:featuredmedia":[{"embeddable":true,"href":"https:\/\/mitjavilaslowshop.com\/es\/wp-json\/wp\/v2\/media\/73154"}],"wp:attachment":[{"href":"https:\/\/mitjavilaslowshop.com\/es\/wp-json\/wp\/v2\/media?parent=73153"}],"wp:term":[{"taxonomy":"product_brand","embeddable":true,"href":"https:\/\/mitjavilaslowshop.com\/es\/wp-json\/wp\/v2\/product_brand?post=73153"},{"taxonomy":"product_cat","embeddable":true,"href":"https:\/\/mitjavilaslowshop.com\/es\/wp-json\/wp\/v2\/product_cat?post=73153"},{"taxonomy":"product_tag","embeddable":true,"href":"https:\/\/mitjavilaslowshop.com\/es\/wp-json\/wp\/v2\/product_tag?post=73153"}],"curies":[{"name":"wp","href":"https:\/\/api.w.org\/{rel}","templated":true}]}}