{"id":73137,"date":"2026-01-04T18:23:15","date_gmt":"2026-01-04T18:23:15","guid":{"rendered":"https:\/\/mitjavilaslowshop.com\/producte\/pinyo-catala\/"},"modified":"2026-03-17T13:51:08","modified_gmt":"2026-03-17T13:51:08","slug":"pinyo-catalan","status":"publish","type":"product","link":"https:\/\/mitjavilaslowshop.com\/es\/producte\/pinyo-catalan\/","title":{"rendered":"PINYO CATAL\u00c1N"},"content":{"rendered":"<p>El pi\u00f1\u00f3n catal\u00e1n es un fruto seco de alta calidad, reconocido por su textura fina y sabor suave. Perfecto para reposter\u00eda, cocina innovadora o como un snack saludable. Aporta prote\u00ednas vegetales, grasas beneficiosas, vitaminas y minerales, siendo un ingrediente clave en recetas tradicionales como los panellets.<\/p>\n<p> Origen: Catalu\u00f1a<\/p>\n","protected":false},"excerpt":{"rendered":"<p>El pi\u00f1\u00f3n catal\u00e1n es un fruto seco de alta calidad, reconocido por su textura fina y sabor suave. Perfecto para reposter\u00eda, cocina innovadora o como un snack saludable. Aporta prote\u00ednas vegetales, grasas beneficiosas, vitaminas y minerales, siendo un ingrediente clave en recetas tradicionales como los panellets. Origen: Catalu\u00f1a<\/p>\n","protected":false},"featured_media":73138,"comment_status":"open","ping_status":"closed","template":"","meta":{"_acf_changed":false,"_joinchat":[]},"product_brand":[440,572],"product_cat":[335],"product_tag":[],"class_list":{"0":"post-73137","1":"product","2":"type-product","3":"status-publish","4":"has-post-thumbnail","6":"product_brand-ecologic","7":"product_brand-gourmet","8":"product_cat-frutos-secos","9":"categoria-per-dieta-ecologic","10":"categoria-per-dieta-gourmet","12":"first","13":"instock","14":"featured","15":"taxable","16":"shipping-taxable","17":"purchasable","18":"product-type-variable","19":"has-default-attributes"},"acf":[],"_links":{"self":[{"href":"https:\/\/mitjavilaslowshop.com\/es\/wp-json\/wp\/v2\/product\/73137","targetHints":{"allow":["GET"]}}],"collection":[{"href":"https:\/\/mitjavilaslowshop.com\/es\/wp-json\/wp\/v2\/product"}],"about":[{"href":"https:\/\/mitjavilaslowshop.com\/es\/wp-json\/wp\/v2\/types\/product"}],"replies":[{"embeddable":true,"href":"https:\/\/mitjavilaslowshop.com\/es\/wp-json\/wp\/v2\/comments?post=73137"}],"version-history":[{"count":6,"href":"https:\/\/mitjavilaslowshop.com\/es\/wp-json\/wp\/v2\/product\/73137\/revisions"}],"predecessor-version":[{"id":81727,"href":"https:\/\/mitjavilaslowshop.com\/es\/wp-json\/wp\/v2\/product\/73137\/revisions\/81727"}],"wp:featuredmedia":[{"embeddable":true,"href":"https:\/\/mitjavilaslowshop.com\/es\/wp-json\/wp\/v2\/media\/73138"}],"wp:attachment":[{"href":"https:\/\/mitjavilaslowshop.com\/es\/wp-json\/wp\/v2\/media?parent=73137"}],"wp:term":[{"taxonomy":"product_brand","embeddable":true,"href":"https:\/\/mitjavilaslowshop.com\/es\/wp-json\/wp\/v2\/product_brand?post=73137"},{"taxonomy":"product_cat","embeddable":true,"href":"https:\/\/mitjavilaslowshop.com\/es\/wp-json\/wp\/v2\/product_cat?post=73137"},{"taxonomy":"product_tag","embeddable":true,"href":"https:\/\/mitjavilaslowshop.com\/es\/wp-json\/wp\/v2\/product_tag?post=73137"}],"curies":[{"name":"wp","href":"https:\/\/api.w.org\/{rel}","templated":true}]}}