{"id":73125,"date":"2026-01-04T18:23:16","date_gmt":"2026-01-04T18:23:16","guid":{"rendered":"https:\/\/mitjavilaslowshop.com\/producte\/cacauet-wasabi\/"},"modified":"2026-03-17T13:51:07","modified_gmt":"2026-03-17T13:51:07","slug":"cacahuete-wasabi","status":"publish","type":"product","link":"https:\/\/mitjavilaslowshop.com\/es\/producte\/cacahuete-wasabi\/","title":{"rendered":"CACAHUETE WASABI"},"content":{"rendered":"<p>Elaborados con una combinaci\u00f3n de cacahuetes premium y polvo de wasabi, estos snacks ofrecen un sabor picante y ex\u00f3tico. Contienen gluten por la harina de trigo empleada en su elaboraci\u00f3n.<\/p>\n<p> Origen: China<\/p>\n","protected":false},"excerpt":{"rendered":"<p>Elaborados con una combinaci\u00f3n de cacahuetes premium y polvo de wasabi, estos snacks ofrecen un sabor picante y ex\u00f3tico. Contienen gluten por la harina de trigo empleada en su elaboraci\u00f3n. Origen: China<\/p>\n","protected":false},"featured_media":73126,"comment_status":"open","ping_status":"closed","template":"","meta":{"_acf_changed":false,"_joinchat":[]},"product_brand":[440],"product_cat":[335],"product_tag":[],"class_list":{"0":"post-73125","1":"product","2":"type-product","3":"status-publish","4":"has-post-thumbnail","6":"product_brand-ecologic","7":"product_cat-frutos-secos","8":"categoria-per-dieta-ecologic","10":"first","11":"instock","12":"taxable","13":"shipping-taxable","14":"purchasable","15":"product-type-variable"},"acf":[],"_links":{"self":[{"href":"https:\/\/mitjavilaslowshop.com\/es\/wp-json\/wp\/v2\/product\/73125","targetHints":{"allow":["GET"]}}],"collection":[{"href":"https:\/\/mitjavilaslowshop.com\/es\/wp-json\/wp\/v2\/product"}],"about":[{"href":"https:\/\/mitjavilaslowshop.com\/es\/wp-json\/wp\/v2\/types\/product"}],"replies":[{"embeddable":true,"href":"https:\/\/mitjavilaslowshop.com\/es\/wp-json\/wp\/v2\/comments?post=73125"}],"version-history":[{"count":6,"href":"https:\/\/mitjavilaslowshop.com\/es\/wp-json\/wp\/v2\/product\/73125\/revisions"}],"predecessor-version":[{"id":81724,"href":"https:\/\/mitjavilaslowshop.com\/es\/wp-json\/wp\/v2\/product\/73125\/revisions\/81724"}],"wp:featuredmedia":[{"embeddable":true,"href":"https:\/\/mitjavilaslowshop.com\/es\/wp-json\/wp\/v2\/media\/73126"}],"wp:attachment":[{"href":"https:\/\/mitjavilaslowshop.com\/es\/wp-json\/wp\/v2\/media?parent=73125"}],"wp:term":[{"taxonomy":"product_brand","embeddable":true,"href":"https:\/\/mitjavilaslowshop.com\/es\/wp-json\/wp\/v2\/product_brand?post=73125"},{"taxonomy":"product_cat","embeddable":true,"href":"https:\/\/mitjavilaslowshop.com\/es\/wp-json\/wp\/v2\/product_cat?post=73125"},{"taxonomy":"product_tag","embeddable":true,"href":"https:\/\/mitjavilaslowshop.com\/es\/wp-json\/wp\/v2\/product_tag?post=73125"}],"curies":[{"name":"wp","href":"https:\/\/api.w.org\/{rel}","templated":true}]}}