{"id":73121,"date":"2026-01-04T18:23:17","date_gmt":"2026-01-04T18:23:17","guid":{"rendered":"https:\/\/mitjavilaslowshop.com\/producte\/orellana-pressec\/"},"modified":"2026-03-23T22:19:34","modified_gmt":"2026-03-23T22:19:34","slug":"orellana-melocoton","status":"publish","type":"product","link":"https:\/\/mitjavilaslowshop.com\/es\/producte\/orellana-melocoton\/","title":{"rendered":"ORELLANA MELOCOT\u00d3N"},"content":{"rendered":"<p>La orejilla de melocot\u00f3n es una opci\u00f3n sabrosa y nutritiva para disfrutar del verdadero sabor del melocot\u00f3n en cualquier \u00e9poca del a\u00f1o. Gracias a un proceso de deshidrataci\u00f3n natural, mantiene sus beneficios: alta en fibra, vitaminas y minerales, perfecta para una dieta equilibrada. Ideal como snack saludable, para incorporar en cereales, yogures o para aportar un toque especial a tus recetas dulces y saladas.<br \/>\nOrigen:<\/p>\n","protected":false},"excerpt":{"rendered":"<p>La orejilla de melocot\u00f3n es una opci\u00f3n sabrosa y nutritiva para disfrutar del verdadero sabor del melocot\u00f3n en cualquier \u00e9poca del a\u00f1o. Gracias a un proceso de deshidrataci\u00f3n natural, mantiene sus beneficios: alta en fibra, vitaminas y minerales, perfecta para una dieta equilibrada. Ideal como snack saludable, para incorporar en cereales, yogures o para aportar un toque especial a tus recetas dulces y saladas. Origen:<\/p>\n","protected":false},"featured_media":73122,"comment_status":"open","ping_status":"closed","template":"","meta":{"_acf_changed":false,"_joinchat":[]},"product_brand":[440,572],"product_cat":[335],"product_tag":[],"class_list":{"0":"post-73121","1":"product","2":"type-product","3":"status-publish","4":"has-post-thumbnail","6":"product_brand-ecologic","7":"product_brand-gourmet","8":"product_cat-frutos-secos","9":"categoria-per-dieta-ecologic","10":"categoria-per-dieta-gourmet","12":"first","13":"instock","14":"taxable","15":"shipping-taxable","16":"purchasable","17":"product-type-variable"},"acf":[],"_links":{"self":[{"href":"https:\/\/mitjavilaslowshop.com\/es\/wp-json\/wp\/v2\/product\/73121","targetHints":{"allow":["GET"]}}],"collection":[{"href":"https:\/\/mitjavilaslowshop.com\/es\/wp-json\/wp\/v2\/product"}],"about":[{"href":"https:\/\/mitjavilaslowshop.com\/es\/wp-json\/wp\/v2\/types\/product"}],"replies":[{"embeddable":true,"href":"https:\/\/mitjavilaslowshop.com\/es\/wp-json\/wp\/v2\/comments?post=73121"}],"version-history":[{"count":7,"href":"https:\/\/mitjavilaslowshop.com\/es\/wp-json\/wp\/v2\/product\/73121\/revisions"}],"predecessor-version":[{"id":84707,"href":"https:\/\/mitjavilaslowshop.com\/es\/wp-json\/wp\/v2\/product\/73121\/revisions\/84707"}],"wp:featuredmedia":[{"embeddable":true,"href":"https:\/\/mitjavilaslowshop.com\/es\/wp-json\/wp\/v2\/media\/73122"}],"wp:attachment":[{"href":"https:\/\/mitjavilaslowshop.com\/es\/wp-json\/wp\/v2\/media?parent=73121"}],"wp:term":[{"taxonomy":"product_brand","embeddable":true,"href":"https:\/\/mitjavilaslowshop.com\/es\/wp-json\/wp\/v2\/product_brand?post=73121"},{"taxonomy":"product_cat","embeddable":true,"href":"https:\/\/mitjavilaslowshop.com\/es\/wp-json\/wp\/v2\/product_cat?post=73121"},{"taxonomy":"product_tag","embeddable":true,"href":"https:\/\/mitjavilaslowshop.com\/es\/wp-json\/wp\/v2\/product_tag?post=73121"}],"curies":[{"name":"wp","href":"https:\/\/api.w.org\/{rel}","templated":true}]}}