{"id":73113,"date":"2026-01-04T18:23:18","date_gmt":"2026-01-04T18:23:18","guid":{"rendered":"https:\/\/mitjavilaslowshop.com\/producte\/figues-farinades\/"},"modified":"2026-03-17T13:51:05","modified_gmt":"2026-03-17T13:51:05","slug":"higos-harinosos","status":"publish","type":"product","link":"https:\/\/mitjavilaslowshop.com\/es\/producte\/higos-harinosos\/","title":{"rendered":"HIGOS HARINOSOS"},"content":{"rendered":"<p>Los higos harinosos son un producto tradicional y natural, elaborados con higos secos de alta calidad, recubiertos con una fina capa de harina que ayuda a conservarlos y realzar su sabor aut\u00e9ntico. Perfectos para disfrutar como un snack saludable, acompa\u00f1ar quesos o a\u00f1adir un toque especial a tus recetas.<br \/> Estos higos aportan fibra, minerales y antioxidantes, proporcionando energ\u00eda saludable y favoreciendo una dieta equilibrada.<\/p>\n<p> Origen:<\/p>\n","protected":false},"excerpt":{"rendered":"<p>Los higos harinosos son un producto tradicional y natural, elaborados con higos secos de alta calidad, recubiertos con una fina capa de harina que ayuda a conservarlos y realzar su sabor aut\u00e9ntico. Perfectos para disfrutar como un snack saludable, acompa\u00f1ar quesos o a\u00f1adir un toque especial a tus recetas. Estos higos aportan fibra, minerales y antioxidantes, proporcionando energ\u00eda saludable y favoreciendo una dieta equilibrada. Origen:<\/p>\n","protected":false},"featured_media":73114,"comment_status":"open","ping_status":"closed","template":"","meta":{"_acf_changed":false,"_joinchat":[]},"product_brand":[440],"product_cat":[335],"product_tag":[],"class_list":{"0":"post-73113","1":"product","2":"type-product","3":"status-publish","4":"has-post-thumbnail","6":"product_brand-ecologic","7":"product_cat-frutos-secos","8":"categoria-per-dieta-ecologic","10":"first","11":"instock","12":"taxable","13":"shipping-taxable","14":"purchasable","15":"product-type-variable"},"acf":[],"_links":{"self":[{"href":"https:\/\/mitjavilaslowshop.com\/es\/wp-json\/wp\/v2\/product\/73113","targetHints":{"allow":["GET"]}}],"collection":[{"href":"https:\/\/mitjavilaslowshop.com\/es\/wp-json\/wp\/v2\/product"}],"about":[{"href":"https:\/\/mitjavilaslowshop.com\/es\/wp-json\/wp\/v2\/types\/product"}],"replies":[{"embeddable":true,"href":"https:\/\/mitjavilaslowshop.com\/es\/wp-json\/wp\/v2\/comments?post=73113"}],"version-history":[{"count":6,"href":"https:\/\/mitjavilaslowshop.com\/es\/wp-json\/wp\/v2\/product\/73113\/revisions"}],"predecessor-version":[{"id":81722,"href":"https:\/\/mitjavilaslowshop.com\/es\/wp-json\/wp\/v2\/product\/73113\/revisions\/81722"}],"wp:featuredmedia":[{"embeddable":true,"href":"https:\/\/mitjavilaslowshop.com\/es\/wp-json\/wp\/v2\/media\/73114"}],"wp:attachment":[{"href":"https:\/\/mitjavilaslowshop.com\/es\/wp-json\/wp\/v2\/media?parent=73113"}],"wp:term":[{"taxonomy":"product_brand","embeddable":true,"href":"https:\/\/mitjavilaslowshop.com\/es\/wp-json\/wp\/v2\/product_brand?post=73113"},{"taxonomy":"product_cat","embeddable":true,"href":"https:\/\/mitjavilaslowshop.com\/es\/wp-json\/wp\/v2\/product_cat?post=73113"},{"taxonomy":"product_tag","embeddable":true,"href":"https:\/\/mitjavilaslowshop.com\/es\/wp-json\/wp\/v2\/product_tag?post=73113"}],"curies":[{"name":"wp","href":"https:\/\/api.w.org\/{rel}","templated":true}]}}