{"id":73109,"date":"2026-01-04T18:23:19","date_gmt":"2026-01-04T18:23:19","guid":{"rendered":"https:\/\/mitjavilaslowshop.com\/producte\/festuc-torrat-sal-eco\/"},"modified":"2026-03-23T22:14:53","modified_gmt":"2026-03-23T22:14:53","slug":"pistacho-tostado-salado-ecologico","status":"publish","type":"product","link":"https:\/\/mitjavilaslowshop.com\/es\/producte\/pistacho-tostado-salado-ecologico\/","title":{"rendered":"PISTACHO TOSTADO SALADO ECOL\u00d3GICO"},"content":{"rendered":"<p>El pistacho tostado ecol\u00f3gico con agua salada es un fruto seco premium, de tama\u00f1o grande y sabor intenso, ideal como snack gourmet. Su tostado cuidadoso realza su textura crujiente, perfecto para consumir solo, como aperitivo o para a\u00f1adir un toque especial a tus platos.<br \/>\nRicos en prote\u00ednas vegetales, fibra, vitaminas y minerales, los pistachos aportan energ\u00eda saludable y grasas beneficiosas, ideales para una dieta equilibrada.<\/p>\n<p>Origen: Nacional<\/p>\n","protected":false},"excerpt":{"rendered":"<p>El pistacho tostado ecol\u00f3gico con agua salada es un fruto seco premium, de tama\u00f1o grande y sabor intenso, ideal como snack gourmet. Su tostado cuidadoso realza su textura crujiente, perfecto para consumir solo, como aperitivo o para a\u00f1adir un toque especial a tus platos. Ricos en prote\u00ednas vegetales, fibra, vitaminas y minerales, los pistachos aportan energ\u00eda saludable y grasas beneficiosas, ideales para una dieta equilibrada. Origen: Nacional<\/p>\n","protected":false},"featured_media":73110,"comment_status":"open","ping_status":"closed","template":"","meta":{"_acf_changed":false,"_joinchat":[]},"product_brand":[440,572],"product_cat":[335],"product_tag":[],"class_list":{"0":"post-73109","1":"product","2":"type-product","3":"status-publish","4":"has-post-thumbnail","6":"product_brand-ecologic","7":"product_brand-gourmet","8":"product_cat-frutos-secos","9":"categoria-per-dieta-ecologic","10":"categoria-per-dieta-gourmet","12":"first","13":"instock","14":"taxable","15":"shipping-taxable","16":"purchasable","17":"product-type-variable"},"acf":[],"_links":{"self":[{"href":"https:\/\/mitjavilaslowshop.com\/es\/wp-json\/wp\/v2\/product\/73109","targetHints":{"allow":["GET"]}}],"collection":[{"href":"https:\/\/mitjavilaslowshop.com\/es\/wp-json\/wp\/v2\/product"}],"about":[{"href":"https:\/\/mitjavilaslowshop.com\/es\/wp-json\/wp\/v2\/types\/product"}],"replies":[{"embeddable":true,"href":"https:\/\/mitjavilaslowshop.com\/es\/wp-json\/wp\/v2\/comments?post=73109"}],"version-history":[{"count":7,"href":"https:\/\/mitjavilaslowshop.com\/es\/wp-json\/wp\/v2\/product\/73109\/revisions"}],"predecessor-version":[{"id":84705,"href":"https:\/\/mitjavilaslowshop.com\/es\/wp-json\/wp\/v2\/product\/73109\/revisions\/84705"}],"wp:featuredmedia":[{"embeddable":true,"href":"https:\/\/mitjavilaslowshop.com\/es\/wp-json\/wp\/v2\/media\/73110"}],"wp:attachment":[{"href":"https:\/\/mitjavilaslowshop.com\/es\/wp-json\/wp\/v2\/media?parent=73109"}],"wp:term":[{"taxonomy":"product_brand","embeddable":true,"href":"https:\/\/mitjavilaslowshop.com\/es\/wp-json\/wp\/v2\/product_brand?post=73109"},{"taxonomy":"product_cat","embeddable":true,"href":"https:\/\/mitjavilaslowshop.com\/es\/wp-json\/wp\/v2\/product_cat?post=73109"},{"taxonomy":"product_tag","embeddable":true,"href":"https:\/\/mitjavilaslowshop.com\/es\/wp-json\/wp\/v2\/product_tag?post=73109"}],"curies":[{"name":"wp","href":"https:\/\/api.w.org\/{rel}","templated":true}]}}