{"id":73105,"date":"2026-01-04T18:23:19","date_gmt":"2026-01-04T18:23:19","guid":{"rendered":"https:\/\/mitjavilaslowshop.com\/producte\/festuc-torrat-sense-sal-eco\/"},"modified":"2026-03-23T22:13:25","modified_gmt":"2026-03-23T22:13:25","slug":"pistachos-tostados-sin-sal-ecologicos","status":"publish","type":"product","link":"https:\/\/mitjavilaslowshop.com\/es\/producte\/pistachos-tostados-sin-sal-ecologicos\/","title":{"rendered":"PISTACHOS TOSTADOS SIN SAL ECOL\u00d3GICOS"},"content":{"rendered":"<p>El pistacho tostado ecol\u00f3gico sin sal es el snack perfecto para saborear el aut\u00e9ntico pistacho con una textura crujiente y sin sal a\u00f1adida. Ideal para una dieta saludable, aporta prote\u00ednas vegetales, fibra, vitaminas y minerales, ofreciendo energ\u00eda de calidad y grasas saludables.<\/p>\n<p>Origen: Nacional<\/p>\n","protected":false},"excerpt":{"rendered":"<p>El pistacho tostado ecol\u00f3gico sin sal es el snack perfecto para saborear el aut\u00e9ntico pistacho con una textura crujiente y sin sal a\u00f1adida. Ideal para una dieta saludable, aporta prote\u00ednas vegetales, fibra, vitaminas y minerales, ofreciendo energ\u00eda de calidad y grasas saludables. Origen: Nacional<\/p>\n","protected":false},"featured_media":73106,"comment_status":"open","ping_status":"closed","template":"","meta":{"_acf_changed":false,"_joinchat":[]},"product_brand":[440],"product_cat":[335],"product_tag":[],"class_list":{"0":"post-73105","1":"product","2":"type-product","3":"status-publish","4":"has-post-thumbnail","6":"product_brand-ecologic","7":"product_cat-frutos-secos","8":"categoria-per-dieta-ecologic","10":"first","11":"instock","12":"taxable","13":"shipping-taxable","14":"purchasable","15":"product-type-variable"},"acf":[],"_links":{"self":[{"href":"https:\/\/mitjavilaslowshop.com\/es\/wp-json\/wp\/v2\/product\/73105","targetHints":{"allow":["GET"]}}],"collection":[{"href":"https:\/\/mitjavilaslowshop.com\/es\/wp-json\/wp\/v2\/product"}],"about":[{"href":"https:\/\/mitjavilaslowshop.com\/es\/wp-json\/wp\/v2\/types\/product"}],"replies":[{"embeddable":true,"href":"https:\/\/mitjavilaslowshop.com\/es\/wp-json\/wp\/v2\/comments?post=73105"}],"version-history":[{"count":7,"href":"https:\/\/mitjavilaslowshop.com\/es\/wp-json\/wp\/v2\/product\/73105\/revisions"}],"predecessor-version":[{"id":84704,"href":"https:\/\/mitjavilaslowshop.com\/es\/wp-json\/wp\/v2\/product\/73105\/revisions\/84704"}],"wp:featuredmedia":[{"embeddable":true,"href":"https:\/\/mitjavilaslowshop.com\/es\/wp-json\/wp\/v2\/media\/73106"}],"wp:attachment":[{"href":"https:\/\/mitjavilaslowshop.com\/es\/wp-json\/wp\/v2\/media?parent=73105"}],"wp:term":[{"taxonomy":"product_brand","embeddable":true,"href":"https:\/\/mitjavilaslowshop.com\/es\/wp-json\/wp\/v2\/product_brand?post=73105"},{"taxonomy":"product_cat","embeddable":true,"href":"https:\/\/mitjavilaslowshop.com\/es\/wp-json\/wp\/v2\/product_cat?post=73105"},{"taxonomy":"product_tag","embeddable":true,"href":"https:\/\/mitjavilaslowshop.com\/es\/wp-json\/wp\/v2\/product_tag?post=73105"}],"curies":[{"name":"wp","href":"https:\/\/api.w.org\/{rel}","templated":true}]}}