{"id":73101,"date":"2026-01-04T18:23:20","date_gmt":"2026-01-04T18:23:20","guid":{"rendered":"https:\/\/mitjavilaslowshop.com\/producte\/ametlla-marcona-crua-repelada\/"},"modified":"2026-03-17T13:51:05","modified_gmt":"2026-03-17T13:51:05","slug":"almendra-marcona-cruda-pelada","status":"publish","type":"product","link":"https:\/\/mitjavilaslowshop.com\/es\/producte\/almendra-marcona-cruda-pelada\/","title":{"rendered":"ALMENDRA MARCONA CRUDA PELADA"},"content":{"rendered":"<p>La almendra Marcona cruda pelada es reconocida como una variedad gourmet por su textura suave y sabor delicado. Sin piel ni tostado, mantiene todas sus propiedades naturales, siendo una excelente fuente de prote\u00ednas vegetales, fibra, vitaminas y minerales. Es ideal para una dieta saludable y para preparar recetas de reposter\u00eda de alta calidad.<br \/> Perfecta para elaborar postres tradicionales como turrones y panellets, as\u00ed como para a\u00f1adir un toque especial a platos salados.<\/p>\n<p> Origen: Nacional<\/p>\n","protected":false},"excerpt":{"rendered":"<p>La almendra Marcona cruda pelada es reconocida como una variedad gourmet por su textura suave y sabor delicado. Sin piel ni tostado, mantiene todas sus propiedades naturales, siendo una excelente fuente de prote\u00ednas vegetales, fibra, vitaminas y minerales. Es ideal para una dieta saludable y para preparar recetas de reposter\u00eda de alta calidad. Perfecta para elaborar postres tradicionales como turrones y panellets, as\u00ed como para a\u00f1adir un toque especial a platos salados. Origen: Nacional<\/p>\n","protected":false},"featured_media":73102,"comment_status":"open","ping_status":"closed","template":"","meta":{"_acf_changed":false,"_joinchat":[]},"product_brand":[440,572],"product_cat":[335],"product_tag":[],"class_list":{"0":"post-73101","1":"product","2":"type-product","3":"status-publish","4":"has-post-thumbnail","6":"product_brand-ecologic","7":"product_brand-gourmet","8":"product_cat-frutos-secos","9":"categoria-per-dieta-ecologic","10":"categoria-per-dieta-gourmet","12":"first","13":"instock","14":"taxable","15":"shipping-taxable","16":"purchasable","17":"product-type-variable"},"acf":[],"_links":{"self":[{"href":"https:\/\/mitjavilaslowshop.com\/es\/wp-json\/wp\/v2\/product\/73101","targetHints":{"allow":["GET"]}}],"collection":[{"href":"https:\/\/mitjavilaslowshop.com\/es\/wp-json\/wp\/v2\/product"}],"about":[{"href":"https:\/\/mitjavilaslowshop.com\/es\/wp-json\/wp\/v2\/types\/product"}],"replies":[{"embeddable":true,"href":"https:\/\/mitjavilaslowshop.com\/es\/wp-json\/wp\/v2\/comments?post=73101"}],"version-history":[{"count":6,"href":"https:\/\/mitjavilaslowshop.com\/es\/wp-json\/wp\/v2\/product\/73101\/revisions"}],"predecessor-version":[{"id":81719,"href":"https:\/\/mitjavilaslowshop.com\/es\/wp-json\/wp\/v2\/product\/73101\/revisions\/81719"}],"wp:featuredmedia":[{"embeddable":true,"href":"https:\/\/mitjavilaslowshop.com\/es\/wp-json\/wp\/v2\/media\/73102"}],"wp:attachment":[{"href":"https:\/\/mitjavilaslowshop.com\/es\/wp-json\/wp\/v2\/media?parent=73101"}],"wp:term":[{"taxonomy":"product_brand","embeddable":true,"href":"https:\/\/mitjavilaslowshop.com\/es\/wp-json\/wp\/v2\/product_brand?post=73101"},{"taxonomy":"product_cat","embeddable":true,"href":"https:\/\/mitjavilaslowshop.com\/es\/wp-json\/wp\/v2\/product_cat?post=73101"},{"taxonomy":"product_tag","embeddable":true,"href":"https:\/\/mitjavilaslowshop.com\/es\/wp-json\/wp\/v2\/product_tag?post=73101"}],"curies":[{"name":"wp","href":"https:\/\/api.w.org\/{rel}","templated":true}]}}