{"id":73065,"date":"2026-01-04T18:23:25","date_gmt":"2026-01-04T18:23:25","guid":{"rendered":"https:\/\/mitjavilaslowshop.com\/producte\/anacard-cru-gran\/"},"modified":"2026-03-17T13:51:02","modified_gmt":"2026-03-17T13:51:02","slug":"anacardo-crudo-grande","status":"publish","type":"product","link":"https:\/\/mitjavilaslowshop.com\/es\/producte\/anacardo-crudo-grande\/","title":{"rendered":"ANACARDO CRUDO GRANDE"},"content":{"rendered":"<p>El anacardo crudo grande es un fruto seco de alta calidad, perfecto para una dieta saludable y balanceada. Sin fre\u00edr ni salar, mantiene todas sus propiedades naturales, siendo una excelente fuente de prote\u00ednas vegetales, fibra, vitaminas y minerales. Proporciona energ\u00eda saludable y grasas beneficiosas.<br \/> Ideal para consumir como snack natural, incorporar en ensaladas, platos salados o recetas dulces.<br \/> Origen: Asia<\/p>\n","protected":false},"excerpt":{"rendered":"<p>El anacardo crudo grande es un fruto seco de alta calidad, perfecto para una dieta saludable y balanceada. Sin fre\u00edr ni salar, mantiene todas sus propiedades naturales, siendo una excelente fuente de prote\u00ednas vegetales, fibra, vitaminas y minerales. Proporciona energ\u00eda saludable y grasas beneficiosas. Ideal para consumir como snack natural, incorporar en ensaladas, platos salados o recetas dulces. Origen: Asia<\/p>\n","protected":false},"featured_media":73066,"comment_status":"open","ping_status":"closed","template":"","meta":{"_acf_changed":false,"_joinchat":[]},"product_brand":[440],"product_cat":[335],"product_tag":[],"class_list":{"0":"post-73065","1":"product","2":"type-product","3":"status-publish","4":"has-post-thumbnail","6":"product_brand-ecologic","7":"product_cat-frutos-secos","8":"categoria-per-dieta-ecologic","10":"first","11":"instock","12":"taxable","13":"shipping-taxable","14":"purchasable","15":"product-type-variable"},"acf":[],"_links":{"self":[{"href":"https:\/\/mitjavilaslowshop.com\/es\/wp-json\/wp\/v2\/product\/73065","targetHints":{"allow":["GET"]}}],"collection":[{"href":"https:\/\/mitjavilaslowshop.com\/es\/wp-json\/wp\/v2\/product"}],"about":[{"href":"https:\/\/mitjavilaslowshop.com\/es\/wp-json\/wp\/v2\/types\/product"}],"replies":[{"embeddable":true,"href":"https:\/\/mitjavilaslowshop.com\/es\/wp-json\/wp\/v2\/comments?post=73065"}],"version-history":[{"count":6,"href":"https:\/\/mitjavilaslowshop.com\/es\/wp-json\/wp\/v2\/product\/73065\/revisions"}],"predecessor-version":[{"id":81710,"href":"https:\/\/mitjavilaslowshop.com\/es\/wp-json\/wp\/v2\/product\/73065\/revisions\/81710"}],"wp:featuredmedia":[{"embeddable":true,"href":"https:\/\/mitjavilaslowshop.com\/es\/wp-json\/wp\/v2\/media\/73066"}],"wp:attachment":[{"href":"https:\/\/mitjavilaslowshop.com\/es\/wp-json\/wp\/v2\/media?parent=73065"}],"wp:term":[{"taxonomy":"product_brand","embeddable":true,"href":"https:\/\/mitjavilaslowshop.com\/es\/wp-json\/wp\/v2\/product_brand?post=73065"},{"taxonomy":"product_cat","embeddable":true,"href":"https:\/\/mitjavilaslowshop.com\/es\/wp-json\/wp\/v2\/product_cat?post=73065"},{"taxonomy":"product_tag","embeddable":true,"href":"https:\/\/mitjavilaslowshop.com\/es\/wp-json\/wp\/v2\/product_tag?post=73065"}],"curies":[{"name":"wp","href":"https:\/\/api.w.org\/{rel}","templated":true}]}}