{"id":73053,"date":"2026-01-04T18:23:27","date_gmt":"2026-01-04T18:23:27","guid":{"rendered":"https:\/\/mitjavilaslowshop.com\/producte\/macadamia-crua\/"},"modified":"2026-03-17T13:51:00","modified_gmt":"2026-03-17T13:51:00","slug":"macadamia-cruda","status":"publish","type":"product","link":"https:\/\/mitjavilaslowshop.com\/es\/producte\/macadamia-cruda\/","title":{"rendered":"MACADAMIA CRUDA"},"content":{"rendered":"<p>La nuez de macadamia cruda es un fruto seco gourmet con una textura suave y cremosa y un sabor delicado, ideal para ensaladas, bowls, postres o como snack saludable. Rica en grasas saludables, prote\u00ednas vegetales y minerales esenciales, es perfecta para cuidar el coraz\u00f3n y aportar energ\u00eda de calidad.<br \/>Origen: Australia<\/p>\n","protected":false},"excerpt":{"rendered":"<p>La nuez de macadamia cruda es un fruto seco gourmet con una textura suave y cremosa y un sabor delicado, ideal para ensaladas, bowls, postres o como snack saludable. Rica en grasas saludables, prote\u00ednas vegetales y minerales esenciales, es perfecta para cuidar el coraz\u00f3n y aportar energ\u00eda de calidad.Origen: Australia<\/p>\n","protected":false},"featured_media":73054,"comment_status":"open","ping_status":"closed","template":"","meta":{"_acf_changed":false,"_joinchat":[]},"product_brand":[440],"product_cat":[335],"product_tag":[],"class_list":{"0":"post-73053","1":"product","2":"type-product","3":"status-publish","4":"has-post-thumbnail","6":"product_brand-ecologic","7":"product_cat-frutos-secos","8":"categoria-per-dieta-ecologic","10":"first","11":"instock","12":"taxable","13":"shipping-taxable","14":"purchasable","15":"product-type-variable"},"acf":[],"_links":{"self":[{"href":"https:\/\/mitjavilaslowshop.com\/es\/wp-json\/wp\/v2\/product\/73053","targetHints":{"allow":["GET"]}}],"collection":[{"href":"https:\/\/mitjavilaslowshop.com\/es\/wp-json\/wp\/v2\/product"}],"about":[{"href":"https:\/\/mitjavilaslowshop.com\/es\/wp-json\/wp\/v2\/types\/product"}],"replies":[{"embeddable":true,"href":"https:\/\/mitjavilaslowshop.com\/es\/wp-json\/wp\/v2\/comments?post=73053"}],"version-history":[{"count":6,"href":"https:\/\/mitjavilaslowshop.com\/es\/wp-json\/wp\/v2\/product\/73053\/revisions"}],"predecessor-version":[{"id":81707,"href":"https:\/\/mitjavilaslowshop.com\/es\/wp-json\/wp\/v2\/product\/73053\/revisions\/81707"}],"wp:featuredmedia":[{"embeddable":true,"href":"https:\/\/mitjavilaslowshop.com\/es\/wp-json\/wp\/v2\/media\/73054"}],"wp:attachment":[{"href":"https:\/\/mitjavilaslowshop.com\/es\/wp-json\/wp\/v2\/media?parent=73053"}],"wp:term":[{"taxonomy":"product_brand","embeddable":true,"href":"https:\/\/mitjavilaslowshop.com\/es\/wp-json\/wp\/v2\/product_brand?post=73053"},{"taxonomy":"product_cat","embeddable":true,"href":"https:\/\/mitjavilaslowshop.com\/es\/wp-json\/wp\/v2\/product_cat?post=73053"},{"taxonomy":"product_tag","embeddable":true,"href":"https:\/\/mitjavilaslowshop.com\/es\/wp-json\/wp\/v2\/product_tag?post=73053"}],"curies":[{"name":"wp","href":"https:\/\/api.w.org\/{rel}","templated":true}]}}