{"id":73049,"date":"2026-01-04T18:23:27","date_gmt":"2026-01-04T18:23:27","guid":{"rendered":"https:\/\/mitjavilaslowshop.com\/producte\/macadamia-torrada\/"},"modified":"2026-03-17T13:50:59","modified_gmt":"2026-03-17T13:50:59","slug":"macadamia-tostada","status":"publish","type":"product","link":"https:\/\/mitjavilaslowshop.com\/es\/producte\/macadamia-tostada\/","title":{"rendered":"MACADAMIA TOSTADA"},"content":{"rendered":"<p>La nuez de macadamia tostada es un fruto seco premium con una textura suave y un sabor delicado, ideal para ensaladas, postres o como un snack saludable. Rica en grasas saludables, prote\u00ednas vegetales y minerales esenciales, contribuye al cuidado del coraz\u00f3n y proporciona energ\u00eda de calidad.<br \/>Origen: Australia<\/p>\n","protected":false},"excerpt":{"rendered":"<p>La nuez de macadamia tostada es un fruto seco premium con una textura suave y un sabor delicado, ideal para ensaladas, postres o como un snack saludable. Rica en grasas saludables, prote\u00ednas vegetales y minerales esenciales, contribuye al cuidado del coraz\u00f3n y proporciona energ\u00eda de calidad.Origen: Australia<\/p>\n","protected":false},"featured_media":73050,"comment_status":"open","ping_status":"closed","template":"","meta":{"_acf_changed":false,"_joinchat":[]},"product_brand":[440,572],"product_cat":[335],"product_tag":[],"class_list":{"0":"post-73049","1":"product","2":"type-product","3":"status-publish","4":"has-post-thumbnail","6":"product_brand-ecologic","7":"product_brand-gourmet","8":"product_cat-frutos-secos","9":"categoria-per-dieta-ecologic","10":"categoria-per-dieta-gourmet","12":"first","13":"instock","14":"taxable","15":"shipping-taxable","16":"purchasable","17":"product-type-variable"},"acf":[],"_links":{"self":[{"href":"https:\/\/mitjavilaslowshop.com\/es\/wp-json\/wp\/v2\/product\/73049","targetHints":{"allow":["GET"]}}],"collection":[{"href":"https:\/\/mitjavilaslowshop.com\/es\/wp-json\/wp\/v2\/product"}],"about":[{"href":"https:\/\/mitjavilaslowshop.com\/es\/wp-json\/wp\/v2\/types\/product"}],"replies":[{"embeddable":true,"href":"https:\/\/mitjavilaslowshop.com\/es\/wp-json\/wp\/v2\/comments?post=73049"}],"version-history":[{"count":6,"href":"https:\/\/mitjavilaslowshop.com\/es\/wp-json\/wp\/v2\/product\/73049\/revisions"}],"predecessor-version":[{"id":81706,"href":"https:\/\/mitjavilaslowshop.com\/es\/wp-json\/wp\/v2\/product\/73049\/revisions\/81706"}],"wp:featuredmedia":[{"embeddable":true,"href":"https:\/\/mitjavilaslowshop.com\/es\/wp-json\/wp\/v2\/media\/73050"}],"wp:attachment":[{"href":"https:\/\/mitjavilaslowshop.com\/es\/wp-json\/wp\/v2\/media?parent=73049"}],"wp:term":[{"taxonomy":"product_brand","embeddable":true,"href":"https:\/\/mitjavilaslowshop.com\/es\/wp-json\/wp\/v2\/product_brand?post=73049"},{"taxonomy":"product_cat","embeddable":true,"href":"https:\/\/mitjavilaslowshop.com\/es\/wp-json\/wp\/v2\/product_cat?post=73049"},{"taxonomy":"product_tag","embeddable":true,"href":"https:\/\/mitjavilaslowshop.com\/es\/wp-json\/wp\/v2\/product_tag?post=73049"}],"curies":[{"name":"wp","href":"https:\/\/api.w.org\/{rel}","templated":true}]}}